{"id":55356,"date":"2024-10-01T16:11:34","date_gmt":"2024-10-01T16:11:34","guid":{"rendered":"https:\/\/de-prime.com\/?p=55356"},"modified":"2024-10-01T16:40:15","modified_gmt":"2024-10-01T16:40:15","slug":"langhantel-und-kurzhantel-mit-gewichten-60-kg-3","status":"publish","type":"product","link":"https:\/\/de-prime.com\/index.php\/product\/langhantel-und-kurzhantel-mit-gewichten-60-kg-3\/","title":{"rendered":"Langhantel und Kurzhantel mit Gewichten 60 kg"},"content":{"rendered":"<p>Dieses vielseitige Set aus Langhantel und Kurzhanteln mit Hantelscheiben ist die perfekte Wahl f\u00fcr alle, die nach verschiedenen Workout-Optionen suchen. Strapazierf\u00e4higes Material: Aus verchromtem Stahl gefertigt, ist die Langhantel sicherlich robust und stabil. Zudem ist die Hantelscheibe aus Zement gefertigt und mit robustem, bodenschonendem Kunststoff \u00fcberzogen. Auf diese Weise wird das l\u00e4stige Klappern der Gewichte vermieden.Hantelscheiben-Set: Mit den 4 verschiedenen Gewichten, 4 x 2,5 kg, 6 x 1,25 kg, 2 x 5 kg, 2 x 10 kg, kannst du dein Krafttraining ganz nach Belieben gestalten. Die verschiedenen Hantelscheiben werden deinen unterschiedlichen Trainingsbed\u00fcrfnissen immer gerecht.Deutlich gestanztes Gewicht: Das Gewicht ist auf jeder Gewichtsscheibe deutlich gestanzt, um eine schnelle und einfache Identifizierung zu erm\u00f6glichen.Multifunktionale Hantel: Das multifunktionale Hantelset eignet sich f\u00fcr das Trainieren der Brust-, Bizeps-, Arm-, Trizeps- und R\u00fcckenmuskulatur.Praktischer Sternverschluss: Die sternf\u00f6rmigen Verschl\u00fcsse sorgen daf\u00fcr, dass die Hantelscheiben sicher an ihrem Platz bleiben. Hinweis:Jedes Produkt wird mit einer Montageanleitung in der Verpackung f\u00fcr eine einfache Montage geliefert.<\/p>\n<ul>\n<li>Farbe: Schwarz<\/li>\n<li>Material der Langhantel: Verchromter Stahl, Zement mit Kunststoffbeschichtung, PE-Geh\u00e4use mit Zementf\u00fcllung<\/li>\n<li>Gr\u00f6\u00dfe der Langhantelstange (gerade): 2,5 x 165 cm (Durchmesser x L)<\/li>\n<li>Gr\u00f6\u00dfe der Langhantelstange (gebogen): 2,5 x 120 cm (Durchmesser x L)<\/li>\n<li>Gr\u00f6\u00dfe der Kurzhantelstange: 2,5 x 45 cm (Durchmesser x L)<\/li>\n<li>Durchmesser der 2,5-kg-Gewichtsscheiben: 21,5 cm<\/li>\n<li>Durchmesser der 1,25-kg-Gewichtsscheiben: 18 cm<\/li>\n<li>Durchmesser der 10-kg-Hantelscheiben: 31 cm<\/li>\n<li>Durchmesser der 5-kg-Hantelscheiben: 26 cm<\/li>\n<li>Gesamtgewicht: 60 kg<\/li>\n<li>Lochdurchmesser: 2,7 cm<\/li>\n<li>Gewicht der Langhantelstange (gerade): 6,4 kg<\/li>\n<li>Gewicht der Langhantelstange (gebogen): 5,2 kg<\/li>\n<li>Gewicht der Kurzhantelstange: 0,5 kg<\/li>\n<li>Gewicht der Hantelscheiben: 4 x 2,5 kg, 6 x 1,25 kg, 2 x 5 kg, 2 x 10 kg<\/li>\n<li>Maximale Tragf\u00e4higkeit der Hantelstange (120 cm): 120 kg<\/li>\n<li>Maximale Tragf\u00e4higkeit der Hantelstange (165 cm): 100 kg<\/li>\n<li><strong>Lieferung umfasst:<\/strong><\/li>\n<li>1 x Langhantelstange (gerade)<\/li>\n<li>1 x Langhantelstange (gebogen)<\/li>\n<li>2 x Hantelstange<\/li>\n<li>4 x Hantelscheibe (2,5 kg)<\/li>\n<li>6 x Hantelscheibe (1,25 kg)<\/li>\n<li>2 x Hantelscheibe (10 kg)<\/li>\n<li>2 x Scheibe (5 kg)<\/li>\n<li>4 x Metall-Sternverschluss (f\u00fcr Langhantel)<\/li>\n<li>4 x Kunststoff-Sternverschluss (f\u00fcr Kurzhantel)<\/li>\n<\/ul>\n","protected":false},"excerpt":{"rendered":"<ul>\n<li>Farbe: Schwarz<\/li>\n<li>Material der Langhantel: Verchromter Stahl, Zement mit Kunststoffbeschichtung, PE-Geh\u00e4use mit Zementf\u00fcllung<\/li>\n<li>Gr\u00f6\u00dfe der Langhantelstange (gerade): 2,5 x 165 cm (Durchmesser x L)<\/li>\n<li>Gr\u00f6\u00dfe der Langhantelstange (gebogen): 2,5 x 120 cm (Durchmesser x L)<\/li>\n<li>Gr\u00f6\u00dfe der Kurzhantelstange: 2,5 x 45 cm (Durchmesser x L)<\/li>\n<li>Durchmesser der 2,5-kg-Gewichtsscheiben: 21,5 cm<\/li>\n<li>Durchmesser der 1,25-kg-Gewichtsscheiben: 18 cm<\/li>\n<li>Durchmesser der 10-kg-Hantelscheiben: 31 cm<\/li>\n<li>Durchmesser der 5-kg-Hantelscheiben: 26 cm<\/li>\n<li>Gesamtgewicht: 60 kg<\/li>\n<li>Lochdurchmesser: 2,7 cm<\/li>\n<li>Gewicht der Langhantelstange (gerade): 6,4 kg<\/li>\n<li>Gewicht der Langhantelstange (gebogen): 5,2 kg<\/li>\n<li>Gewicht der Kurzhantelstange: 0,5 kg<\/li>\n<li>Gewicht der Hantelscheiben: 4 x 2,5 kg, 6 x 1,25 kg, 2 x 5 kg, 2 x 10 kg<\/li>\n<li>Maximale Tragf\u00e4higkeit der Hantelstange (120 cm): 120 kg<\/li>\n<li>Maximale Tragf\u00e4higkeit der Hantelstange (165 cm): 100 kg<\/li>\n<li><strong>Lieferung umfasst:<\/strong><\/li>\n<li>1 x Langhantelstange (gerade)<\/li>\n<li>1 x Langhantelstange (gebogen)<\/li>\n<li>2 x Hantelstange<\/li>\n<li>4 x Hantelscheibe (2,5 kg)<\/li>\n<li>6 x Hantelscheibe (1,25 kg)<\/li>\n<li>2 x Hantelscheibe (10 kg)<\/li>\n<li>2 x Scheibe (5 kg)<\/li>\n<li>4 x Metall-Sternverschluss (f\u00fcr Langhantel)<\/li>\n<li>4 x Kunststoff-Sternverschluss (f\u00fcr Kurzhantel)<\/li>\n<\/ul>\n","protected":false},"featured_media":10000055356,"comment_status":"closed","ping_status":"closed","template":"","meta":[],"product_brand":[],"product_cat":[6846,6899,6900,6836],"product_tag":[],"class_list":{"0":"post-55356","1":"product","2":"type-product","3":"status-publish","4":"has-post-thumbnail","6":"product_cat-fitness","7":"product_cat-gewichtheben","8":"product_cat-hanteln-gewichte","9":"product_cat-sportartikel","11":"first","12":"outofstock","13":"taxable","14":"shipping-taxable","15":"purchasable","16":"product-type-simple","17":"add-to-wishlist-after_add_to_cart"},"jetpack_sharing_enabled":true,"_links":{"self":[{"href":"https:\/\/de-prime.com\/index.php\/wp-json\/wp\/v2\/product\/55356","targetHints":{"allow":["GET"]}}],"collection":[{"href":"https:\/\/de-prime.com\/index.php\/wp-json\/wp\/v2\/product"}],"about":[{"href":"https:\/\/de-prime.com\/index.php\/wp-json\/wp\/v2\/types\/product"}],"replies":[{"embeddable":true,"href":"https:\/\/de-prime.com\/index.php\/wp-json\/wp\/v2\/comments?post=55356"}],"wp:featuredmedia":[{"embeddable":true,"href":"https:\/\/de-prime.com\/index.php\/wp-json\/"}],"wp:attachment":[{"href":"https:\/\/de-prime.com\/index.php\/wp-json\/wp\/v2\/media?parent=55356"}],"wp:term":[{"taxonomy":"product_brand","embeddable":true,"href":"https:\/\/de-prime.com\/index.php\/wp-json\/wp\/v2\/product_brand?post=55356"},{"taxonomy":"product_cat","embeddable":true,"href":"https:\/\/de-prime.com\/index.php\/wp-json\/wp\/v2\/product_cat?post=55356"},{"taxonomy":"product_tag","embeddable":true,"href":"https:\/\/de-prime.com\/index.php\/wp-json\/wp\/v2\/product_tag?post=55356"}],"curies":[{"name":"wp","href":"https:\/\/api.w.org\/{rel}","templated":true}]}}