{"id":55348,"date":"2024-10-01T16:11:33","date_gmt":"2024-10-01T16:11:33","guid":{"rendered":"https:\/\/de-prime.com\/?p=55348"},"modified":"2024-10-01T16:40:09","modified_gmt":"2024-10-01T16:40:09","slug":"curlstange-mit-gewichten-60-kg","status":"publish","type":"product","link":"https:\/\/de-prime.com\/index.php\/product\/curlstange-mit-gewichten-60-kg\/","title":{"rendered":"Curlstange mit Gewichten 60 kg"},"content":{"rendered":"<p>Dieses vielseitige Set aus Langhantelstange und Gewichtsscheiben ist die perfekte Wahl f\u00fcr alle, die nach verschiedenen Workout-Optionen suchen. Strapazierf\u00e4higes Material: Aus verchromtem Stahl gefertigt, ist die Langhantel sicherlich robust und stabil. Zudem ist die Hantelscheibe aus Zement gefertigt und mit robustem, bodenschonendem Kunststoff \u00fcberzogen. Auf diese Weise wird das l\u00e4stige Klappern der Gewichte vermieden.Hantelscheiben: Mit den 3 verschiedenen Gewichten, 2 x 15 kg, 2 x 5 kg, 2 x 7,5 kg, kannst du dein Krafttraining ganz nach Belieben gestalten. Die verschiedenen Hantelscheiben erf\u00fcllen immer deine unterschiedlichen Trainingsbed\u00fcrfnisse.Deutlich gestanztes Gewicht: Das Gewicht ist auf jeder Gewichtsscheibe deutlich gestanzt, um eine schnelle und einfache Identifizierung zu erm\u00f6glichen.Multifunktionale Hantel: Das multifunktionale Hantelset eignet sich f\u00fcr das Trainieren der Brust-, Bizeps-, Arm-, Trizeps- und R\u00fcckenmuskulatur.Praktischer Sternverschluss: Die sternf\u00f6rmigen Verschl\u00fcsse sorgen daf\u00fcr, dass die Hantelscheiben sicher an ihrem Platz bleiben. Hinweis:Jedes Produkt wird mit einer Montageanleitung in der Verpackung f\u00fcr eine einfache Montage geliefert.<\/p>\n<ul>\n<li>Farbe: Schwarz<\/li>\n<li>Material: Verchromter Stahl, Zement mit Kunststoffbeschichtung<\/li>\n<li>Durchmesser der 15-kg-Scheiben: 39 cm<\/li>\n<li>Durchmesser der 7,5-kg-Gewichtsscheiben: 30 cm<\/li>\n<li>Durchmesser der 5-kg-Scheiben: 25 cm <\/li>\n<li>Loch-Durchmesser: 26,5 mm<\/li>\n<li>Gesamtgewicht: 60 kg<\/li>\n<li>Abmessungen der Hantelstange: 25 mm x 120 cm (Durchmesser x L)<\/li>\n<li>Gewicht der Langhantelstange: 5 kg<\/li>\n<li>Gewicht der Hantelscheiben: 2 x 5 kg , 2 x 7,5 kg, 2 x 15 kg<\/li>\n<li>Maximale Tragf\u00e4higkeit der Hantelstange (120 cm): 120 kg<\/li>\n<li><strong>Lieferung beinhaltet:<\/strong><\/li>\n<li>1 x Langhantelstange<\/li>\n<li>2 x Scheibe (5 kg)<\/li>\n<li>2 x Hantelscheibe (7,5 kg)<\/li>\n<li>2 x Scheibe (15 kg)<\/li>\n<li>2 x Metall-Sternvschluss (f\u00fcr Hanteln)<\/li>\n<\/ul>\n","protected":false},"excerpt":{"rendered":"<ul>\n<li>Farbe: Schwarz<\/li>\n<li>Material: Verchromter Stahl, Zement mit Kunststoffbeschichtung<\/li>\n<li>Durchmesser der 15-kg-Scheiben: 39 cm<\/li>\n<li>Durchmesser der 7,5-kg-Gewichtsscheiben: 30 cm<\/li>\n<li>Durchmesser der 5-kg-Scheiben: 25 cm <\/li>\n<li>Loch-Durchmesser: 26,5 mm<\/li>\n<li>Gesamtgewicht: 60 kg<\/li>\n<li>Abmessungen der Hantelstange: 25 mm x 120 cm (Durchmesser x L)<\/li>\n<li>Gewicht der Langhantelstange: 5 kg<\/li>\n<li>Gewicht der Hantelscheiben: 2 x 5 kg , 2 x 7,5 kg, 2 x 15 kg<\/li>\n<li>Maximale Tragf\u00e4higkeit der Hantelstange (120 cm): 120 kg<\/li>\n<li><strong>Lieferung beinhaltet:<\/strong><\/li>\n<li>1 x Langhantelstange<\/li>\n<li>2 x Scheibe (5 kg)<\/li>\n<li>2 x Hantelscheibe (7,5 kg)<\/li>\n<li>2 x Scheibe (15 kg)<\/li>\n<li>2 x Metall-Sternvschluss (f\u00fcr Hanteln)<\/li>\n<\/ul>\n","protected":false},"featured_media":10000055348,"comment_status":"closed","ping_status":"closed","template":"","meta":[],"product_brand":[],"product_cat":[6846,6899,6900,6836],"product_tag":[],"class_list":{"0":"post-55348","1":"product","2":"type-product","3":"status-publish","4":"has-post-thumbnail","6":"product_cat-fitness","7":"product_cat-gewichtheben","8":"product_cat-hanteln-gewichte","9":"product_cat-sportartikel","11":"first","12":"outofstock","13":"taxable","14":"shipping-taxable","15":"purchasable","16":"product-type-simple","17":"add-to-wishlist-after_add_to_cart"},"jetpack_sharing_enabled":true,"_links":{"self":[{"href":"https:\/\/de-prime.com\/index.php\/wp-json\/wp\/v2\/product\/55348","targetHints":{"allow":["GET"]}}],"collection":[{"href":"https:\/\/de-prime.com\/index.php\/wp-json\/wp\/v2\/product"}],"about":[{"href":"https:\/\/de-prime.com\/index.php\/wp-json\/wp\/v2\/types\/product"}],"replies":[{"embeddable":true,"href":"https:\/\/de-prime.com\/index.php\/wp-json\/wp\/v2\/comments?post=55348"}],"wp:featuredmedia":[{"embeddable":true,"href":"https:\/\/de-prime.com\/index.php\/wp-json\/"}],"wp:attachment":[{"href":"https:\/\/de-prime.com\/index.php\/wp-json\/wp\/v2\/media?parent=55348"}],"wp:term":[{"taxonomy":"product_brand","embeddable":true,"href":"https:\/\/de-prime.com\/index.php\/wp-json\/wp\/v2\/product_brand?post=55348"},{"taxonomy":"product_cat","embeddable":true,"href":"https:\/\/de-prime.com\/index.php\/wp-json\/wp\/v2\/product_cat?post=55348"},{"taxonomy":"product_tag","embeddable":true,"href":"https:\/\/de-prime.com\/index.php\/wp-json\/wp\/v2\/product_tag?post=55348"}],"curies":[{"name":"wp","href":"https:\/\/api.w.org\/{rel}","templated":true}]}}