{"id":55346,"date":"2024-10-01T16:11:33","date_gmt":"2024-10-01T16:11:33","guid":{"rendered":"https:\/\/de-prime.com\/?p=55346"},"modified":"2024-10-01T16:42:18","modified_gmt":"2024-10-01T16:42:18","slug":"hantelscheiben-6-stk-30-kg-gusseisen","status":"publish","type":"product","link":"https:\/\/de-prime.com\/index.php\/product\/hantelscheiben-6-stk-30-kg-gusseisen\/","title":{"rendered":"Hantelscheiben 6 Stk. 30 kg Gusseisen"},"content":{"rendered":"<p>Dieses Set besteht aus 2 St\u00fcck 7,5 kg Hantelscheiben, 2 St\u00fcck 5 kg Hantelscheiben und 2 St\u00fcck 2,5 kg Hantelscheiben. Es ist ideal f\u00fcr die Kr\u00e4ftigung und Formung deiner Muskulatur, wenn es zusammen mit einer Langhantel-, Kurzhantel- oder Curlstange (Durchmesser von 3 cm) verwendet wird. Strapazierf\u00e4higes Material: Diese Langhantelscheibe verf\u00fcgt \u00fcber eine kratzfeste Einbrennlack-Pulverbeschichtung, die sich f\u00fcr den langfristigen Gebrauch eignet.Deutlich gestanztes Gewicht: Das Gewicht ist auf jeder Gewichtsscheibe deutlich gestanzt, um eine schnelle und einfache Identifizierung zu erm\u00f6glichen.Variable Gewichtsauswahl: Diese Hantelscheiben bestehen aus 3 verschiedenen Gewichten: 2 x 2,5 kg, 2 x 5 kg und 2 x 7,5 kg. Die verschiedenen Gewichtss\u00e4tze werden immer deinen unterschiedlichen Trainingsbed\u00fcrfnissen gerecht.Multifunktionale Gewichtsscheibe: Die multifunktionale Hantelscheibe eignet sich f\u00fcr das Trainieren der Brust-, Bizeps-, Arm-, Trizeps- und R\u00fcckenmuskulatur.<\/p>\n<ul>\n<li>Farbe: Schwarz<\/li>\n<li>Material: Gusseisen mit Einbrennlack-Pulverbeschichtung<\/li>\n<li>Durchmesser der 7,5-kg-Gewichtsscheiben: 25 cm<\/li>\n<li>Durchmesser der 5-kg-Hantelscheiben: 21 cm<\/li>\n<li>Durchmesser der 2,5-kg-Gewichtsscheiben: 16 cm<\/li>\n<li>Loch-Durchmesser: 3 cm<\/li>\n<li>Gesamtgewicht: 30 kg<\/li>\n<li>Passender Langhantel-Durchmesser: 3 cm (Langhantel ist nicht im Lieferumfang enthalten)<\/li>\n<li><strong>Lieferung umfasst:<\/strong><\/li>\n<li>2 x Hantelscheibe (2,5 kg)<\/li>\n<li>2 x Scheibe (5 kg)<\/li>\n<li>2 x Scheibe (7,5 kg)<\/li>\n<\/ul>\n","protected":false},"excerpt":{"rendered":"<ul>\n<li>Farbe: Schwarz<\/li>\n<li>Material: Gusseisen mit Einbrennlack-Pulverbeschichtung<\/li>\n<li>Durchmesser der 7,5-kg-Gewichtsscheiben: 25 cm<\/li>\n<li>Durchmesser der 5-kg-Hantelscheiben: 21 cm<\/li>\n<li>Durchmesser der 2,5-kg-Gewichtsscheiben: 16 cm<\/li>\n<li>Loch-Durchmesser: 3 cm<\/li>\n<li>Gesamtgewicht: 30 kg<\/li>\n<li>Passender Langhantel-Durchmesser: 3 cm (Langhantel ist nicht im Lieferumfang enthalten)<\/li>\n<li><strong>Lieferung umfasst:<\/strong><\/li>\n<li>2 x Hantelscheibe (2,5 kg)<\/li>\n<li>2 x Scheibe (5 kg)<\/li>\n<li>2 x Scheibe (7,5 kg)<\/li>\n<\/ul>\n","protected":false},"featured_media":10000055346,"comment_status":"closed","ping_status":"closed","template":"","meta":[],"product_brand":[],"product_cat":[6846,6899,6900,6836],"product_tag":[],"class_list":{"0":"post-55346","1":"product","2":"type-product","3":"status-publish","4":"has-post-thumbnail","6":"product_cat-fitness","7":"product_cat-gewichtheben","8":"product_cat-hanteln-gewichte","9":"product_cat-sportartikel","11":"first","12":"instock","13":"taxable","14":"shipping-taxable","15":"purchasable","16":"product-type-simple","17":"add-to-wishlist-after_add_to_cart"},"jetpack_sharing_enabled":true,"_links":{"self":[{"href":"https:\/\/de-prime.com\/index.php\/wp-json\/wp\/v2\/product\/55346","targetHints":{"allow":["GET"]}}],"collection":[{"href":"https:\/\/de-prime.com\/index.php\/wp-json\/wp\/v2\/product"}],"about":[{"href":"https:\/\/de-prime.com\/index.php\/wp-json\/wp\/v2\/types\/product"}],"replies":[{"embeddable":true,"href":"https:\/\/de-prime.com\/index.php\/wp-json\/wp\/v2\/comments?post=55346"}],"wp:featuredmedia":[{"embeddable":true,"href":"https:\/\/de-prime.com\/index.php\/wp-json\/"}],"wp:attachment":[{"href":"https:\/\/de-prime.com\/index.php\/wp-json\/wp\/v2\/media?parent=55346"}],"wp:term":[{"taxonomy":"product_brand","embeddable":true,"href":"https:\/\/de-prime.com\/index.php\/wp-json\/wp\/v2\/product_brand?post=55346"},{"taxonomy":"product_cat","embeddable":true,"href":"https:\/\/de-prime.com\/index.php\/wp-json\/wp\/v2\/product_cat?post=55346"},{"taxonomy":"product_tag","embeddable":true,"href":"https:\/\/de-prime.com\/index.php\/wp-json\/wp\/v2\/product_tag?post=55346"}],"curies":[{"name":"wp","href":"https:\/\/api.w.org\/{rel}","templated":true}]}}