{"id":55342,"date":"2024-10-01T16:11:33","date_gmt":"2024-10-01T16:11:33","guid":{"rendered":"https:\/\/de-prime.com\/?p=55342"},"modified":"2024-10-01T16:42:15","modified_gmt":"2024-10-01T16:42:15","slug":"kurzhantel-275-kg-gusseisen","status":"publish","type":"product","link":"https:\/\/de-prime.com\/index.php\/product\/kurzhantel-275-kg-gusseisen\/","title":{"rendered":"Kurzhantel 27,5 kg Gusseisen"},"content":{"rendered":"<p>Diese Hantel ist eine ausgezeichnete Wahl f\u00fcr alle, die nach abwechslungsreichen Trainingsm\u00f6glichkeiten suchen. Zudem eignet sie sich ideal f\u00fcr Krafttraining zu Hause oder im Fitnessstudio. Langlebige Gummibeschichtung: Die Gummibeschichtung macht die Hanteln verschlei\u00dffest und sorgt f\u00fcr eine lange Lebensdauer.Sechseckiges Anti-Roll-Design: Die sechseckige Form verhindert, dass die Hantel w\u00e4hrend des Gebrauchs wegrollt. Daher eignet sie sich f\u00fcr eine Vielzahl von zusammengesetzten Hebe\u00fcbungen in Liegest\u00fctzpositionen.Bequemer Griff: Die Sechskant-Hantel verf\u00fcgt \u00fcber einen ger\u00e4ndelten Griff, der f\u00fcr mehr Stabilit\u00e4t und Sicherheit w\u00e4hrend des Trainings sorgt.Multifunktionale Hantel: Die multifunktionale Hantel eignet sich f\u00fcr das Trainieren der Brust-, Bizeps-, Arm-, Trizeps- und R\u00fcckenmuskulatur. Hinweis:Jedes Produkt wird mit einer Montageanleitung in der Verpackung f\u00fcr eine einfache Montage geliefert.<\/p>\n<ul>\n<li>Farbe: Schwarz<\/li>\n<li>Hantelmaterial: Verchromter Stahl<\/li>\n<li>Material der Hantelscheiben: Gusseisen mit Gummibeschichtung<\/li>\n<li>Gesamtabmessungen: 38,5 x 17,5 x 16 cm (L x B x H)<\/li>\n<li>Gewicht: 27,5 kg<\/li>\n<\/ul>\n","protected":false},"excerpt":{"rendered":"<ul>\n<li>Farbe: Schwarz<\/li>\n<li>Hantelmaterial: Verchromter Stahl<\/li>\n<li>Material der Hantelscheiben: Gusseisen mit Gummibeschichtung<\/li>\n<li>Gesamtabmessungen: 38,5 x 17,5 x 16 cm (L x B x H)<\/li>\n<li>Gewicht: 27,5 kg<\/li>\n<\/ul>\n","protected":false},"featured_media":10000055342,"comment_status":"closed","ping_status":"closed","template":"","meta":[],"product_brand":[],"product_cat":[6846,6899,6900,6836],"product_tag":[],"class_list":{"0":"post-55342","1":"product","2":"type-product","3":"status-publish","4":"has-post-thumbnail","6":"product_cat-fitness","7":"product_cat-gewichtheben","8":"product_cat-hanteln-gewichte","9":"product_cat-sportartikel","11":"first","12":"outofstock","13":"taxable","14":"shipping-taxable","15":"purchasable","16":"product-type-simple","17":"add-to-wishlist-after_add_to_cart"},"jetpack_sharing_enabled":true,"_links":{"self":[{"href":"https:\/\/de-prime.com\/index.php\/wp-json\/wp\/v2\/product\/55342","targetHints":{"allow":["GET"]}}],"collection":[{"href":"https:\/\/de-prime.com\/index.php\/wp-json\/wp\/v2\/product"}],"about":[{"href":"https:\/\/de-prime.com\/index.php\/wp-json\/wp\/v2\/types\/product"}],"replies":[{"embeddable":true,"href":"https:\/\/de-prime.com\/index.php\/wp-json\/wp\/v2\/comments?post=55342"}],"wp:featuredmedia":[{"embeddable":true,"href":"https:\/\/de-prime.com\/index.php\/wp-json\/"}],"wp:attachment":[{"href":"https:\/\/de-prime.com\/index.php\/wp-json\/wp\/v2\/media?parent=55342"}],"wp:term":[{"taxonomy":"product_brand","embeddable":true,"href":"https:\/\/de-prime.com\/index.php\/wp-json\/wp\/v2\/product_brand?post=55342"},{"taxonomy":"product_cat","embeddable":true,"href":"https:\/\/de-prime.com\/index.php\/wp-json\/wp\/v2\/product_cat?post=55342"},{"taxonomy":"product_tag","embeddable":true,"href":"https:\/\/de-prime.com\/index.php\/wp-json\/wp\/v2\/product_tag?post=55342"}],"curies":[{"name":"wp","href":"https:\/\/api.w.org\/{rel}","templated":true}]}}