{"id":55329,"date":"2024-10-01T16:11:31","date_gmt":"2024-10-01T16:11:31","guid":{"rendered":"https:\/\/de-prime.com\/?p=55329"},"modified":"2024-10-01T16:42:02","modified_gmt":"2024-10-01T16:42:02","slug":"hantelset-14-tlg-20-kg","status":"publish","type":"product","link":"https:\/\/de-prime.com\/index.php\/product\/hantelset-14-tlg-20-kg\/","title":{"rendered":"Hantelset 14-tlg. 20 kg"},"content":{"rendered":"<p>Dieses vielseitige Kurzhantel-Set eignet sich perfekt, um Brust-, Bizeps-, Arm-, Trizeps- und R\u00fcckenmuskulatur zu trainieren. Mehrere Gewichtsoptionen: Das Set umfasst 4 Hantelscheiben von je 2,5 kg, 4 Hantelscheiben von je 2 kg sowie 2 Hantelstangen mit Schraubverschluss von je 0,55 kg. Sein Gesamtgewicht betr\u00e4gt ungef\u00e4hr 20 kg. Mit diesem Set lassen sich die Hantelscheiben f\u00fcr die unterschiedlichsten \u00dcbungen flexibel ausw\u00e4hlen. Robust und langlebig: Die Scheiben sind aus Zement gefertigt und mit einer Kunststoff-Ummantelung versehen. Sie lassen sich mit den mitgelieferten Sternverschl\u00fcssen leicht an den Stangen befestigen. Durchdachtes Design: Die Gewichtsangabe ist zur schnellen und einfachen Identifizierung auf jeder Hantelscheibe klar eingepr\u00e4gt. Die Hantelstangen sind mit rutschfesten Griffen aus Kunststoff versehen.<\/p>\n<ul>\n<li>Farbe: Schwarz<\/li>\n<li>Material: Zement mit Plastik\u00fcberzug + Stahl-Stangen<\/li>\n<li>Durchmesser der gro\u00dfen Hantelscheiben: 21,5 cm<\/li>\n<li>Durchmesser der kleinen Hantelscheibe: 19 cm<\/li>\n<li>Dicke der gro\u00dfen Hantelscheiben: 4,5 cm<\/li>\n<li>Dicke der kleinen Hantelscheiben: 3,5 cm<\/li>\n<li>Loch-Durchmesser: 26 mm<\/li>\n<li>Gr\u00f6\u00dfe der Hantelstange: 2,5 x 45,5 cm (Durchmesser x L)<\/li>\n<li>Gesamtgewicht: 20 kg<\/li>\n<li>Gewicht der Hantelstange (mit Sternverschluss): 0,55 kg<\/li>\n<li>Hantelscheiben-Gewicht: 4 x 2,5 kg + 4 x 2 kg<\/li>\n<li>Rutschfester Kunststoffgriff<\/li>\n<li><strong>Lieferung beinhaltet:<\/strong><\/li>\n<li>4 x Hantelscheibe (2,5 kg)<\/li>\n<li>4 x Hantelscheibe (2 kg)<\/li>\n<li>2 x Hantelstange<\/li>\n<li>4 x Sternverschluss<\/li>\n<\/ul>\n","protected":false},"excerpt":{"rendered":"<ul>\n<li>Farbe: Schwarz<\/li>\n<li>Material: Zement mit Plastik\u00fcberzug + Stahl-Stangen<\/li>\n<li>Durchmesser der gro\u00dfen Hantelscheiben: 21,5 cm<\/li>\n<li>Durchmesser der kleinen Hantelscheibe: 19 cm<\/li>\n<li>Dicke der gro\u00dfen Hantelscheiben: 4,5 cm<\/li>\n<li>Dicke der kleinen Hantelscheiben: 3,5 cm<\/li>\n<li>Loch-Durchmesser: 26 mm<\/li>\n<li>Gr\u00f6\u00dfe der Hantelstange: 2,5 x 45,5 cm (Durchmesser x L)<\/li>\n<li>Gesamtgewicht: 20 kg<\/li>\n<li>Gewicht der Hantelstange (mit Sternverschluss): 0,55 kg<\/li>\n<li>Hantelscheiben-Gewicht: 4 x 2,5 kg + 4 x 2 kg<\/li>\n<li>Rutschfester Kunststoffgriff<\/li>\n<li><strong>Lieferung beinhaltet:<\/strong><\/li>\n<li>4 x Hantelscheibe (2,5 kg)<\/li>\n<li>4 x Hantelscheibe (2 kg)<\/li>\n<li>2 x Hantelstange<\/li>\n<li>4 x Sternverschluss<\/li>\n<\/ul>\n","protected":false},"featured_media":10000055329,"comment_status":"closed","ping_status":"closed","template":"","meta":[],"product_brand":[],"product_cat":[6846,6899,6900,6836],"product_tag":[],"class_list":{"0":"post-55329","1":"product","2":"type-product","3":"status-publish","4":"has-post-thumbnail","6":"product_cat-fitness","7":"product_cat-gewichtheben","8":"product_cat-hanteln-gewichte","9":"product_cat-sportartikel","11":"first","12":"instock","13":"taxable","14":"shipping-taxable","15":"purchasable","16":"product-type-simple","17":"add-to-wishlist-after_add_to_cart"},"jetpack_sharing_enabled":true,"_links":{"self":[{"href":"https:\/\/de-prime.com\/index.php\/wp-json\/wp\/v2\/product\/55329","targetHints":{"allow":["GET"]}}],"collection":[{"href":"https:\/\/de-prime.com\/index.php\/wp-json\/wp\/v2\/product"}],"about":[{"href":"https:\/\/de-prime.com\/index.php\/wp-json\/wp\/v2\/types\/product"}],"replies":[{"embeddable":true,"href":"https:\/\/de-prime.com\/index.php\/wp-json\/wp\/v2\/comments?post=55329"}],"wp:featuredmedia":[{"embeddable":true,"href":"https:\/\/de-prime.com\/index.php\/wp-json\/"}],"wp:attachment":[{"href":"https:\/\/de-prime.com\/index.php\/wp-json\/wp\/v2\/media?parent=55329"}],"wp:term":[{"taxonomy":"product_brand","embeddable":true,"href":"https:\/\/de-prime.com\/index.php\/wp-json\/wp\/v2\/product_brand?post=55329"},{"taxonomy":"product_cat","embeddable":true,"href":"https:\/\/de-prime.com\/index.php\/wp-json\/wp\/v2\/product_cat?post=55329"},{"taxonomy":"product_tag","embeddable":true,"href":"https:\/\/de-prime.com\/index.php\/wp-json\/wp\/v2\/product_tag?post=55329"}],"curies":[{"name":"wp","href":"https:\/\/api.w.org\/{rel}","templated":true}]}}