{"id":55325,"date":"2024-10-01T16:11:31","date_gmt":"2024-10-01T16:11:31","guid":{"rendered":"https:\/\/de-prime.com\/?p=55325"},"modified":"2024-10-01T16:41:55","modified_gmt":"2024-10-01T16:41:55","slug":"hantelscheiben-2-stk-2x15-kg-gusseisen","status":"publish","type":"product","link":"https:\/\/de-prime.com\/index.php\/product\/hantelscheiben-2-stk-2x15-kg-gusseisen\/","title":{"rendered":"Hantelscheiben 2 Stk. 2&#215;15 kg Gusseisen"},"content":{"rendered":"<p>Diese 2 Hantelscheiben eignen sich f\u00fcr professionelles Hanteltraining zu Hause. Die Gewichtsscheiben sind mit robustem, bodenschonendem Kunststoff \u00fcberzogen. Robust und stabil: Gusseisen bietet Haltbarkeit, Stabilit\u00e4t und hervorragende Oxidationsbest\u00e4ndigkeit, was es zu einer gro\u00dfartigen Wahl f\u00fcr den Industrie- und M\u00f6belbau macht.Deutlich gestanzte Gewichtsangabe: Das Gewicht ist auf jeder Gewichtsscheibe deutlich gestanzt, um eine schnelle und einfache Identifizierung zu erm\u00f6glichen.Multifunktionale Hantel: Die multifunktionale Hantelscheibe eignet sich f\u00fcr das Trainieren der Brust-, Bizeps-, Arm-, Trizeps- und R\u00fcckenmuskulatur.<\/p>\n<ul>\n<li>Farbe: Schwarz<\/li>\n<li>Material: Gusseisen mit Einbrennlack-Pulverbeschichtung<\/li>\n<li>Scheiben-Durchmesser: 30,7 cm<\/li>\n<li>Scheiben-Dicke: 3,8 mm<\/li>\n<li>Loch-Durchmesser: 30 mm<\/li>\n<li>Gewicht: 2 x 15 kg<\/li>\n<li>Die Lieferung beinhaltet 2 Hantelscheiben<\/li>\n<\/ul>\n","protected":false},"excerpt":{"rendered":"<ul>\n<li>Farbe: Schwarz<\/li>\n<li>Material: Gusseisen mit Einbrennlack-Pulverbeschichtung<\/li>\n<li>Scheiben-Durchmesser: 30,7 cm<\/li>\n<li>Scheiben-Dicke: 3,8 mm<\/li>\n<li>Loch-Durchmesser: 30 mm<\/li>\n<li>Gewicht: 2 x 15 kg<\/li>\n<li>Die Lieferung beinhaltet 2 Hantelscheiben<\/li>\n<\/ul>\n","protected":false},"featured_media":10000055325,"comment_status":"closed","ping_status":"closed","template":"","meta":[],"product_brand":[],"product_cat":[6846,6899,6900,6836],"product_tag":[],"class_list":{"0":"post-55325","1":"product","2":"type-product","3":"status-publish","4":"has-post-thumbnail","6":"product_cat-fitness","7":"product_cat-gewichtheben","8":"product_cat-hanteln-gewichte","9":"product_cat-sportartikel","11":"first","12":"instock","13":"taxable","14":"shipping-taxable","15":"purchasable","16":"product-type-simple","17":"add-to-wishlist-after_add_to_cart"},"jetpack_sharing_enabled":true,"_links":{"self":[{"href":"https:\/\/de-prime.com\/index.php\/wp-json\/wp\/v2\/product\/55325","targetHints":{"allow":["GET"]}}],"collection":[{"href":"https:\/\/de-prime.com\/index.php\/wp-json\/wp\/v2\/product"}],"about":[{"href":"https:\/\/de-prime.com\/index.php\/wp-json\/wp\/v2\/types\/product"}],"replies":[{"embeddable":true,"href":"https:\/\/de-prime.com\/index.php\/wp-json\/wp\/v2\/comments?post=55325"}],"wp:featuredmedia":[{"embeddable":true,"href":"https:\/\/de-prime.com\/index.php\/wp-json\/"}],"wp:attachment":[{"href":"https:\/\/de-prime.com\/index.php\/wp-json\/wp\/v2\/media?parent=55325"}],"wp:term":[{"taxonomy":"product_brand","embeddable":true,"href":"https:\/\/de-prime.com\/index.php\/wp-json\/wp\/v2\/product_brand?post=55325"},{"taxonomy":"product_cat","embeddable":true,"href":"https:\/\/de-prime.com\/index.php\/wp-json\/wp\/v2\/product_cat?post=55325"},{"taxonomy":"product_tag","embeddable":true,"href":"https:\/\/de-prime.com\/index.php\/wp-json\/wp\/v2\/product_tag?post=55325"}],"curies":[{"name":"wp","href":"https:\/\/api.w.org\/{rel}","templated":true}]}}