{"id":55313,"date":"2024-10-01T16:11:30","date_gmt":"2024-10-01T16:11:30","guid":{"rendered":"https:\/\/de-prime.com\/?p=55313"},"modified":"2024-10-01T16:40:38","modified_gmt":"2024-10-01T16:40:38","slug":"langhantel-2-kurzhantelset-305kg","status":"publish","type":"product","link":"https:\/\/de-prime.com\/index.php\/product\/langhantel-2-kurzhantelset-305kg\/","title":{"rendered":"Langhantel +2 Kurzhantelset 30,5kg"},"content":{"rendered":"<p>Mit diesem Langhantel-\/Kurzhantel-Set kannst du bequem zu Hause trainieren. Das Set wiegt insgesamt 30,5 kg und enth\u00e4lt 12 Hantelscheiben von 1,25 kg, 2,5 kg und 5 kg. Sichere Handhabung: Das Set besteht aus Langhantel und Kurzhanteln. Diese verf\u00fcgen \u00fcber solide, verchromte Stangen, Federverschl\u00fcsse (Langhantelstange), rutschfeste Griffe und geriffelte Sternverschl\u00fcsse (Kurzhantelstangen) zur sicheren Befestigung der Hantelscheiben. So kannst du sicher und bequem trainieren.Mehrere Kombinationen: Die Hantelscheiben verf\u00fcgen \u00fcber robuste PE-Geh\u00e4use. Sie lassen sich f\u00fcr verschiedene Trainingszwecke frei miteinander kombinieren.Set aus Hanteln und Scheiben: Dieses ergonomisch gestaltete Set umfasst 1 Langhantel, 2 Kurzhanteln und 12 Hantelscheiben. Das Gesamtgewicht des Sets betr\u00e4gt 30,5 kg, einschlie\u00dflich der Hantelstangen.Vielseitig einsetzbar: Mit diesem Set aus Langhantel, Kurzhanteln und Hantelscheiben kannst du dein Krafttraining einfach und sicher durchf\u00fchren, sei es zu Hause oder im Fitnessstudio.<\/p>\n<ul>\n<li>Griffgr\u00f6\u00dfe: ca. 14,5 cm (Langhantel), 10 cm (Kurzhantel)<\/li>\n<li>Hantelscheibe: Polyethylenguss<\/li>\n<li>Langhantelstange: \u00d82,5 cm, 140 cm L\u00e4nge, 2 kg<\/li>\n<li>Kurzhantelstange: \u00d82,5 cm, 45 cm L\u00e4nge, 0,5 kg<\/li>\n<li>1,25 kg Hantelscheibe: \u00d8 17,5 cm, 3 cm stark<\/li>\n<li>2,5 kg Hantelscheibe: \u00d8 22 cm, 4 cm stark<\/li>\n<li>5 kg Hantelscheibe: \u00d8 27 cm, 4,5 cm stark<\/li>\n<li>Gesamtgewicht einschlie\u00dflich Stangen: 30,5 kg<\/li>\n<li>Gesamtgewicht der Hantelscheiben: 27,5 kg<\/li>\n<li>Maximale Tragf\u00e4higkeit der Hantelstange: 120 kg<\/li>\n<\/ul>\n","protected":false},"excerpt":{"rendered":"<ul>\n<li>Griffgr\u00f6\u00dfe: ca. 14,5 cm (Langhantel), 10 cm (Kurzhantel)<\/li>\n<li>Hantelscheibe: Polyethylenguss<\/li>\n<li>Langhantelstange: \u00d82,5 cm, 140 cm L\u00e4nge, 2 kg<\/li>\n<li>Kurzhantelstange: \u00d82,5 cm, 45 cm L\u00e4nge, 0,5 kg<\/li>\n<li>1,25 kg Hantelscheibe: \u00d8 17,5 cm, 3 cm stark<\/li>\n<li>2,5 kg Hantelscheibe: \u00d8 22 cm, 4 cm stark<\/li>\n<li>5 kg Hantelscheibe: \u00d8 27 cm, 4,5 cm stark<\/li>\n<li>Gesamtgewicht einschlie\u00dflich Stangen: 30,5 kg<\/li>\n<li>Gesamtgewicht der Hantelscheiben: 27,5 kg<\/li>\n<li>Maximale Tragf\u00e4higkeit der Hantelstange: 120 kg<\/li>\n<\/ul>\n","protected":false},"featured_media":10000055313,"comment_status":"closed","ping_status":"closed","template":"","meta":[],"product_brand":[],"product_cat":[6846,6899,6900,6836],"product_tag":[],"class_list":{"0":"post-55313","1":"product","2":"type-product","3":"status-publish","4":"has-post-thumbnail","6":"product_cat-fitness","7":"product_cat-gewichtheben","8":"product_cat-hanteln-gewichte","9":"product_cat-sportartikel","11":"first","12":"instock","13":"taxable","14":"shipping-taxable","15":"purchasable","16":"product-type-simple","17":"add-to-wishlist-after_add_to_cart"},"jetpack_sharing_enabled":true,"_links":{"self":[{"href":"https:\/\/de-prime.com\/index.php\/wp-json\/wp\/v2\/product\/55313","targetHints":{"allow":["GET"]}}],"collection":[{"href":"https:\/\/de-prime.com\/index.php\/wp-json\/wp\/v2\/product"}],"about":[{"href":"https:\/\/de-prime.com\/index.php\/wp-json\/wp\/v2\/types\/product"}],"replies":[{"embeddable":true,"href":"https:\/\/de-prime.com\/index.php\/wp-json\/wp\/v2\/comments?post=55313"}],"wp:featuredmedia":[{"embeddable":true,"href":"https:\/\/de-prime.com\/index.php\/wp-json\/"}],"wp:attachment":[{"href":"https:\/\/de-prime.com\/index.php\/wp-json\/wp\/v2\/media?parent=55313"}],"wp:term":[{"taxonomy":"product_brand","embeddable":true,"href":"https:\/\/de-prime.com\/index.php\/wp-json\/wp\/v2\/product_brand?post=55313"},{"taxonomy":"product_cat","embeddable":true,"href":"https:\/\/de-prime.com\/index.php\/wp-json\/wp\/v2\/product_cat?post=55313"},{"taxonomy":"product_tag","embeddable":true,"href":"https:\/\/de-prime.com\/index.php\/wp-json\/wp\/v2\/product_tag?post=55313"}],"curies":[{"name":"wp","href":"https:\/\/api.w.org\/{rel}","templated":true}]}}