{"id":55312,"date":"2024-10-01T16:11:30","date_gmt":"2024-10-01T16:11:30","guid":{"rendered":"https:\/\/de-prime.com\/?p=55312"},"modified":"2024-10-01T16:40:37","modified_gmt":"2024-10-01T16:40:37","slug":"langhantel-2-kurzhantel-set-605kg","status":"publish","type":"product","link":"https:\/\/de-prime.com\/index.php\/product\/langhantel-2-kurzhantel-set-605kg\/","title":{"rendered":"Langhantel + 2 Kurzhantel Set 60,5kg"},"content":{"rendered":"<p>Mit diesem Set aus ergonomisch gestalteten Kurzhanteln und Langhantel kannst du bequem von zu Hause aus trainieren. Strapazierf\u00e4higes Material: Aus verchromtem Stahl gefertigt, ist die Langhantel sicherlich robust und stabil. Zudem ist die Hantelscheibe aus Zement gefertigt und mit starkem, bodenschonendem Kunststoff \u00fcberzogen. Auf diese Weise wird das l\u00e4stige Klappern der Gewichte vermieden.Verschiedene Kombinationen: Dank der abnehmbaren Hantelscheiben ist das Set sowohl f\u00fcr Anf\u00e4nger als auch f\u00fcr Profis perfekt geeignet und wird den unterschiedlichsten Trainingsanforderungen gerecht.Deutlich gestanzte Gewichtsangabe: Das Gewicht ist auf jeder Gewichtsscheibe deutlich gestanzt, um eine schnelle und einfache Identifizierung zu erm\u00f6glichen.Multifunktionale Hantel: Das multifunktionale Hantelset eignet sich f\u00fcr das Trainieren der Brust-, Bizeps-, Arm-, Trizeps- und R\u00fcckenmuskulatur.<\/p>\n<ul>\n<li>Griffgr\u00f6\u00dfe: ca. 14,5 cm (Langhantel), 10 cm (Kurzhantel)<\/li>\n<li>Hantelscheibe: Polyethylenguss<\/li>\n<li>Langhantelstange: \u00d82,5 cm, 140 cm L\u00e4nge, 2 kg<\/li>\n<li>Kurzhantelstange: \u00d82,5 cm, 45 cm L\u00e4nge, 0,5 kg<\/li>\n<li>1,25 kg Hantelscheibe: \u00d8 17,5 cm, 3 cm stark<\/li>\n<li>2,5 kg Hantelscheibe: \u00d8 22 cm, 4 cm stark<\/li>\n<li>5 kg Hantelscheibe: \u00d8 27 cm, 4,5 cm stark<\/li>\n<li>10 kg Hantelscheibe: \u00d8 32 cm, 5,5 cm stark<\/li>\n<li>Gesamtgewicht einschlie\u00dflich Stangen: 60,5 kg<\/li>\n<li>Gesamtgewicht der Scheiben: 57,5 kg<\/li>\n<li>Maximale Tragf\u00e4higkeit der Hantelstange (140 cm): 120 kg<\/li>\n<\/ul>\n","protected":false},"excerpt":{"rendered":"<ul>\n<li>Griffgr\u00f6\u00dfe: ca. 14,5 cm (Langhantel), 10 cm (Kurzhantel)<\/li>\n<li>Hantelscheibe: Polyethylenguss<\/li>\n<li>Langhantelstange: \u00d82,5 cm, 140 cm L\u00e4nge, 2 kg<\/li>\n<li>Kurzhantelstange: \u00d82,5 cm, 45 cm L\u00e4nge, 0,5 kg<\/li>\n<li>1,25 kg Hantelscheibe: \u00d8 17,5 cm, 3 cm stark<\/li>\n<li>2,5 kg Hantelscheibe: \u00d8 22 cm, 4 cm stark<\/li>\n<li>5 kg Hantelscheibe: \u00d8 27 cm, 4,5 cm stark<\/li>\n<li>10 kg Hantelscheibe: \u00d8 32 cm, 5,5 cm stark<\/li>\n<li>Gesamtgewicht einschlie\u00dflich Stangen: 60,5 kg<\/li>\n<li>Gesamtgewicht der Scheiben: 57,5 kg<\/li>\n<li>Maximale Tragf\u00e4higkeit der Hantelstange (140 cm): 120 kg<\/li>\n<\/ul>\n","protected":false},"featured_media":10000055312,"comment_status":"closed","ping_status":"closed","template":"","meta":[],"product_brand":[],"product_cat":[6846,6899,6900,6836],"product_tag":[],"class_list":{"0":"post-55312","1":"product","2":"type-product","3":"status-publish","4":"has-post-thumbnail","6":"product_cat-fitness","7":"product_cat-gewichtheben","8":"product_cat-hanteln-gewichte","9":"product_cat-sportartikel","11":"first","12":"instock","13":"taxable","14":"shipping-taxable","15":"purchasable","16":"product-type-simple","17":"add-to-wishlist-after_add_to_cart"},"jetpack_sharing_enabled":true,"_links":{"self":[{"href":"https:\/\/de-prime.com\/index.php\/wp-json\/wp\/v2\/product\/55312","targetHints":{"allow":["GET"]}}],"collection":[{"href":"https:\/\/de-prime.com\/index.php\/wp-json\/wp\/v2\/product"}],"about":[{"href":"https:\/\/de-prime.com\/index.php\/wp-json\/wp\/v2\/types\/product"}],"replies":[{"embeddable":true,"href":"https:\/\/de-prime.com\/index.php\/wp-json\/wp\/v2\/comments?post=55312"}],"wp:featuredmedia":[{"embeddable":true,"href":"https:\/\/de-prime.com\/index.php\/wp-json\/"}],"wp:attachment":[{"href":"https:\/\/de-prime.com\/index.php\/wp-json\/wp\/v2\/media?parent=55312"}],"wp:term":[{"taxonomy":"product_brand","embeddable":true,"href":"https:\/\/de-prime.com\/index.php\/wp-json\/wp\/v2\/product_brand?post=55312"},{"taxonomy":"product_cat","embeddable":true,"href":"https:\/\/de-prime.com\/index.php\/wp-json\/wp\/v2\/product_cat?post=55312"},{"taxonomy":"product_tag","embeddable":true,"href":"https:\/\/de-prime.com\/index.php\/wp-json\/wp\/v2\/product_tag?post=55312"}],"curies":[{"name":"wp","href":"https:\/\/api.w.org\/{rel}","templated":true}]}}