{"id":55291,"date":"2024-10-01T16:11:28","date_gmt":"2024-10-01T16:11:28","guid":{"rendered":"https:\/\/de-prime.com\/?p=55291"},"modified":"2024-10-01T16:39:58","modified_gmt":"2024-10-01T16:39:58","slug":"golf-tees-1000-stk-54-mm-bambus","status":"publish","type":"product","link":"https:\/\/de-prime.com\/index.php\/product\/golf-tees-1000-stk-54-mm-bambus\/","title":{"rendered":"Golf-Tees 1000 Stk. 54 mm Bambus"},"content":{"rendered":"<p>Diese Golf-Tees aus Bambus sind ein Muss f\u00fcr jeden Golfer, der sein Spiel verbessern und auf dem Golfplatz stets vorbereitet bleiben m\u00f6chte. Langlebiger Bambus: Aus strapazierf\u00e4higem Bambus gefertigt, besitzen diese Golf-Tees eine glatte und robuste Konstruktion und gew\u00e4hrleisten eine lang anhaltende Leistung, ohne sich leicht abzunutzen oder zu verformen.Geschwungene Oberseite: Dank der geschwungenen Oberseite bieten diese Tees einen stabilen Halt und reduzieren effektiv Reibung und Seitenspin, um pr\u00e4zisere Schl\u00e4ge zu erm\u00f6glichen.Standardgr\u00f6\u00dfe: Das Golfball-Tee hat eine H\u00f6he von 54 mm und einen Durchmesser von 11 mm, was den Standardgr\u00f6\u00dfen entspricht. Es ist daher f\u00fcr alle Golfschl\u00e4ger geeignet.Sparpaket: Bei 1000 St\u00fcck pro Packung wird es lange dauern, bis du keine Tees mehr hast. So hast du immer bei Bedarf ein Golf-Tee zur Hand.Vielseitig einsetzbar: Die Golf-Tees aus Bambus k\u00f6nnen auf Sportpl\u00e4tzen, Sportkursen, Golfclubs, Golfpl\u00e4tzen, Fitnessstudios, Sportwettk\u00e4mpfen, Sportveranstaltungen und mehr verwendet werden und eignen sich sowohl f\u00fcr den Innen- als auch f\u00fcr den Au\u00dfenbereich.<\/p>\n<ul>\n<li>Material: Bambus<\/li>\n<li>Abmessungen: 11 x 54 mm (Durchmesser x H)<\/li>\n<li><strong>Lieferung umfasst:<\/strong><\/li>\n<li>1000 x Golf-Tee<\/li>\n<\/ul>\n","protected":false},"excerpt":{"rendered":"<ul>\n<li>Material: Bambus<\/li>\n<li>Abmessungen: 11 x 54 mm (Durchmesser x H)<\/li>\n<li><strong>Lieferung umfasst:<\/strong><\/li>\n<li>1000 x Golf-Tee<\/li>\n<\/ul>\n","protected":false},"featured_media":10000055291,"comment_status":"closed","ping_status":"closed","template":"","meta":[],"product_brand":[],"product_cat":[6893,6894,6837,6836],"product_tag":[],"class_list":{"0":"post-55291","1":"product","2":"type-product","3":"status-publish","4":"has-post-thumbnail","6":"product_cat-golf","7":"product_cat-golf-tees","8":"product_cat-outdoor-aktivitaeten","9":"product_cat-sportartikel","11":"first","12":"instock","13":"taxable","14":"shipping-taxable","15":"purchasable","16":"product-type-simple","17":"add-to-wishlist-after_add_to_cart"},"jetpack_sharing_enabled":true,"_links":{"self":[{"href":"https:\/\/de-prime.com\/index.php\/wp-json\/wp\/v2\/product\/55291","targetHints":{"allow":["GET"]}}],"collection":[{"href":"https:\/\/de-prime.com\/index.php\/wp-json\/wp\/v2\/product"}],"about":[{"href":"https:\/\/de-prime.com\/index.php\/wp-json\/wp\/v2\/types\/product"}],"replies":[{"embeddable":true,"href":"https:\/\/de-prime.com\/index.php\/wp-json\/wp\/v2\/comments?post=55291"}],"wp:featuredmedia":[{"embeddable":true,"href":"https:\/\/de-prime.com\/index.php\/wp-json\/"}],"wp:attachment":[{"href":"https:\/\/de-prime.com\/index.php\/wp-json\/wp\/v2\/media?parent=55291"}],"wp:term":[{"taxonomy":"product_brand","embeddable":true,"href":"https:\/\/de-prime.com\/index.php\/wp-json\/wp\/v2\/product_brand?post=55291"},{"taxonomy":"product_cat","embeddable":true,"href":"https:\/\/de-prime.com\/index.php\/wp-json\/wp\/v2\/product_cat?post=55291"},{"taxonomy":"product_tag","embeddable":true,"href":"https:\/\/de-prime.com\/index.php\/wp-json\/wp\/v2\/product_tag?post=55291"}],"curies":[{"name":"wp","href":"https:\/\/api.w.org\/{rel}","templated":true}]}}