{"id":55273,"date":"2024-10-01T16:11:26","date_gmt":"2024-10-01T16:11:26","guid":{"rendered":"https:\/\/de-prime.com\/?p=55273"},"modified":"2024-10-01T16:39:49","modified_gmt":"2024-10-01T16:39:49","slug":"fussballtor-mit-torwand-stahl-184x61x122-cm","status":"publish","type":"product","link":"https:\/\/de-prime.com\/index.php\/product\/fussballtor-mit-torwand-stahl-184x61x122-cm\/","title":{"rendered":"Fu\u00dfballtor mit Torwand Stahl 184x61x122 cm"},"content":{"rendered":"<p>Spielen und trainieren Sie \u00fcberall und jederzeit mit diesem faltbaren Fu\u00dfballtor. Es ist das perfekte tragbares Tor f\u00fcr alle Fu\u00dfballspieler. Das Fu\u00dfballtor l\u00e4sst sich in wenigen Minuten ohne Werkzeug auf- und abbauen. Der robuste Stahlrahmen und das strapazierf\u00e4hige Polyesternetz halten auch den h\u00e4rtesten Sch\u00fcssen und den widrigsten Wetterbedingungen stand. Das Fu\u00dfballtor verf\u00fcgt \u00fcber 4 verst\u00e4rkte Schussl\u00f6cher, um Ihre F\u00e4higkeiten zu \u00fcben und zu verbessern. In der mitgelieferten Tragetasche l\u00e4sst sich dieses tragbare und kompakte Tor \u00fcberall mitnehmen. Es ist eine gro\u00dfartige Wahl f\u00fcr Schuss\u00fcbungen in Ihrem Hinterhof und auf dem Fu\u00dfballplatz.<\/p>\n<ul>\n<li>Stoff-Farbe: Schwarz<\/li>\n<li>Rahmen- und Netzfarbe: Wei\u00df<\/li>\n<li>Rahmenmaterial: Pulverbeschichteter Stahl<\/li>\n<li>Netzmaterial: Polyester<\/li>\n<li>Gesamtma\u00dfe: 184 x 61 x 122 cm (B x T x H)<\/li>\n<li>Rohrdurchmesser: 25 mm<\/li>\n<li>Witterungsbest\u00e4ndig<\/li>\n<li>Inklusive 4 Heringe in J-Form<\/li>\n<li>Zusammenbau erforderlich: Ja<\/li>\n<\/ul>\n","protected":false},"excerpt":{"rendered":"<ul>\n<li>Stoff-Farbe: Schwarz<\/li>\n<li>Rahmen- und Netzfarbe: Wei\u00df<\/li>\n<li>Rahmenmaterial: Pulverbeschichteter Stahl<\/li>\n<li>Netzmaterial: Polyester<\/li>\n<li>Gesamtma\u00dfe: 184 x 61 x 122 cm (B x T x H)<\/li>\n<li>Rohrdurchmesser: 25 mm<\/li>\n<li>Witterungsbest\u00e4ndig<\/li>\n<li>Inklusive 4 Heringe in J-Form<\/li>\n<li>Zusammenbau erforderlich: Ja<\/li>\n<\/ul>\n","protected":false},"featured_media":10000055273,"comment_status":"closed","ping_status":"closed","template":"","meta":[],"product_brand":[],"product_cat":[6848,6890,6142,6836],"product_tag":[],"class_list":{"0":"post-55273","1":"product","2":"type-product","3":"status-publish","4":"has-post-thumbnail","6":"product_cat-athletik","7":"product_cat-fussball","8":"product_cat-fussball-tore-netze","9":"product_cat-sportartikel","11":"first","12":"instock","13":"taxable","14":"shipping-taxable","15":"purchasable","16":"product-type-simple","17":"add-to-wishlist-after_add_to_cart"},"jetpack_sharing_enabled":true,"_links":{"self":[{"href":"https:\/\/de-prime.com\/index.php\/wp-json\/wp\/v2\/product\/55273","targetHints":{"allow":["GET"]}}],"collection":[{"href":"https:\/\/de-prime.com\/index.php\/wp-json\/wp\/v2\/product"}],"about":[{"href":"https:\/\/de-prime.com\/index.php\/wp-json\/wp\/v2\/types\/product"}],"replies":[{"embeddable":true,"href":"https:\/\/de-prime.com\/index.php\/wp-json\/wp\/v2\/comments?post=55273"}],"wp:featuredmedia":[{"embeddable":true,"href":"https:\/\/de-prime.com\/index.php\/wp-json\/"}],"wp:attachment":[{"href":"https:\/\/de-prime.com\/index.php\/wp-json\/wp\/v2\/media?parent=55273"}],"wp:term":[{"taxonomy":"product_brand","embeddable":true,"href":"https:\/\/de-prime.com\/index.php\/wp-json\/wp\/v2\/product_brand?post=55273"},{"taxonomy":"product_cat","embeddable":true,"href":"https:\/\/de-prime.com\/index.php\/wp-json\/wp\/v2\/product_cat?post=55273"},{"taxonomy":"product_tag","embeddable":true,"href":"https:\/\/de-prime.com\/index.php\/wp-json\/wp\/v2\/product_tag?post=55273"}],"curies":[{"name":"wp","href":"https:\/\/api.w.org\/{rel}","templated":true}]}}