{"id":55271,"date":"2024-10-01T16:11:26","date_gmt":"2024-10-01T16:11:26","guid":{"rendered":"https:\/\/de-prime.com\/?p=55271"},"modified":"2024-10-01T16:39:48","modified_gmt":"2024-10-01T16:39:48","slug":"fussballtor-184x91x1245-cm-stahl","status":"publish","type":"product","link":"https:\/\/de-prime.com\/index.php\/product\/fussballtor-184x91x1245-cm-stahl\/","title":{"rendered":"Fu\u00dfballtor 184x91x124,5 cm Stahl"},"content":{"rendered":"<p>Spielen und trainieren Sie \u00fcberall und jederzeit mit diesem klappbaren Fu\u00dfballtor. Es ist ein perfektes tragbares Tor f\u00fcr alle Fu\u00dfballspieler.Einfaches Aufstellen: Das Fu\u00dfballtor l\u00e4sst sich in wenigen Minuten aufbauen und wieder abbauen, ohne dass Werkzeuge daf\u00fcr erforderlich sind.Robustes und langlebiges Material: Aus einem stabilen Stahlrahmen und einem strapazierf\u00e4higen Polyesternetz gefertigt, h\u00e4lt das Tor den h\u00e4rtesten Schl\u00e4gen und den h\u00e4rtesten Wetterbedingungen stand.Einfacher Transport: In der mitgelieferte Tragetasche l\u00e4sst sich das Fu\u00dfballtor kompakt aufbewahren und \u00fcberall mitnehmen.<\/p>\n<ul>\n<li>Farbe: Schwarz und Rot<\/li>\n<li>Rahmenmaterial: Stahl, Fiberglas<\/li>\n<li>Netzmaterial: Polyester<\/li>\n<li>Gesamtma\u00dfe: 184 x 91 x 124,5 cm (B x T x H)<\/li>\n<li>Witterungsbest\u00e4ndig<\/li>\n<li>Zusammenbau erforderlich: Ja<\/li>\n<li><strong>Lieferung umfasst:<\/strong><\/li>\n<li>1 x Fu\u00dfballtor<\/li>\n<li>1 x Tragetasche<\/li>\n<li>4 x U-f\u00f6rmiger Stift<\/li>\n<\/ul>\n","protected":false},"excerpt":{"rendered":"<ul>\n<li>Farbe: Schwarz und Rot<\/li>\n<li>Rahmenmaterial: Stahl, Fiberglas<\/li>\n<li>Netzmaterial: Polyester<\/li>\n<li>Gesamtma\u00dfe: 184 x 91 x 124,5 cm (B x T x H)<\/li>\n<li>Witterungsbest\u00e4ndig<\/li>\n<li>Zusammenbau erforderlich: Ja<\/li>\n<li><strong>Lieferung umfasst:<\/strong><\/li>\n<li>1 x Fu\u00dfballtor<\/li>\n<li>1 x Tragetasche<\/li>\n<li>4 x U-f\u00f6rmiger Stift<\/li>\n<\/ul>\n","protected":false},"featured_media":10000055271,"comment_status":"closed","ping_status":"closed","template":"","meta":[],"product_brand":[],"product_cat":[6848,6890,6142,6836],"product_tag":[],"class_list":{"0":"post-55271","1":"product","2":"type-product","3":"status-publish","4":"has-post-thumbnail","6":"product_cat-athletik","7":"product_cat-fussball","8":"product_cat-fussball-tore-netze","9":"product_cat-sportartikel","11":"first","12":"instock","13":"taxable","14":"shipping-taxable","15":"purchasable","16":"product-type-simple","17":"add-to-wishlist-after_add_to_cart"},"jetpack_sharing_enabled":true,"_links":{"self":[{"href":"https:\/\/de-prime.com\/index.php\/wp-json\/wp\/v2\/product\/55271","targetHints":{"allow":["GET"]}}],"collection":[{"href":"https:\/\/de-prime.com\/index.php\/wp-json\/wp\/v2\/product"}],"about":[{"href":"https:\/\/de-prime.com\/index.php\/wp-json\/wp\/v2\/types\/product"}],"replies":[{"embeddable":true,"href":"https:\/\/de-prime.com\/index.php\/wp-json\/wp\/v2\/comments?post=55271"}],"wp:featuredmedia":[{"embeddable":true,"href":"https:\/\/de-prime.com\/index.php\/wp-json\/"}],"wp:attachment":[{"href":"https:\/\/de-prime.com\/index.php\/wp-json\/wp\/v2\/media?parent=55271"}],"wp:term":[{"taxonomy":"product_brand","embeddable":true,"href":"https:\/\/de-prime.com\/index.php\/wp-json\/wp\/v2\/product_brand?post=55271"},{"taxonomy":"product_cat","embeddable":true,"href":"https:\/\/de-prime.com\/index.php\/wp-json\/wp\/v2\/product_cat?post=55271"},{"taxonomy":"product_tag","embeddable":true,"href":"https:\/\/de-prime.com\/index.php\/wp-json\/wp\/v2\/product_tag?post=55271"}],"curies":[{"name":"wp","href":"https:\/\/api.w.org\/{rel}","templated":true}]}}