{"id":55269,"date":"2024-10-01T16:11:25","date_gmt":"2024-10-01T16:11:25","guid":{"rendered":"https:\/\/de-prime.com\/?p=55269"},"modified":"2024-10-01T16:39:47","modified_gmt":"2024-10-01T16:39:47","slug":"softball-rebounder-88x79x137-cm-stahl","status":"publish","type":"product","link":"https:\/\/de-prime.com\/index.php\/product\/softball-rebounder-88x79x137-cm-stahl\/","title":{"rendered":"Softball Rebounder 88x79x137 cm Stahl"},"content":{"rendered":"<p>Dieser Softball-Rebounder kann so eingestellt werden, dass er Ihre Schl\u00e4ge durch die Luft zur\u00fcckgibt. Damit k\u00f6nnen Sie eine Vielzahl von \u00dcbungen zur Ballkontrolle durchf\u00fchren. Er ist eine hervorragende M\u00f6glichkeit f\u00fcr Kinder und Erwachsene, ihre Wurf- und Feldspielf\u00e4higkeiten zu trainieren. Der Softball-Rebounder ist aus hochwertigen Stahlrohren gefertigt, langlebig und zuverl\u00e4ssig f\u00fcr den langfristigen Gebrauch. Dieses Trainingsnetz besteht aus einem strapazierf\u00e4higen PE-Netz, das harten Sch\u00fcssen von Baseb\u00e4llen, Fu\u00dfb\u00e4llen und sogar Basketb\u00e4llen standh\u00e4lt, ohne zu rei\u00dfen. Au\u00dferdem verf\u00fcgt das Netz \u00fcber ein Zielband, das einer Schlagzone in Standardgr\u00f6\u00dfe \u00e4hnelt. Mit diesem Rebounder-Netz k\u00f6nnen Sie ohne einen Partner trainieren. Das Netz l\u00e4sst den Ball abprallen wie ein Trampolin. So k\u00f6nnen Sie Werfen, Groundballs, Flyballs, Pitching und vieles mehr \u00fcben. Dieses Rebounder-\u00dcbungsnetz ist ideal f\u00fcr eine Vielzahl von Sportarten, wie Baseball, Softball, Lax, Fu\u00dfball, Football, Volleyball, Basketball oder Tennis. Das leichte Design sorgt daf\u00fcr, dass Sie Ihr Trainingsger\u00e4t leicht vom Feld nach Hause transportieren k\u00f6nnen.<\/p>\n<ul>\n<li>Farbe: Schwarz<\/li>\n<li>Rahmen-Material: Stahl<\/li>\n<li>Netzmaterial: PE<\/li>\n<li>Gesamtma\u00dfe: 88 x 79 x 137 cm (B x T x H)<\/li>\n<li>Netzgr\u00f6\u00dfe: 4,5 x 4,5 cm (L x B)<\/li>\n<li>Inklusive 4 Stk. Stahlpfl\u00f6cke<\/li>\n<li>Inklusive 24 Stk. Gummib\u00e4nder zur Netzbefestigung<\/li>\n<li>Zusammenbau erforderlich: Ja<\/li>\n<\/ul>\n","protected":false},"excerpt":{"rendered":"<ul>\n<li>Farbe: Schwarz<\/li>\n<li>Rahmen-Material: Stahl<\/li>\n<li>Netzmaterial: PE<\/li>\n<li>Gesamtma\u00dfe: 88 x 79 x 137 cm (B x T x H)<\/li>\n<li>Netzgr\u00f6\u00dfe: 4,5 x 4,5 cm (L x B)<\/li>\n<li>Inklusive 4 Stk. Stahlpfl\u00f6cke<\/li>\n<li>Inklusive 24 Stk. Gummib\u00e4nder zur Netzbefestigung<\/li>\n<li>Zusammenbau erforderlich: Ja<\/li>\n<\/ul>\n","protected":false},"featured_media":10000055269,"comment_status":"closed","ping_status":"closed","template":"","meta":[],"product_brand":[],"product_cat":[6848,6890,6142,6836],"product_tag":[],"class_list":{"0":"post-55269","1":"product","2":"type-product","3":"status-publish","4":"has-post-thumbnail","6":"product_cat-athletik","7":"product_cat-fussball","8":"product_cat-fussball-tore-netze","9":"product_cat-sportartikel","11":"first","12":"instock","13":"taxable","14":"shipping-taxable","15":"purchasable","16":"product-type-simple","17":"add-to-wishlist-after_add_to_cart"},"jetpack_sharing_enabled":true,"_links":{"self":[{"href":"https:\/\/de-prime.com\/index.php\/wp-json\/wp\/v2\/product\/55269","targetHints":{"allow":["GET"]}}],"collection":[{"href":"https:\/\/de-prime.com\/index.php\/wp-json\/wp\/v2\/product"}],"about":[{"href":"https:\/\/de-prime.com\/index.php\/wp-json\/wp\/v2\/types\/product"}],"replies":[{"embeddable":true,"href":"https:\/\/de-prime.com\/index.php\/wp-json\/wp\/v2\/comments?post=55269"}],"wp:featuredmedia":[{"embeddable":true,"href":"https:\/\/de-prime.com\/index.php\/wp-json\/"}],"wp:attachment":[{"href":"https:\/\/de-prime.com\/index.php\/wp-json\/wp\/v2\/media?parent=55269"}],"wp:term":[{"taxonomy":"product_brand","embeddable":true,"href":"https:\/\/de-prime.com\/index.php\/wp-json\/wp\/v2\/product_brand?post=55269"},{"taxonomy":"product_cat","embeddable":true,"href":"https:\/\/de-prime.com\/index.php\/wp-json\/wp\/v2\/product_cat?post=55269"},{"taxonomy":"product_tag","embeddable":true,"href":"https:\/\/de-prime.com\/index.php\/wp-json\/wp\/v2\/product_tag?post=55269"}],"curies":[{"name":"wp","href":"https:\/\/api.w.org\/{rel}","templated":true}]}}