{"id":55264,"date":"2024-10-01T16:11:25","date_gmt":"2024-10-01T16:11:25","guid":{"rendered":"https:\/\/de-prime.com\/?p=55264"},"modified":"2024-10-01T16:39:43","modified_gmt":"2024-10-01T16:39:43","slug":"kinder-fussballtore-2-stk-aufbewahrungstasche-183x1175x1205cm","status":"publish","type":"product","link":"https:\/\/de-prime.com\/index.php\/product\/kinder-fussballtore-2-stk-aufbewahrungstasche-183x1175x1205cm\/","title":{"rendered":"Kinder Fu\u00dfballtore 2 Stk. Aufbewahrungstasche 183&#215;117,5&#215;120,5cm"},"content":{"rendered":"<p>Dieses Fu\u00dfballtor-Set ist eine ausgezeichnete Wahl f\u00fcr Kinder zum \u00dcben im Garten, Hinterhof und am Strand. Mit diesem Pop-Up-Fu\u00dfballtor k\u00f6nnen kleine Spieler \u00fcberall und jederzeit ein spannendes Spiel genie\u00dfen. Die Rohre aus Stahl und Fiberglas sorgen f\u00fcr eine ausgezeichnete Stabilit\u00e4t und gew\u00e4hrleisten eine lange Lebensdauer. Das Fu\u00dfballtor besitzt eine hohe Druckfestigkeit und l\u00e4sst sich nicht leicht besch\u00e4digen. Das Netz ist im Handumdrehen einsatzbereit und kann nach dem Schlusspfiff genauso schnell wieder verstaut werden. Das Fu\u00dfballtor ist leicht und tragbar und eignet sich daher ideal zum Mitnehmen zum Training. Dank des faltbaren Designs und der Aufbewahrungstasche l\u00e4sst es sich auf eine kompakte Gr\u00f6\u00dfe zusammenfalten, um Transport und Lagerung zu erleichtern.<\/p>\n<ul>\n<li>Farbe: Blau und Schwarz<\/li>\n<li>Rohrmaterial: Stahl, Fiberglas<\/li>\n<li>Netzmaterial: Oxford<\/li>\n<li>Abmessungen: 183 x 117,5 x 120,5 cm (L x B x H)<\/li>\n<li>Klappbares Design<\/li>\n<li>Zusammenbau erforderlich: Ja<\/li>\n<li><strong>Lieferung enth\u00e4lt:<\/strong><\/li>\n<li>2 x Mini-Fu\u00dfballtor<\/li>\n<li>6 x Hering<\/li>\n<li>1 x Tragetasche<\/li>\n<li>1 x Montageanleitung<\/li>\n<\/ul>\n","protected":false},"excerpt":{"rendered":"<ul>\n<li>Farbe: Blau und Schwarz<\/li>\n<li>Rohrmaterial: Stahl, Fiberglas<\/li>\n<li>Netzmaterial: Oxford<\/li>\n<li>Abmessungen: 183 x 117,5 x 120,5 cm (L x B x H)<\/li>\n<li>Klappbares Design<\/li>\n<li>Zusammenbau erforderlich: Ja<\/li>\n<li><strong>Lieferung enth\u00e4lt:<\/strong><\/li>\n<li>2 x Mini-Fu\u00dfballtor<\/li>\n<li>6 x Hering<\/li>\n<li>1 x Tragetasche<\/li>\n<li>1 x Montageanleitung<\/li>\n<\/ul>\n","protected":false},"featured_media":10000055264,"comment_status":"closed","ping_status":"closed","template":"","meta":[],"product_brand":[],"product_cat":[6848,6890,6142,6836],"product_tag":[],"class_list":{"0":"post-55264","1":"product","2":"type-product","3":"status-publish","4":"has-post-thumbnail","6":"product_cat-athletik","7":"product_cat-fussball","8":"product_cat-fussball-tore-netze","9":"product_cat-sportartikel","11":"first","12":"instock","13":"taxable","14":"shipping-taxable","15":"purchasable","16":"product-type-simple","17":"add-to-wishlist-after_add_to_cart"},"jetpack_sharing_enabled":true,"_links":{"self":[{"href":"https:\/\/de-prime.com\/index.php\/wp-json\/wp\/v2\/product\/55264","targetHints":{"allow":["GET"]}}],"collection":[{"href":"https:\/\/de-prime.com\/index.php\/wp-json\/wp\/v2\/product"}],"about":[{"href":"https:\/\/de-prime.com\/index.php\/wp-json\/wp\/v2\/types\/product"}],"replies":[{"embeddable":true,"href":"https:\/\/de-prime.com\/index.php\/wp-json\/wp\/v2\/comments?post=55264"}],"wp:featuredmedia":[{"embeddable":true,"href":"https:\/\/de-prime.com\/index.php\/wp-json\/"}],"wp:attachment":[{"href":"https:\/\/de-prime.com\/index.php\/wp-json\/wp\/v2\/media?parent=55264"}],"wp:term":[{"taxonomy":"product_brand","embeddable":true,"href":"https:\/\/de-prime.com\/index.php\/wp-json\/wp\/v2\/product_brand?post=55264"},{"taxonomy":"product_cat","embeddable":true,"href":"https:\/\/de-prime.com\/index.php\/wp-json\/wp\/v2\/product_cat?post=55264"},{"taxonomy":"product_tag","embeddable":true,"href":"https:\/\/de-prime.com\/index.php\/wp-json\/wp\/v2\/product_tag?post=55264"}],"curies":[{"name":"wp","href":"https:\/\/api.w.org\/{rel}","templated":true}]}}