{"id":55261,"date":"2024-10-01T16:11:25","date_gmt":"2024-10-01T16:11:25","guid":{"rendered":"https:\/\/de-prime.com\/?p=55261"},"modified":"2024-10-01T16:39:41","modified_gmt":"2024-10-01T16:39:41","slug":"fussballtor-mit-netz-182x61x122-cm-stahl-weiss","status":"publish","type":"product","link":"https:\/\/de-prime.com\/index.php\/product\/fussballtor-mit-netz-182x61x122-cm-stahl-weiss\/","title":{"rendered":"Fu\u00dfballtor mit Netz 182\u00d761\u00d7122 cm Stahl Wei\u00df"},"content":{"rendered":"<p>Mit seinen robusten Pfosten und seinem stilvollen Look ist dieses Fu\u00dfballtor mit Netz die perfekte Wahl f\u00fcr Erwachsene und Kinder, die etwas Spa\u00df haben und ein Fu\u00dfballspiel veranstalten m\u00f6chten. Langlebig und robust: Aus hochwertigem Stahl gefertigt, ist das Fu\u00dfballtor \u00e4u\u00dferst stabil und dank der witterungsbest\u00e4ndigen Materialien auch auf eine lange Lebensdauer ausgelegt.Witterungsbest\u00e4ndiges Material: Das Netz besteht zu 100 % aus Polyester und ist dadurch witterungsbest\u00e4ndig und wasserdicht.Einfacher Zusammenbau: Dieses robuste Fu\u00dfballtor l\u00e4sst sich ganz einfach zusammenbauen. Beim Einsatz im Au\u00dfenbereich kannst du die mitgelieferten Stahlanker verwenden, um das Tor fest am Boden zu befestigen. Achtung:Dieses Produkt ist nicht zum Klettern, H\u00e4ngen oder zum Ausf\u00fchren von Klimmz\u00fcgen konzipiert.<\/p>\n<ul>\n<li>Robuster, lackierter Stahlrahmen<\/li>\n<li>Farbe: Wei\u00df<\/li>\n<li>Gr\u00f6\u00dfe: 182 x 61 x 122 cm (B x T x H)<\/li>\n<li>Rohrdurchmesser: 2,2 cm<\/li>\n<li>Witterungsbest\u00e4ndig<\/li>\n<li>Lieferung beinhaltet:<\/li>\n<li>1 x Fu\u00dfballtor mit Netz<\/li>\n<li>8 x Stahlrohr<\/li>\n<li>6 x Stahlhaken<\/li>\n<li>Material: Polyester: 100%<\/li>\n<\/ul>\n","protected":false},"excerpt":{"rendered":"<ul>\n<li>Robuster, lackierter Stahlrahmen<\/li>\n<li>Farbe: Wei\u00df<\/li>\n<li>Gr\u00f6\u00dfe: 182 x 61 x 122 cm (B x T x H)<\/li>\n<li>Rohrdurchmesser: 2,2 cm<\/li>\n<li>Witterungsbest\u00e4ndig<\/li>\n<li>Lieferung beinhaltet:<\/li>\n<li>1 x Fu\u00dfballtor mit Netz<\/li>\n<li>8 x Stahlrohr<\/li>\n<li>6 x Stahlhaken<\/li>\n<li>Material: Polyester: 100%<\/li>\n<\/ul>\n","protected":false},"featured_media":10000055261,"comment_status":"closed","ping_status":"closed","template":"","meta":[],"product_brand":[],"product_cat":[6848,6890,6142,6836],"product_tag":[],"class_list":{"0":"post-55261","1":"product","2":"type-product","3":"status-publish","4":"has-post-thumbnail","6":"product_cat-athletik","7":"product_cat-fussball","8":"product_cat-fussball-tore-netze","9":"product_cat-sportartikel","11":"first","12":"instock","13":"taxable","14":"shipping-taxable","15":"purchasable","16":"product-type-simple","17":"add-to-wishlist-after_add_to_cart"},"jetpack_sharing_enabled":true,"_links":{"self":[{"href":"https:\/\/de-prime.com\/index.php\/wp-json\/wp\/v2\/product\/55261","targetHints":{"allow":["GET"]}}],"collection":[{"href":"https:\/\/de-prime.com\/index.php\/wp-json\/wp\/v2\/product"}],"about":[{"href":"https:\/\/de-prime.com\/index.php\/wp-json\/wp\/v2\/types\/product"}],"replies":[{"embeddable":true,"href":"https:\/\/de-prime.com\/index.php\/wp-json\/wp\/v2\/comments?post=55261"}],"wp:featuredmedia":[{"embeddable":true,"href":"https:\/\/de-prime.com\/index.php\/wp-json\/"}],"wp:attachment":[{"href":"https:\/\/de-prime.com\/index.php\/wp-json\/wp\/v2\/media?parent=55261"}],"wp:term":[{"taxonomy":"product_brand","embeddable":true,"href":"https:\/\/de-prime.com\/index.php\/wp-json\/wp\/v2\/product_brand?post=55261"},{"taxonomy":"product_cat","embeddable":true,"href":"https:\/\/de-prime.com\/index.php\/wp-json\/wp\/v2\/product_cat?post=55261"},{"taxonomy":"product_tag","embeddable":true,"href":"https:\/\/de-prime.com\/index.php\/wp-json\/wp\/v2\/product_tag?post=55261"}],"curies":[{"name":"wp","href":"https:\/\/api.w.org\/{rel}","templated":true}]}}