{"id":55260,"date":"2024-10-01T16:11:25","date_gmt":"2024-10-01T16:11:25","guid":{"rendered":"https:\/\/de-prime.com\/?p=55260"},"modified":"2024-10-01T16:39:41","modified_gmt":"2024-10-01T16:39:41","slug":"fussballtor-mit-torwand-240x92x150-cm-stahl-hochwertig","status":"publish","type":"product","link":"https:\/\/de-prime.com\/index.php\/product\/fussballtor-mit-torwand-240x92x150-cm-stahl-hochwertig\/","title":{"rendered":"Fu\u00dfballtor mit Torwand 240x92x150 cm Stahl Hochwertig"},"content":{"rendered":"<p>Mit seinen robusten Pfosten und seinem stilvollen Look ist dieses Fu\u00dfballtor die perfekte Wahl f\u00fcr Erwachsene und Kinder, die etwas Spa\u00df haben und ein Fu\u00dfballspiel veranstalten m\u00f6chten. Robust und stabil: Stahl \u00fcberzeugt durch seine Festigkeit, Haltbarkeit und Korrosionsbest\u00e4ndigkeit, was ihn zur idealen Wahl f\u00fcr verschiedene Anwendungen macht, einschlie\u00dflich der M\u00f6belherstellung und des M\u00f6belbaus.Langlebiges Material: Zu 100 % aus Polyester gefertigt, sind das Netz und die Torwand witterungsbest\u00e4ndig und wasserdicht.Befestigung am Boden: Beim Einsatz im Freien kannst du die mitgelieferten Stahlhaken verwenden, um das Fu\u00dfballtor sicher am Boden zu befestigen. Achtung:Dieses Produkt ist nicht zum Klettern, H\u00e4ngen oder zum Ausf\u00fchren von Klimmz\u00fcgen konzipiert.<\/p>\n<ul>\n<li>Robuster, lackierter Stahlrahmen<\/li>\n<li>Stofffarbe: Blau<\/li>\n<li>Rahmen- und Netz-Farbe: Wei\u00df<\/li>\n<li>Gr\u00f6\u00dfe: 240 x 92 x 150 cm (B x T x H)<\/li>\n<li>Rohrdurchmesser: 2,5 cm<\/li>\n<li>Mit 8 Bodenhaken aus Stahl und 4 Sets Schrauben<\/li>\n<li>Einfacher Zusammenbau<\/li>\n<li>Witterungsbest\u00e4ndig<\/li>\n<li>Material: Polyester: 100%<\/li>\n<\/ul>\n","protected":false},"excerpt":{"rendered":"<ul>\n<li>Robuster, lackierter Stahlrahmen<\/li>\n<li>Stofffarbe: Blau<\/li>\n<li>Rahmen- und Netz-Farbe: Wei\u00df<\/li>\n<li>Gr\u00f6\u00dfe: 240 x 92 x 150 cm (B x T x H)<\/li>\n<li>Rohrdurchmesser: 2,5 cm<\/li>\n<li>Mit 8 Bodenhaken aus Stahl und 4 Sets Schrauben<\/li>\n<li>Einfacher Zusammenbau<\/li>\n<li>Witterungsbest\u00e4ndig<\/li>\n<li>Material: Polyester: 100%<\/li>\n<\/ul>\n","protected":false},"featured_media":10000055260,"comment_status":"closed","ping_status":"closed","template":"","meta":[],"product_brand":[],"product_cat":[6848,6890,6142,6836],"product_tag":[],"class_list":{"0":"post-55260","1":"product","2":"type-product","3":"status-publish","4":"has-post-thumbnail","6":"product_cat-athletik","7":"product_cat-fussball","8":"product_cat-fussball-tore-netze","9":"product_cat-sportartikel","11":"first","12":"instock","13":"taxable","14":"shipping-taxable","15":"purchasable","16":"product-type-simple","17":"add-to-wishlist-after_add_to_cart"},"jetpack_sharing_enabled":true,"_links":{"self":[{"href":"https:\/\/de-prime.com\/index.php\/wp-json\/wp\/v2\/product\/55260","targetHints":{"allow":["GET"]}}],"collection":[{"href":"https:\/\/de-prime.com\/index.php\/wp-json\/wp\/v2\/product"}],"about":[{"href":"https:\/\/de-prime.com\/index.php\/wp-json\/wp\/v2\/types\/product"}],"replies":[{"embeddable":true,"href":"https:\/\/de-prime.com\/index.php\/wp-json\/wp\/v2\/comments?post=55260"}],"wp:featuredmedia":[{"embeddable":true,"href":"https:\/\/de-prime.com\/index.php\/wp-json\/"}],"wp:attachment":[{"href":"https:\/\/de-prime.com\/index.php\/wp-json\/wp\/v2\/media?parent=55260"}],"wp:term":[{"taxonomy":"product_brand","embeddable":true,"href":"https:\/\/de-prime.com\/index.php\/wp-json\/wp\/v2\/product_brand?post=55260"},{"taxonomy":"product_cat","embeddable":true,"href":"https:\/\/de-prime.com\/index.php\/wp-json\/wp\/v2\/product_cat?post=55260"},{"taxonomy":"product_tag","embeddable":true,"href":"https:\/\/de-prime.com\/index.php\/wp-json\/wp\/v2\/product_tag?post=55260"}],"curies":[{"name":"wp","href":"https:\/\/api.w.org\/{rel}","templated":true}]}}