{"id":55257,"date":"2024-10-01T16:11:24","date_gmt":"2024-10-01T16:11:24","guid":{"rendered":"https:\/\/de-prime.com\/?p=55257"},"modified":"2024-10-01T16:37:39","modified_gmt":"2024-10-01T16:37:39","slug":"fussballtor-fuer-kinder-100x75x55-cm-kunststoff","status":"publish","type":"product","link":"https:\/\/de-prime.com\/index.php\/product\/fussballtor-fuer-kinder-100x75x55-cm-kunststoff\/","title":{"rendered":"Fu\u00dfballtor f\u00fcr Kinder 100x75x55 cm Kunststoff"},"content":{"rendered":"<p>Dieses Kinder-Fu\u00dfballtor eignet sich perfekt f\u00fcr junge Fu\u00dfballspieler, die gerade erst anfangen, das Spiel zu erlernen. Der robuste Rahmen sorgt f\u00fcr hohe Stabilit\u00e4t und eine hervorragende Haltbarkeit. Um eine bessere Stabilit\u00e4t zu erzielen, k\u00f6nnen Sie die Seitenw\u00e4nde mit Wasser bef\u00fcllen. Dar\u00fcber hinaus l\u00e4sst sich das Fu\u00dfballtor dank seiner Leichtbauweise in Sekundenschnelle einfach montieren, transportieren und verstauen.<\/p>\n<ul>\n<li>Farbe: Blau<\/li>\n<li>Material: Kunststoff<\/li>\n<li>Abmessungen: 100 x 75 x 55 cm (B x T x H)<\/li>\n<li>Seitenw\u00e4nde k\u00f6nnen zur besseren Stabilit\u00e4t mit Wasser bef\u00fcllt werden<\/li>\n<li>Geeignet f\u00fcr Kinder ab 36 Monaten (3 Jahren)<\/li>\n<li>F\u00fcr den Innen- und Au\u00dfenbereich geeignet.<\/li>\n<li>Zusammenbau erforderlich: Ja<\/li>\n<\/ul>\n","protected":false},"excerpt":{"rendered":"<ul>\n<li>Farbe: Blau<\/li>\n<li>Material: Kunststoff<\/li>\n<li>Abmessungen: 100 x 75 x 55 cm (B x T x H)<\/li>\n<li>Seitenw\u00e4nde k\u00f6nnen zur besseren Stabilit\u00e4t mit Wasser bef\u00fcllt werden<\/li>\n<li>Geeignet f\u00fcr Kinder ab 36 Monaten (3 Jahren)<\/li>\n<li>F\u00fcr den Innen- und Au\u00dfenbereich geeignet.<\/li>\n<li>Zusammenbau erforderlich: Ja<\/li>\n<\/ul>\n","protected":false},"featured_media":10000055257,"comment_status":"closed","ping_status":"closed","template":"","meta":[],"product_brand":[],"product_cat":[6848,6890,6142,6836],"product_tag":[],"class_list":{"0":"post-55257","1":"product","2":"type-product","3":"status-publish","4":"has-post-thumbnail","6":"product_cat-athletik","7":"product_cat-fussball","8":"product_cat-fussball-tore-netze","9":"product_cat-sportartikel","11":"first","12":"instock","13":"taxable","14":"shipping-taxable","15":"purchasable","16":"product-type-simple","17":"add-to-wishlist-after_add_to_cart"},"jetpack_sharing_enabled":true,"_links":{"self":[{"href":"https:\/\/de-prime.com\/index.php\/wp-json\/wp\/v2\/product\/55257","targetHints":{"allow":["GET"]}}],"collection":[{"href":"https:\/\/de-prime.com\/index.php\/wp-json\/wp\/v2\/product"}],"about":[{"href":"https:\/\/de-prime.com\/index.php\/wp-json\/wp\/v2\/types\/product"}],"replies":[{"embeddable":true,"href":"https:\/\/de-prime.com\/index.php\/wp-json\/wp\/v2\/comments?post=55257"}],"wp:featuredmedia":[{"embeddable":true,"href":"https:\/\/de-prime.com\/index.php\/wp-json\/"}],"wp:attachment":[{"href":"https:\/\/de-prime.com\/index.php\/wp-json\/wp\/v2\/media?parent=55257"}],"wp:term":[{"taxonomy":"product_brand","embeddable":true,"href":"https:\/\/de-prime.com\/index.php\/wp-json\/wp\/v2\/product_brand?post=55257"},{"taxonomy":"product_cat","embeddable":true,"href":"https:\/\/de-prime.com\/index.php\/wp-json\/wp\/v2\/product_cat?post=55257"},{"taxonomy":"product_tag","embeddable":true,"href":"https:\/\/de-prime.com\/index.php\/wp-json\/wp\/v2\/product_tag?post=55257"}],"curies":[{"name":"wp","href":"https:\/\/api.w.org\/{rel}","templated":true}]}}