{"id":55254,"date":"2024-10-01T16:11:24","date_gmt":"2024-10-01T16:11:24","guid":{"rendered":"https:\/\/de-prime.com\/?p=55254"},"modified":"2024-10-01T16:37:38","modified_gmt":"2024-10-01T16:37:38","slug":"fussballtor-fuer-kinder-klappbar-schwarz-90x64x64-cm","status":"publish","type":"product","link":"https:\/\/de-prime.com\/index.php\/product\/fussballtor-fuer-kinder-klappbar-schwarz-90x64x64-cm\/","title":{"rendered":"Fu\u00dfballtor f\u00fcr Kinder Klappbar Schwarz 90x64x64 cm"},"content":{"rendered":"<p>Dieses Fu\u00dfballtor f\u00fcr Kinder bereitet deinen Kindern stundenlangen Spa\u00df, um ihr Geschick zu verbessern, B\u00e4lle abzuwehren und Minispiele mit ihren Freunden zu genie\u00dfen.Platzsparend und einfache Lagerung: Dieses tragbare Fu\u00dfballtor l\u00e4sst sich m\u00fchelos zusammenklappen und daher bei Nichtgebrauch platzsparend verstauen und einfach \u00fcberall transportieren.Sport im Innen- und Au\u00dfenbereich: Das Fu\u00dfballtor l\u00e4sst sich sowohl im Innen- als auch im Au\u00dfenbereich einsetzen, sei es im Garten, Schlafzimmer oder an jedem anderen gew\u00fcnschten Ort. Beim Einsatz im Garten kannst du die Torpfosten mit den mitgelieferten Heringen sichern, um f\u00fcr zus\u00e4tzliche Stabilit\u00e4t zu sorgen.F\u00f6rderung des Interesses an Fu\u00dfball: Das Tor f\u00f6rdert das Interesse deiner Kinder an Fu\u00dfball und tr\u00e4gt zur Verbesserung ihrer Beobachtungs-, Urteils-, F\u00fchrungs-, Gleichgewichts- und Kooperationsf\u00e4higkeiten bei.<\/p>\n<ul>\n<li>Farbe: Schwarz<\/li>\n<li>Material: Kunststoff, Polyester<\/li>\n<li>Abmessungen: 90 x 64 x 64 cm (L x B x H)<\/li>\n<li>Maschenweite: 4 x 4 cm (L x B)<\/li>\n<li>Klappbares Design<\/li>\n<li>Zusammenbau erforderlich: Ja<\/li>\n<p><strong>Lieferung umfasst:<\/strong><\/p>\n<li>1 x Fu\u00dfballtor f\u00fcr Kinder<\/li>\n<li>4 x Hering<\/li>\n<li>WARNHINWEIS: Nicht f\u00fcr Kinder unter 36 Monaten geeignet.<\/li>\n<li>WARNHINWEIS: Benutzung unter unmittelbarer Aufsicht von Erwachsenen.<\/li>\n<\/ul>\n","protected":false},"excerpt":{"rendered":"<ul>\n<li>Farbe: Schwarz<\/li>\n<li>Material: Kunststoff, Polyester<\/li>\n<li>Abmessungen: 90 x 64 x 64 cm (L x B x H)<\/li>\n<li>Maschenweite: 4 x 4 cm (L x B)<\/li>\n<li>Klappbares Design<\/li>\n<li>Zusammenbau erforderlich: Ja<\/li>\n<p><strong>Lieferung umfasst:<\/strong><\/p>\n<li>1 x Fu\u00dfballtor f\u00fcr Kinder<\/li>\n<li>4 x Hering<\/li>\n<li>WARNHINWEIS: Nicht f\u00fcr Kinder unter 36 Monaten geeignet.<\/li>\n<li>WARNHINWEIS: Benutzung unter unmittelbarer Aufsicht von Erwachsenen.<\/li>\n<\/ul>\n","protected":false},"featured_media":10000055254,"comment_status":"closed","ping_status":"closed","template":"","meta":[],"product_brand":[],"product_cat":[6848,6890,6142,6836],"product_tag":[],"class_list":{"0":"post-55254","1":"product","2":"type-product","3":"status-publish","4":"has-post-thumbnail","6":"product_cat-athletik","7":"product_cat-fussball","8":"product_cat-fussball-tore-netze","9":"product_cat-sportartikel","11":"first","12":"instock","13":"taxable","14":"shipping-taxable","15":"purchasable","16":"product-type-simple","17":"add-to-wishlist-after_add_to_cart"},"jetpack_sharing_enabled":true,"_links":{"self":[{"href":"https:\/\/de-prime.com\/index.php\/wp-json\/wp\/v2\/product\/55254","targetHints":{"allow":["GET"]}}],"collection":[{"href":"https:\/\/de-prime.com\/index.php\/wp-json\/wp\/v2\/product"}],"about":[{"href":"https:\/\/de-prime.com\/index.php\/wp-json\/wp\/v2\/types\/product"}],"replies":[{"embeddable":true,"href":"https:\/\/de-prime.com\/index.php\/wp-json\/wp\/v2\/comments?post=55254"}],"wp:featuredmedia":[{"embeddable":true,"href":"https:\/\/de-prime.com\/index.php\/wp-json\/"}],"wp:attachment":[{"href":"https:\/\/de-prime.com\/index.php\/wp-json\/wp\/v2\/media?parent=55254"}],"wp:term":[{"taxonomy":"product_brand","embeddable":true,"href":"https:\/\/de-prime.com\/index.php\/wp-json\/wp\/v2\/product_brand?post=55254"},{"taxonomy":"product_cat","embeddable":true,"href":"https:\/\/de-prime.com\/index.php\/wp-json\/wp\/v2\/product_cat?post=55254"},{"taxonomy":"product_tag","embeddable":true,"href":"https:\/\/de-prime.com\/index.php\/wp-json\/wp\/v2\/product_tag?post=55254"}],"curies":[{"name":"wp","href":"https:\/\/api.w.org\/{rel}","templated":true}]}}