{"id":55248,"date":"2024-10-01T16:11:23","date_gmt":"2024-10-01T16:11:23","guid":{"rendered":"https:\/\/de-prime.com\/?p=55248"},"modified":"2024-10-01T16:37:35","modified_gmt":"2024-10-01T16:37:35","slug":"fussballtor-mit-netz-160x80x100-cm-kiefernholz-impraegniert","status":"publish","type":"product","link":"https:\/\/de-prime.com\/index.php\/product\/fussballtor-mit-netz-160x80x100-cm-kiefernholz-impraegniert\/","title":{"rendered":"Fu\u00dfballtor mit Netz 160x80x100 cm Kiefernholz Impr\u00e4gniert"},"content":{"rendered":"<p>Dribbeln, dribbeln und punkten! Mit diesem Fu\u00dfballtor aus Holz wird das Schie\u00dfen aus verschiedenen Winkeln zum Kinderspiel! Der Rahmen aus impr\u00e4gniertem Kiefernholz sorgt f\u00fcr eine hohe Stabilit\u00e4t und gew\u00e4hrleistet eine lange Lebensdauer. Und das Netz besteht aus PE, was es witterungsbest\u00e4ndig macht.<\/p>\n<ul>\n<li>Material: Gr\u00fcn impr\u00e4gniertes Kiefernholz, PE<\/li>\n<li>Abmessungen: 160 x 80 x 100 cm (B x T x H)<\/li>\n<li>Zusammenbau erforderlich: Ja<\/li>\n<\/ul>\n","protected":false},"excerpt":{"rendered":"<ul>\n<li>Material: Gr\u00fcn impr\u00e4gniertes Kiefernholz, PE<\/li>\n<li>Abmessungen: 160 x 80 x 100 cm (B x T x H)<\/li>\n<li>Zusammenbau erforderlich: Ja<\/li>\n<\/ul>\n","protected":false},"featured_media":10000055248,"comment_status":"closed","ping_status":"closed","template":"","meta":[],"product_brand":[],"product_cat":[6848,6890,6142,6836],"product_tag":[],"class_list":{"0":"post-55248","1":"product","2":"type-product","3":"status-publish","4":"has-post-thumbnail","6":"product_cat-athletik","7":"product_cat-fussball","8":"product_cat-fussball-tore-netze","9":"product_cat-sportartikel","11":"first","12":"instock","13":"taxable","14":"shipping-taxable","15":"purchasable","16":"product-type-simple","17":"add-to-wishlist-after_add_to_cart"},"jetpack_sharing_enabled":true,"_links":{"self":[{"href":"https:\/\/de-prime.com\/index.php\/wp-json\/wp\/v2\/product\/55248","targetHints":{"allow":["GET"]}}],"collection":[{"href":"https:\/\/de-prime.com\/index.php\/wp-json\/wp\/v2\/product"}],"about":[{"href":"https:\/\/de-prime.com\/index.php\/wp-json\/wp\/v2\/types\/product"}],"replies":[{"embeddable":true,"href":"https:\/\/de-prime.com\/index.php\/wp-json\/wp\/v2\/comments?post=55248"}],"wp:featuredmedia":[{"embeddable":true,"href":"https:\/\/de-prime.com\/index.php\/wp-json\/"}],"wp:attachment":[{"href":"https:\/\/de-prime.com\/index.php\/wp-json\/wp\/v2\/media?parent=55248"}],"wp:term":[{"taxonomy":"product_brand","embeddable":true,"href":"https:\/\/de-prime.com\/index.php\/wp-json\/wp\/v2\/product_brand?post=55248"},{"taxonomy":"product_cat","embeddable":true,"href":"https:\/\/de-prime.com\/index.php\/wp-json\/wp\/v2\/product_cat?post=55248"},{"taxonomy":"product_tag","embeddable":true,"href":"https:\/\/de-prime.com\/index.php\/wp-json\/wp\/v2\/product_tag?post=55248"}],"curies":[{"name":"wp","href":"https:\/\/api.w.org\/{rel}","templated":true}]}}