{"id":55246,"date":"2024-10-01T16:11:23","date_gmt":"2024-10-01T16:11:23","guid":{"rendered":"https:\/\/de-prime.com\/?p=55246"},"modified":"2024-10-01T16:37:35","modified_gmt":"2024-10-01T16:37:35","slug":"fussball-tornetze-2-stueck-240-x-90-x-150-cm-stahl","status":"publish","type":"product","link":"https:\/\/de-prime.com\/index.php\/product\/fussball-tornetze-2-stueck-240-x-90-x-150-cm-stahl\/","title":{"rendered":"Fu\u00dfball-Tornetze 2 St\u00fcck 240 x 90 x 150 cm Stahl"},"content":{"rendered":"<p>Diese Fu\u00dfballtornetze mit stabilen Pfosten und Kompaktnetz sind sowohl f\u00fcr Erwachsene als auch f\u00fcr Kinder zum Spielen oder zur Teilnahme an Sportwettk\u00e4mpfen konzipiert. Die hochwertigen Stahlrahmen sorgen f\u00fcr h\u00f6chste Stabilit\u00e4t und garantieren dem Fu\u00dfballtor eine lange Lebensdauer und eine ausgezeichnete Haltbarkeit durch wetterfeste Materialien. Und die Netze sind aus 100% Polyester gefertigt, was sie wetterfest und wasserdicht macht. Die Fu\u00dfballtornetze werden komplett mit stabilen Rohren geliefert und sind sehr einfach zu montieren. Wenn Sie sie im Freien platzieren, k\u00f6nnen Sie die Tornetze mit den mitgelieferten Stahlhaken fest am Boden verankern. Unsere Fu\u00dfballtornetze sind eine gro\u00dfartige Kombination aus Stil und Funktionalit\u00e4t. Im Lieferumfang enthalten sind 2 Fu\u00dfballtornetze, 16 Stahlhaken und 8 Schraubensets.<\/p>\n<ul>\n<li>Farbe: Wei\u00df<\/li>\n<li>Langlebiger lackierter Stahlrahmen<\/li>\n<li>Gr\u00f6\u00dfe: 240 x 90 x 150 cm (B x T x H)<\/li>\n<li>Rohrdurchmesser: 2,5 cm<\/li>\n<li>Witterungsbest\u00e4ndig<\/li>\n<li><strong>Lieferung beinhaltet:<\/strong><\/li>\n<li>2 x Fu\u00dfballtornetz<\/li>\n<li>16 x Stahlhaken<\/li>\n<li>8 x Schraubensatz<\/li>\n<\/ul>\n","protected":false},"excerpt":{"rendered":"<ul>\n<li>Farbe: Wei\u00df<\/li>\n<li>Langlebiger lackierter Stahlrahmen<\/li>\n<li>Gr\u00f6\u00dfe: 240 x 90 x 150 cm (B x T x H)<\/li>\n<li>Rohrdurchmesser: 2,5 cm<\/li>\n<li>Witterungsbest\u00e4ndig<\/li>\n<li><strong>Lieferung beinhaltet:<\/strong><\/li>\n<li>2 x Fu\u00dfballtornetz<\/li>\n<li>16 x Stahlhaken<\/li>\n<li>8 x Schraubensatz<\/li>\n<\/ul>\n","protected":false},"featured_media":10000055246,"comment_status":"closed","ping_status":"closed","template":"","meta":[],"product_brand":[],"product_cat":[6848,6890,6142,6836],"product_tag":[],"class_list":{"0":"post-55246","1":"product","2":"type-product","3":"status-publish","4":"has-post-thumbnail","6":"product_cat-athletik","7":"product_cat-fussball","8":"product_cat-fussball-tore-netze","9":"product_cat-sportartikel","11":"first","12":"instock","13":"taxable","14":"shipping-taxable","15":"purchasable","16":"product-type-simple","17":"add-to-wishlist-after_add_to_cart"},"jetpack_sharing_enabled":true,"_links":{"self":[{"href":"https:\/\/de-prime.com\/index.php\/wp-json\/wp\/v2\/product\/55246","targetHints":{"allow":["GET"]}}],"collection":[{"href":"https:\/\/de-prime.com\/index.php\/wp-json\/wp\/v2\/product"}],"about":[{"href":"https:\/\/de-prime.com\/index.php\/wp-json\/wp\/v2\/types\/product"}],"replies":[{"embeddable":true,"href":"https:\/\/de-prime.com\/index.php\/wp-json\/wp\/v2\/comments?post=55246"}],"wp:featuredmedia":[{"embeddable":true,"href":"https:\/\/de-prime.com\/index.php\/wp-json\/"}],"wp:attachment":[{"href":"https:\/\/de-prime.com\/index.php\/wp-json\/wp\/v2\/media?parent=55246"}],"wp:term":[{"taxonomy":"product_brand","embeddable":true,"href":"https:\/\/de-prime.com\/index.php\/wp-json\/wp\/v2\/product_brand?post=55246"},{"taxonomy":"product_cat","embeddable":true,"href":"https:\/\/de-prime.com\/index.php\/wp-json\/wp\/v2\/product_cat?post=55246"},{"taxonomy":"product_tag","embeddable":true,"href":"https:\/\/de-prime.com\/index.php\/wp-json\/wp\/v2\/product_tag?post=55246"}],"curies":[{"name":"wp","href":"https:\/\/api.w.org\/{rel}","templated":true}]}}