{"id":55216,"date":"2024-10-01T16:11:21","date_gmt":"2024-10-01T16:11:21","guid":{"rendered":"https:\/\/de-prime.com\/?p=55216"},"modified":"2024-10-01T16:42:36","modified_gmt":"2024-10-01T16:42:36","slug":"fahrrad-mit-festem-gang-schwarz-und-gruen-700c-55-cm","status":"publish","type":"product","link":"https:\/\/de-prime.com\/index.php\/product\/fahrrad-mit-festem-gang-schwarz-und-gruen-700c-55-cm\/","title":{"rendered":"Fahrrad mit Festem Gang Schwarz und Gr\u00fcn 700c 55 cm"},"content":{"rendered":"<p>Dieses Fahrrad mit festem Gang eignet sich perfekt f\u00fcr Pendler, die fit werden m\u00f6chten, oder einfach nur f\u00fcr einen Ausflug mit der Familie, um die Natur zu genie\u00dfen. Bequem: Das Fahrrad mit festem Gang ist mit einem leichten Aluminiumrahmen ausgestattet, der das Fahrrad leichter macht als andere Fahrr\u00e4der und die Handhabung erheblich erleichtert.Sicherheit: Das Singlespeed-Fahrrad ist mit Reflektoren ausgestattet, die deine Sichtbarkeit erh\u00f6hen. Egal, ob du in der D\u00e4mmerung oder in der Nacht unterwegs bist, diese sorgen daf\u00fcr, dass Fu\u00dfg\u00e4nger, Autofahrer und andere Radfahrer dich bemerken. Zudem gew\u00e4hrleisten die zuverl\u00e4ssigen Felgenbremsen an beiden R\u00e4dern eine effiziente Verz\u00f6gerung.Stabil und robust: Das Singlespeed-Fahrrad verf\u00fcgt \u00fcber einen WIG-geschwei\u00dften Rahmen, der eine lange Lebensdauer bei gleichzeitig modernem Design garantiert.Vielseitig: Mit einer Flip-Flop-Nabe ausgestattet, bietet dir das Eingang-Fahrrad die M\u00f6glichkeit, zwischen festem Gang und Freilauf zu wechseln. Egal, ob du auf den Stra\u00dfen der Stadt oder auf der Rennstrecke Rad f\u00e4hrst, dieses anpassungsf\u00e4hige Design sorgt f\u00fcr eine komfortable Fahrt. Gut zu wissen:Bitte befolge beim Fahrradfahren immer die \u00f6rtlichen gesetzlichen Bestimmungen hinsichtlich der Beleuchtung, Reflektoren und anderen Sicherheitsma\u00dfnahmen. Die Nichteinhaltung kann zu Einschr\u00e4nkungen in \u00f6ffentlichen Bereichen f\u00fchren.<\/p>\n<ul>\n<li>Farbe: Schwarz und Gr\u00fcn<\/li>\n<li>Material des Rahmen und der Vorderradgabel: Stahl<\/li>\n<li>Material der R\u00e4der: Aluminium<\/li>\n<li>Gr\u00f6\u00dfe des Rahmens: 55 cm<\/li>\n<li>Abmessungen der R\u00e4der: 700x28c<\/li>\n<li>Sitzh\u00f6he: 88 cm<\/li>\n<li>L\u00e4nge des Fahrrads: 169 cm<\/li>\n<li>Breite des geraden Lenkers: 48 cm<\/li>\n<li>Typ der Bremse: Felgenbremse<\/li>\n<li>Geschwindigkeitsstufen: 1<\/li>\n<li>Mit Flipflop-Nabe<\/li>\n<li>Zusammenbau erforderlich: Ja<\/li>\n<\/ul>\n","protected":false},"excerpt":{"rendered":"<ul>\n<li>Farbe: Schwarz und Gr\u00fcn<\/li>\n<li>Material des Rahmen und der Vorderradgabel: Stahl<\/li>\n<li>Material der R\u00e4der: Aluminium<\/li>\n<li>Gr\u00f6\u00dfe des Rahmens: 55 cm<\/li>\n<li>Abmessungen der R\u00e4der: 700x28c<\/li>\n<li>Sitzh\u00f6he: 88 cm<\/li>\n<li>L\u00e4nge des Fahrrads: 169 cm<\/li>\n<li>Breite des geraden Lenkers: 48 cm<\/li>\n<li>Typ der Bremse: Felgenbremse<\/li>\n<li>Geschwindigkeitsstufen: 1<\/li>\n<li>Mit Flipflop-Nabe<\/li>\n<li>Zusammenbau erforderlich: Ja<\/li>\n<\/ul>\n","protected":false},"featured_media":10000055216,"comment_status":"closed","ping_status":"closed","template":"","meta":[],"product_brand":[],"product_cat":[6884,6837,6875,6836],"product_tag":[],"class_list":{"0":"post-55216","1":"product","2":"type-product","3":"status-publish","4":"has-post-thumbnail","6":"product_cat-fahrraeder","7":"product_cat-outdoor-aktivitaeten","8":"product_cat-radsport","9":"product_cat-sportartikel","11":"first","12":"instock","13":"taxable","14":"shipping-taxable","15":"purchasable","16":"product-type-simple","17":"add-to-wishlist-after_add_to_cart"},"jetpack_sharing_enabled":true,"_links":{"self":[{"href":"https:\/\/de-prime.com\/index.php\/wp-json\/wp\/v2\/product\/55216","targetHints":{"allow":["GET"]}}],"collection":[{"href":"https:\/\/de-prime.com\/index.php\/wp-json\/wp\/v2\/product"}],"about":[{"href":"https:\/\/de-prime.com\/index.php\/wp-json\/wp\/v2\/types\/product"}],"replies":[{"embeddable":true,"href":"https:\/\/de-prime.com\/index.php\/wp-json\/wp\/v2\/comments?post=55216"}],"wp:featuredmedia":[{"embeddable":true,"href":"https:\/\/de-prime.com\/index.php\/wp-json\/"}],"wp:attachment":[{"href":"https:\/\/de-prime.com\/index.php\/wp-json\/wp\/v2\/media?parent=55216"}],"wp:term":[{"taxonomy":"product_brand","embeddable":true,"href":"https:\/\/de-prime.com\/index.php\/wp-json\/wp\/v2\/product_brand?post=55216"},{"taxonomy":"product_cat","embeddable":true,"href":"https:\/\/de-prime.com\/index.php\/wp-json\/wp\/v2\/product_cat?post=55216"},{"taxonomy":"product_tag","embeddable":true,"href":"https:\/\/de-prime.com\/index.php\/wp-json\/wp\/v2\/product_tag?post=55216"}],"curies":[{"name":"wp","href":"https:\/\/api.w.org\/{rel}","templated":true}]}}