{"id":55203,"date":"2024-10-01T16:11:19","date_gmt":"2024-10-01T16:11:19","guid":{"rendered":"https:\/\/de-prime.com\/?p=55203"},"modified":"2024-10-01T16:42:27","modified_gmt":"2024-10-01T16:42:27","slug":"mountainbike-21-gang-275-zoll-rad-42-cm-rot","status":"publish","type":"product","link":"https:\/\/de-prime.com\/index.php\/product\/mountainbike-21-gang-275-zoll-rad-42-cm-rot\/","title":{"rendered":"Mountainbike 21 Gang 27,5 Zoll Rad 42 cm Rot"},"content":{"rendered":"<p>Machen Sie sich mit diesem Mountainbike auf den Weg! Dieses Fahrrad mit 27,5&#8243; Reifen bietet Ihnen eine sanfte Fahrt selbst auf unwegsamem Gel\u00e4nde. Der Stahlrahmen und die Federgabel sorgen f\u00fcr eine komfortable Fahrt, w\u00e4hrend die stabilen und leichten Aluminiumfelgen zus\u00e4tzliche Stabilit\u00e4t bieten. Die Motivation kommt in Form eines 21-Gang-Antriebsstrangs mit einem vorderen und hinteren Shimano-Kettenwechsler. Die werkzeuglos verstellbare Sattelst\u00fctze erleichtert das Finden einer bequemen Position. Dabei k\u00f6nnen Sie mit Leichtigkeit hoch oder niedrig fahren. Die Scheibenbremsen sind auf ein sicheres Anhalten unter allen Bedingungen ausgelegt.<\/p>\n<ul>\n<li>Farbe: Rot<\/li>\n<li>Rahmen-\/Gabelmaterial: Stahl<\/li>\n<li>Felgenmaterial: Aluminium<\/li>\n<li>Gesamtl\u00e4nge: 182 cm<\/li>\n<li>Lenkerh\u00f6he: 100 cm<\/li>\n<li>Raddurchmesser: 68 cm (27,5 Zoll)<\/li>\n<li>Sattelh\u00f6he: 95 cm<\/li>\n<li>Rahmenh\u00f6he: 42 cm<\/li>\n<li>Scheibenbremsen<\/li>\n<li>Schnellspann-Sattelst\u00fctzenklemme<\/li>\n<li>21-Gang-Antrieb mit Shimano-Kettenwechsler<\/li>\n<li>Zusammenbau erforderlich: Ja<\/li>\n<\/ul>\n","protected":false},"excerpt":{"rendered":"<ul>\n<li>Farbe: Rot<\/li>\n<li>Rahmen-\/Gabelmaterial: Stahl<\/li>\n<li>Felgenmaterial: Aluminium<\/li>\n<li>Gesamtl\u00e4nge: 182 cm<\/li>\n<li>Lenkerh\u00f6he: 100 cm<\/li>\n<li>Raddurchmesser: 68 cm (27,5 Zoll)<\/li>\n<li>Sattelh\u00f6he: 95 cm<\/li>\n<li>Rahmenh\u00f6he: 42 cm<\/li>\n<li>Scheibenbremsen<\/li>\n<li>Schnellspann-Sattelst\u00fctzenklemme<\/li>\n<li>21-Gang-Antrieb mit Shimano-Kettenwechsler<\/li>\n<li>Zusammenbau erforderlich: Ja<\/li>\n<\/ul>\n","protected":false},"featured_media":10000055203,"comment_status":"closed","ping_status":"closed","template":"","meta":[],"product_brand":[],"product_cat":[6884,6837,6875,6836],"product_tag":[],"class_list":{"0":"post-55203","1":"product","2":"type-product","3":"status-publish","4":"has-post-thumbnail","6":"product_cat-fahrraeder","7":"product_cat-outdoor-aktivitaeten","8":"product_cat-radsport","9":"product_cat-sportartikel","11":"first","12":"instock","13":"taxable","14":"shipping-taxable","15":"purchasable","16":"product-type-simple","17":"add-to-wishlist-after_add_to_cart"},"jetpack_sharing_enabled":true,"_links":{"self":[{"href":"https:\/\/de-prime.com\/index.php\/wp-json\/wp\/v2\/product\/55203","targetHints":{"allow":["GET"]}}],"collection":[{"href":"https:\/\/de-prime.com\/index.php\/wp-json\/wp\/v2\/product"}],"about":[{"href":"https:\/\/de-prime.com\/index.php\/wp-json\/wp\/v2\/types\/product"}],"replies":[{"embeddable":true,"href":"https:\/\/de-prime.com\/index.php\/wp-json\/wp\/v2\/comments?post=55203"}],"wp:featuredmedia":[{"embeddable":true,"href":"https:\/\/de-prime.com\/index.php\/wp-json\/"}],"wp:attachment":[{"href":"https:\/\/de-prime.com\/index.php\/wp-json\/wp\/v2\/media?parent=55203"}],"wp:term":[{"taxonomy":"product_brand","embeddable":true,"href":"https:\/\/de-prime.com\/index.php\/wp-json\/wp\/v2\/product_brand?post=55203"},{"taxonomy":"product_cat","embeddable":true,"href":"https:\/\/de-prime.com\/index.php\/wp-json\/wp\/v2\/product_cat?post=55203"},{"taxonomy":"product_tag","embeddable":true,"href":"https:\/\/de-prime.com\/index.php\/wp-json\/wp\/v2\/product_tag?post=55203"}],"curies":[{"name":"wp","href":"https:\/\/api.w.org\/{rel}","templated":true}]}}