{"id":55194,"date":"2024-10-01T16:11:19","date_gmt":"2024-10-01T16:11:19","guid":{"rendered":"https:\/\/de-prime.com\/?p=55194"},"modified":"2024-10-01T16:40:18","modified_gmt":"2024-10-01T16:40:18","slug":"fahrradlift-deckenmontage-57-kg","status":"publish","type":"product","link":"https:\/\/de-prime.com\/index.php\/product\/fahrradlift-deckenmontage-57-kg\/","title":{"rendered":"Fahrradlift Deckenmontage 57 kg"},"content":{"rendered":"<p>Dieser Fahrradlift eignet sich ideal f\u00fcr Keller und Garagen, um Fahrr\u00e4der, E-Bikes, Dachkoffer, Leitern und Kajaks platzsparend aufzubewahren. Langlebig und sicher: Der Fahrradaufzug ist mit einer eingebauten Sicherheitsbremse sowie langlebigen und rei\u00dffesten Nylonseilen ausgestattet, die daf\u00fcr sorgen, dass deine Sachen sicher aufbewahrt werden und nicht versehentlich herunterfallen oder sich l\u00f6sen.Schutz: Die Haken des Deckenaufzugs sind mit Gummi beschichtet, um deine Sachen vor Kratzern zu sch\u00fctzen und das Verrutschen zu verhindern.Einfache Lagerung: Bei Nichtgebrauch l\u00e4sst sich dieses Produkt platzsparend in einer kleinen Ecke verstauen.Vielseitig einsetzbar: Dieser Deckenlift ist mit den meisten Kanus, Kajaks, Leitern, Fahrr\u00e4dern und E-Bikes kompatibel. Damit kannst du verschiedene Sachen anheben und platzsparend verstauen.<\/p>\n<ul>\n<li>Farbe: Schwarz<\/li>\n<li>Material: Stahl<\/li>\n<li>Maximale Deckenh\u00f6he: 4 m<\/li>\n<li>Belastbarkeit: 57 kg<\/li>\n<li>Mit 2 Nylonriemen<\/li>\n<li>Mit integrierter Sicherheitsbremse<\/li>\n<li>Befestigungsmaterial inklusive<\/li>\n<li>Zusammenbau erforderlich: Ja<\/li>\n<\/ul>\n","protected":false},"excerpt":{"rendered":"<ul>\n<li>Farbe: Schwarz<\/li>\n<li>Material: Stahl<\/li>\n<li>Maximale Deckenh\u00f6he: 4 m<\/li>\n<li>Belastbarkeit: 57 kg<\/li>\n<li>Mit 2 Nylonriemen<\/li>\n<li>Mit integrierter Sicherheitsbremse<\/li>\n<li>Befestigungsmaterial inklusive<\/li>\n<li>Zusammenbau erforderlich: Ja<\/li>\n<\/ul>\n","protected":false},"featured_media":10000055194,"comment_status":"closed","ping_status":"closed","template":"","meta":[],"product_brand":[],"product_cat":[6878,6837,6875,6836],"product_tag":[],"class_list":{"0":"post-55194","1":"product","2":"type-product","3":"status-publish","4":"has-post-thumbnail","6":"product_cat-fahrradzubehoer","7":"product_cat-outdoor-aktivitaeten","8":"product_cat-radsport","9":"product_cat-sportartikel","11":"first","12":"instock","13":"taxable","14":"shipping-taxable","15":"purchasable","16":"product-type-simple","17":"add-to-wishlist-after_add_to_cart"},"jetpack_sharing_enabled":true,"_links":{"self":[{"href":"https:\/\/de-prime.com\/index.php\/wp-json\/wp\/v2\/product\/55194","targetHints":{"allow":["GET"]}}],"collection":[{"href":"https:\/\/de-prime.com\/index.php\/wp-json\/wp\/v2\/product"}],"about":[{"href":"https:\/\/de-prime.com\/index.php\/wp-json\/wp\/v2\/types\/product"}],"replies":[{"embeddable":true,"href":"https:\/\/de-prime.com\/index.php\/wp-json\/wp\/v2\/comments?post=55194"}],"wp:featuredmedia":[{"embeddable":true,"href":"https:\/\/de-prime.com\/index.php\/wp-json\/"}],"wp:attachment":[{"href":"https:\/\/de-prime.com\/index.php\/wp-json\/wp\/v2\/media?parent=55194"}],"wp:term":[{"taxonomy":"product_brand","embeddable":true,"href":"https:\/\/de-prime.com\/index.php\/wp-json\/wp\/v2\/product_brand?post=55194"},{"taxonomy":"product_cat","embeddable":true,"href":"https:\/\/de-prime.com\/index.php\/wp-json\/wp\/v2\/product_cat?post=55194"},{"taxonomy":"product_tag","embeddable":true,"href":"https:\/\/de-prime.com\/index.php\/wp-json\/wp\/v2\/product_tag?post=55194"}],"curies":[{"name":"wp","href":"https:\/\/api.w.org\/{rel}","templated":true}]}}