{"id":55174,"date":"2024-10-01T16:11:14","date_gmt":"2024-10-01T16:11:14","guid":{"rendered":"https:\/\/de-prime.com\/?p=55174"},"modified":"2024-10-01T16:37:11","modified_gmt":"2024-10-01T16:37:11","slug":"fahrrad-montagestaender-klappbar-verstellbar-120-165cm-aluminium","status":"publish","type":"product","link":"https:\/\/de-prime.com\/index.php\/product\/fahrrad-montagestaender-klappbar-verstellbar-120-165cm-aluminium\/","title":{"rendered":"Fahrrad-Montagest\u00e4nder Klappbar Verstellbar 120-165cm Aluminium"},"content":{"rendered":"<p>Dieser Fahrradst\u00e4nder eignet sich perfekt f\u00fcr verschiedene Aufgaben wie das Reparieren von platten Reifen, das Schmieren der Kette, das Reinigen und kleine Anpassungen an das Fahrrad. Um 360\u00b0 drehbare Klemmbacken: Dank der um 360\u00b0 drehbaren Klemmbacken kannst du dein Fahrrad pr\u00e4zise handhaben und komfortabel und effizient daran arbeiten.H\u00f6henverstellbar: Die H\u00f6he des Fahrradst\u00e4nders l\u00e4sst sich mit dem Schnellspannhebel einfach anpassen, um dein Fahrrad auf eine bequeme Arbeitsh\u00f6he zu bringen.Schnellspannsystem und klappbar: Dank des praktischen Schnellspannsystems l\u00e4sst sich dieser leichte Fahrradst\u00e4nder leicht aufstellen und bei Nichtgebrauch auf ein kompaktes Ma\u00df zusammenklappen, um den Transport und die Lagerung zu erleichtern.Praktische magnetische Werkzeugablage: Dieser Montagest\u00e4nder ist auch mit einer magnetischen Werkzeugablage ausgestattet, um die erforderlichen Werkzeuge stets griffbereit zu haben.Befestigungsstange f\u00fcr Stabilit\u00e4t: Die Teleskopstange stabilisiert die Vorderr\u00e4der oder den Lenker deines Fahrrads und verhindert so das Wackeln und Schwingen bei Reparaturen.<\/p>\n<ul>\n<li>Farbe: Champagner und Schwarz<\/li>\n<li>Material: Aluminium, TPR, Polypropylen<\/li>\n<li>Gesamtabmessungen: 157 x 157 x (120-165) cm (L x B x H)<\/li>\n<li>Spannweite: 25 &#8211; 50 mm<\/li>\n<li>Einstellbare H\u00f6he: 120 &#8211; 165 cm<\/li>\n<li>Abmessungen der Ablage: 30 x 18 x 2 cm (L x B x H)<\/li>\n<li>L\u00e4nge der Teleskopstange: 41 &#8211; 68 cm<\/li>\n<li>Max. Belastbarkeit: 25 kg<\/li>\n<li>Um 360\u00b0 drehbare Klemmbacken<\/li>\n<li>Schnellverstellsystem<\/li>\n<li>Faltbar und leicht<\/li>\n<li>Magnetische Werkzeugablage<\/li>\n<li>Mit drei Beinen<\/li>\n<\/ul>\n","protected":false},"excerpt":{"rendered":"<ul>\n<li>Farbe: Champagner und Schwarz<\/li>\n<li>Material: Aluminium, TPR, Polypropylen<\/li>\n<li>Gesamtabmessungen: 157 x 157 x (120-165) cm (L x B x H)<\/li>\n<li>Spannweite: 25 &#8211; 50 mm<\/li>\n<li>Einstellbare H\u00f6he: 120 &#8211; 165 cm<\/li>\n<li>Abmessungen der Ablage: 30 x 18 x 2 cm (L x B x H)<\/li>\n<li>L\u00e4nge der Teleskopstange: 41 &#8211; 68 cm<\/li>\n<li>Max. Belastbarkeit: 25 kg<\/li>\n<li>Um 360\u00b0 drehbare Klemmbacken<\/li>\n<li>Schnellverstellsystem<\/li>\n<li>Faltbar und leicht<\/li>\n<li>Magnetische Werkzeugablage<\/li>\n<li>Mit drei Beinen<\/li>\n<\/ul>\n","protected":false},"featured_media":10000055174,"comment_status":"closed","ping_status":"closed","template":"","meta":[],"product_brand":[],"product_cat":[6883,6878,6837,6875,6836],"product_tag":[],"class_list":{"0":"post-55174","1":"product","2":"type-product","3":"status-publish","4":"has-post-thumbnail","6":"product_cat-fahrradstaender-fahrradparksysteme","7":"product_cat-fahrradzubehoer","8":"product_cat-outdoor-aktivitaeten","9":"product_cat-radsport","10":"product_cat-sportartikel","12":"first","13":"instock","14":"taxable","15":"shipping-taxable","16":"purchasable","17":"product-type-simple","18":"add-to-wishlist-after_add_to_cart"},"jetpack_sharing_enabled":true,"_links":{"self":[{"href":"https:\/\/de-prime.com\/index.php\/wp-json\/wp\/v2\/product\/55174","targetHints":{"allow":["GET"]}}],"collection":[{"href":"https:\/\/de-prime.com\/index.php\/wp-json\/wp\/v2\/product"}],"about":[{"href":"https:\/\/de-prime.com\/index.php\/wp-json\/wp\/v2\/types\/product"}],"replies":[{"embeddable":true,"href":"https:\/\/de-prime.com\/index.php\/wp-json\/wp\/v2\/comments?post=55174"}],"wp:featuredmedia":[{"embeddable":true,"href":"https:\/\/de-prime.com\/index.php\/wp-json\/"}],"wp:attachment":[{"href":"https:\/\/de-prime.com\/index.php\/wp-json\/wp\/v2\/media?parent=55174"}],"wp:term":[{"taxonomy":"product_brand","embeddable":true,"href":"https:\/\/de-prime.com\/index.php\/wp-json\/wp\/v2\/product_brand?post=55174"},{"taxonomy":"product_cat","embeddable":true,"href":"https:\/\/de-prime.com\/index.php\/wp-json\/wp\/v2\/product_cat?post=55174"},{"taxonomy":"product_tag","embeddable":true,"href":"https:\/\/de-prime.com\/index.php\/wp-json\/wp\/v2\/product_tag?post=55174"}],"curies":[{"name":"wp","href":"https:\/\/api.w.org\/{rel}","templated":true}]}}