{"id":55162,"date":"2024-10-01T16:11:13","date_gmt":"2024-10-01T16:11:13","guid":{"rendered":"https:\/\/de-prime.com\/?p=55162"},"modified":"2024-10-01T16:44:45","modified_gmt":"2024-10-01T16:44:45","slug":"fahrradstaender-fuer-2-fahrraeder-verzinkter-stahl","status":"publish","type":"product","link":"https:\/\/de-prime.com\/index.php\/product\/fahrradstaender-fuer-2-fahrraeder-verzinkter-stahl\/","title":{"rendered":"Fahrradst\u00e4nder f\u00fcr 2 Fahrr\u00e4der Verzinkter Stahl"},"content":{"rendered":"<p>Dieser Fahrradst\u00e4nder aus verzinktem Stahl bietet Familien oder kleinen Unternehmen eine gute L\u00f6sung f\u00fcr die Aufbewahrung der Fahrr\u00e4der. Langlebiges Material: Stahl ist ein au\u00dfergew\u00f6hnlich hartes und starkes Material. Er bietet Robustheit und Stabilit\u00e4t. Die Verzinkung sorgt f\u00fcr einen besseren Schutz vor Korrosion und ist n\u00fctzlich f\u00fcr Produkte, die im Freien und in rauen Umgebungen eingesetzt werden.Praktisches Design: Mit diesem Fahrradst\u00e4nder stehen all deine Fahrr\u00e4der ordentlich und aufrecht auf dem Boden. Auf diese Weise machst du Schluss mit der Unordnung aus deiner Garage. Durch das Standdesign spart der St\u00e4nder Platz auf begrenztem Raum und sch\u00fctzt deine Fahrr\u00e4der vor Kratzern.Vielseitig einsetzbar: Familien k\u00f6nnen mit diesem Fahrradst\u00e4nder f\u00fcr mehr Ordnung in der Garage oder im Garten sorgen. Kleinunternehmen k\u00f6nnen ihn verwenden, um einen separaten Fahrradabstellplatz zu schaffen und dadurch ein gutes Unternehmensimage aufzubauen.Anti-Diebstahl-Funktion: Schrauben und D\u00fcbel sind im Lieferumfang enthalten, sodass dieser Fahrradst\u00e4nder im Boden verankert werden kann und das Abschlie\u00dfen des Fahrrads erm\u00f6glicht, um Diebst\u00e4hle zu verhindern.<\/p>\n<ul>\n<li>Material: Verzinkter Stahl<\/li>\n<li>Abmessungen: 43,5 x 33 x 26 cm (B x T x H)<\/li>\n<li>Reifenbreite: 6 cm<\/li>\n<li>F\u00fcr bis zu 2 Fahrr\u00e4der<\/li>\n<li>Zusammenbau erforderlich: Ja<\/li>\n<\/ul>\n","protected":false},"excerpt":{"rendered":"<ul>\n<li>Material: Verzinkter Stahl<\/li>\n<li>Abmessungen: 43,5 x 33 x 26 cm (B x T x H)<\/li>\n<li>Reifenbreite: 6 cm<\/li>\n<li>F\u00fcr bis zu 2 Fahrr\u00e4der<\/li>\n<li>Zusammenbau erforderlich: Ja<\/li>\n<\/ul>\n","protected":false},"featured_media":10000055162,"comment_status":"closed","ping_status":"closed","template":"","meta":[],"product_brand":[],"product_cat":[6883,6878,6837,6875,6836],"product_tag":[],"class_list":{"0":"post-55162","1":"product","2":"type-product","3":"status-publish","4":"has-post-thumbnail","6":"product_cat-fahrradstaender-fahrradparksysteme","7":"product_cat-fahrradzubehoer","8":"product_cat-outdoor-aktivitaeten","9":"product_cat-radsport","10":"product_cat-sportartikel","12":"first","13":"instock","14":"taxable","15":"shipping-taxable","16":"purchasable","17":"product-type-simple","18":"add-to-wishlist-after_add_to_cart"},"jetpack_sharing_enabled":true,"_links":{"self":[{"href":"https:\/\/de-prime.com\/index.php\/wp-json\/wp\/v2\/product\/55162","targetHints":{"allow":["GET"]}}],"collection":[{"href":"https:\/\/de-prime.com\/index.php\/wp-json\/wp\/v2\/product"}],"about":[{"href":"https:\/\/de-prime.com\/index.php\/wp-json\/wp\/v2\/types\/product"}],"replies":[{"embeddable":true,"href":"https:\/\/de-prime.com\/index.php\/wp-json\/wp\/v2\/comments?post=55162"}],"wp:featuredmedia":[{"embeddable":true,"href":"https:\/\/de-prime.com\/index.php\/wp-json\/"}],"wp:attachment":[{"href":"https:\/\/de-prime.com\/index.php\/wp-json\/wp\/v2\/media?parent=55162"}],"wp:term":[{"taxonomy":"product_brand","embeddable":true,"href":"https:\/\/de-prime.com\/index.php\/wp-json\/wp\/v2\/product_brand?post=55162"},{"taxonomy":"product_cat","embeddable":true,"href":"https:\/\/de-prime.com\/index.php\/wp-json\/wp\/v2\/product_cat?post=55162"},{"taxonomy":"product_tag","embeddable":true,"href":"https:\/\/de-prime.com\/index.php\/wp-json\/wp\/v2\/product_tag?post=55162"}],"curies":[{"name":"wp","href":"https:\/\/api.w.org\/{rel}","templated":true}]}}