{"id":55157,"date":"2024-10-01T16:11:12","date_gmt":"2024-10-01T16:11:12","guid":{"rendered":"https:\/\/de-prime.com\/?p=55157"},"modified":"2024-10-01T16:37:17","modified_gmt":"2024-10-01T16:37:17","slug":"doppel-fahrradtasche-fuer-gepaecktraeger-wasserdicht-35-l-schwarz","status":"publish","type":"product","link":"https:\/\/de-prime.com\/index.php\/product\/doppel-fahrradtasche-fuer-gepaecktraeger-wasserdicht-35-l-schwarz\/","title":{"rendered":"Doppel-Fahrradtasche f\u00fcr Gep\u00e4cktr\u00e4ger Wasserdicht 35 L Schwarz"},"content":{"rendered":"<p>Diese doppelte Fahrradtasche bietet viel Stauraum, um Ihre Sachen auf l\u00e4ngeren Radtouren zu transportieren. Diese Packtasche besteht aus 600D Polyester, sie ist wasserdicht, langlebig und pflegeleicht. Auf beiden Seiten der Tasche befinden sich reflektierende Streifen, um die Sichtbarkeit und Sicherheit im Dunkeln zu verbessern. Die Tasche hat au\u00dferdem ein Fassungsverm\u00f6gen von 35 L, sodass Sie viel Platz haben, um zus\u00e4tzliche Sachen mitzunehmen. Diese Aufbewahrungstasche kann einfach an Fahrr\u00e4dern montiert werden.<\/p>\n<ul>\n<li>Farbe: Schwarz <\/li>\n<li>Material: 600D-Polyester<\/li>\n<li>Abmessungen: 35 x 16 x 31 cm (L x B x H)<\/li>\n<li>Gewicht: 1,5 kg<\/li>\n<li>Fassungsverm\u00f6gen: 35 Liter<\/li>\n<li>Mit reflektierenden Streifen und Griff<\/li>\n<li>Wasserdicht<\/li>\n<li>Keine Montage n\u00f6tig<\/li>\n<\/ul>\n","protected":false},"excerpt":{"rendered":"<ul>\n<li>Farbe: Schwarz <\/li>\n<li>Material: 600D-Polyester<\/li>\n<li>Abmessungen: 35 x 16 x 31 cm (L x B x H)<\/li>\n<li>Gewicht: 1,5 kg<\/li>\n<li>Fassungsverm\u00f6gen: 35 Liter<\/li>\n<li>Mit reflektierenden Streifen und Griff<\/li>\n<li>Wasserdicht<\/li>\n<li>Keine Montage n\u00f6tig<\/li>\n<\/ul>\n","protected":false},"featured_media":10000055157,"comment_status":"closed","ping_status":"closed","template":"","meta":[],"product_brand":[],"product_cat":[6882,6878,6837,6875,6836],"product_tag":[],"class_list":{"0":"post-55157","1":"product","2":"type-product","3":"status-publish","4":"has-post-thumbnail","6":"product_cat-fahrradsattel-bezuege-polster","7":"product_cat-fahrradzubehoer","8":"product_cat-outdoor-aktivitaeten","9":"product_cat-radsport","10":"product_cat-sportartikel","12":"first","13":"instock","14":"taxable","15":"shipping-taxable","16":"purchasable","17":"product-type-simple","18":"add-to-wishlist-after_add_to_cart"},"jetpack_sharing_enabled":true,"_links":{"self":[{"href":"https:\/\/de-prime.com\/index.php\/wp-json\/wp\/v2\/product\/55157","targetHints":{"allow":["GET"]}}],"collection":[{"href":"https:\/\/de-prime.com\/index.php\/wp-json\/wp\/v2\/product"}],"about":[{"href":"https:\/\/de-prime.com\/index.php\/wp-json\/wp\/v2\/types\/product"}],"replies":[{"embeddable":true,"href":"https:\/\/de-prime.com\/index.php\/wp-json\/wp\/v2\/comments?post=55157"}],"wp:featuredmedia":[{"embeddable":true,"href":"https:\/\/de-prime.com\/index.php\/wp-json\/"}],"wp:attachment":[{"href":"https:\/\/de-prime.com\/index.php\/wp-json\/wp\/v2\/media?parent=55157"}],"wp:term":[{"taxonomy":"product_brand","embeddable":true,"href":"https:\/\/de-prime.com\/index.php\/wp-json\/wp\/v2\/product_brand?post=55157"},{"taxonomy":"product_cat","embeddable":true,"href":"https:\/\/de-prime.com\/index.php\/wp-json\/wp\/v2\/product_cat?post=55157"},{"taxonomy":"product_tag","embeddable":true,"href":"https:\/\/de-prime.com\/index.php\/wp-json\/wp\/v2\/product_tag?post=55157"}],"curies":[{"name":"wp","href":"https:\/\/api.w.org\/{rel}","templated":true}]}}