{"id":55153,"date":"2024-10-01T16:11:11","date_gmt":"2024-10-01T16:11:11","guid":{"rendered":"https:\/\/de-prime.com\/?p=55153"},"modified":"2024-10-01T16:40:43","modified_gmt":"2024-10-01T16:40:43","slug":"fahrrad-gepaecktraegerkorb-mit-deckel-55x31x36-cm-natur-weide","status":"publish","type":"product","link":"https:\/\/de-prime.com\/index.php\/product\/fahrrad-gepaecktraegerkorb-mit-deckel-55x31x36-cm-natur-weide\/","title":{"rendered":"Fahrrad-Gep\u00e4cktr\u00e4gerkorb mit Deckel 55\u00d731\u00d736 cm Natur Weide"},"content":{"rendered":"<p>Mit seinem rustikalen Vintage-Charme ist dieser hintere Fahrradkorb ein gro\u00dfer Helfer beim Transport von Lebensmitteln oder Haustieren. Der aus nat\u00fcrlicher Weide gefertigte Korb ist rei\u00dffest und somit f\u00fcr den Langzeitgebrauch bestens geeignet. Er bietet deinen kleinen Freunden die M\u00f6glichkeit, mitzufahren und nach Herzenslust zu kratzen. Das nat\u00fcrliche Material ist chemikalienfrei. Der robuste Verriegelungsmechanismus und die Abdeckung aus massivem Eisen gew\u00e4hrleisten die Sicherheit deiner Eink\u00e4ufe oder Haustiere w\u00e4hrend der Fahrt. Zudem ist der Gep\u00e4cktr\u00e4gerkorb mit Haken am Boden ausgestattet und l\u00e4sst sich daher ganz einfach am Fahrrad anbringen und abnehmen.<\/p>\n<ul>\n<li>Material: Nat\u00fcrliche Weide, Eisen<\/li>\n<li>Abmessungen: 55 x 31 x 36 cm (L x B x H)<\/li>\n<li>Breite des unteren Hakens: 15 cm<\/li>\n<li>Maximale Belastbarkeit: 7 kg<\/li>\n<li>Geeignet f\u00fcr den Transport von Haustieren<\/li>\n<li>Robuster Verriegelungsmechanismus<\/li>\n<li>Einfache Befestigung<\/li>\n<\/ul>\n","protected":false},"excerpt":{"rendered":"<ul>\n<li>Material: Nat\u00fcrliche Weide, Eisen<\/li>\n<li>Abmessungen: 55 x 31 x 36 cm (L x B x H)<\/li>\n<li>Breite des unteren Hakens: 15 cm<\/li>\n<li>Maximale Belastbarkeit: 7 kg<\/li>\n<li>Geeignet f\u00fcr den Transport von Haustieren<\/li>\n<li>Robuster Verriegelungsmechanismus<\/li>\n<li>Einfache Befestigung<\/li>\n<\/ul>\n","protected":false},"featured_media":10000055153,"comment_status":"closed","ping_status":"closed","template":"","meta":[],"product_brand":[],"product_cat":[6881,6878,6837,6875,6836],"product_tag":[],"class_list":{"0":"post-55153","1":"product","2":"type-product","3":"status-publish","4":"has-post-thumbnail","6":"product_cat-fahrradkoerbe","7":"product_cat-fahrradzubehoer","8":"product_cat-outdoor-aktivitaeten","9":"product_cat-radsport","10":"product_cat-sportartikel","12":"first","13":"instock","14":"taxable","15":"shipping-taxable","16":"purchasable","17":"product-type-simple","18":"add-to-wishlist-after_add_to_cart"},"jetpack_sharing_enabled":true,"_links":{"self":[{"href":"https:\/\/de-prime.com\/index.php\/wp-json\/wp\/v2\/product\/55153","targetHints":{"allow":["GET"]}}],"collection":[{"href":"https:\/\/de-prime.com\/index.php\/wp-json\/wp\/v2\/product"}],"about":[{"href":"https:\/\/de-prime.com\/index.php\/wp-json\/wp\/v2\/types\/product"}],"replies":[{"embeddable":true,"href":"https:\/\/de-prime.com\/index.php\/wp-json\/wp\/v2\/comments?post=55153"}],"wp:featuredmedia":[{"embeddable":true,"href":"https:\/\/de-prime.com\/index.php\/wp-json\/"}],"wp:attachment":[{"href":"https:\/\/de-prime.com\/index.php\/wp-json\/wp\/v2\/media?parent=55153"}],"wp:term":[{"taxonomy":"product_brand","embeddable":true,"href":"https:\/\/de-prime.com\/index.php\/wp-json\/wp\/v2\/product_brand?post=55153"},{"taxonomy":"product_cat","embeddable":true,"href":"https:\/\/de-prime.com\/index.php\/wp-json\/wp\/v2\/product_cat?post=55153"},{"taxonomy":"product_tag","embeddable":true,"href":"https:\/\/de-prime.com\/index.php\/wp-json\/wp\/v2\/product_tag?post=55153"}],"curies":[{"name":"wp","href":"https:\/\/api.w.org\/{rel}","templated":true}]}}