{"id":55053,"date":"2024-10-01T16:11:02","date_gmt":"2024-10-01T16:11:02","guid":{"rendered":"https:\/\/de-prime.com\/?p=55053"},"modified":"2024-10-01T16:37:26","modified_gmt":"2024-10-01T16:37:26","slug":"fahrradanhaenger-130x73x485-cm-stahl-schwarz","status":"publish","type":"product","link":"https:\/\/de-prime.com\/index.php\/product\/fahrradanhaenger-130x73x485-cm-stahl-schwarz\/","title":{"rendered":"Fahrradanh\u00e4nger 130x73x48,5 cm Stahl Schwarz"},"content":{"rendered":"<p>Dieser Radanh\u00e4nger mit einer maximalen Zuladung von 50 kg ist perfekt f\u00fcr den Transport von schweren G\u00fctern wie Gep\u00e4ck, Werkzeugen und Ger\u00e4ten oder Lebensmitteln. Einfache Verwendung: Dieser Lastenanh\u00e4nger verf\u00fcgt \u00fcber eine Schnellspanner-Kupplung zur einfachen Befestigung am Fahrrad. Die Vorder- und Hintert\u00fcren mit Scharnieren erm\u00f6glichen ein einfaches Beladen und Entladen gro\u00dfer oder sperriger Gegenst\u00e4nde. Robuste Konstruktion: Dank seiner robusten Konstruktion aus Stahl ist dieser Fahrrad-Transportanh\u00e4nger sehr belastbar und langlebig. Klappdesign: Die klappbare Deichsel und die klappbaren Seiten machen diesen Anh\u00e4nger zu einem echten Platzsparer sowohl bei der Lagerung als auch bei der Mitnahme im Auto. Der Fahrradanh\u00e4nger l\u00e4sst sich einfach zusammenbauen.<\/p>\n<ul>\n<li>Farbe: Schwarz <\/li>\n<li>Hauptmaterial: Stahl<\/li>\n<li>Abmessungen mit Deichsel: 130 x 73 x 48,5 cm (L x B x H)<\/li>\n<li>Abmessungen ohne Deichsel: 67 x 73 x 48,5 cm (L x B x H)<\/li>\n<li>Laderaum-Abmessungen: 67 x 44,5 x 28,5 cm (L x B x H)<\/li>\n<li>Maximale Tragf\u00e4higkeit: 50 kg<\/li>\n<li>Klappbare Deichsel<\/li>\n<li>Aufklappbares Vorder- und Hinterteil<\/li>\n<li>39 cm Luftr\u00e4der mit gelben Reflektoren<\/li>\n<li>L\u00e4sst sich zur Aufbewahrung und zum Transport einfach flach zusammenklappen<\/li>\n<li>Bitte beachten: Nicht f\u00fcr den Transport von Kindern geeignet<\/li>\n<\/ul>\n","protected":false},"excerpt":{"rendered":"<ul>\n<li>Farbe: Schwarz <\/li>\n<li>Hauptmaterial: Stahl<\/li>\n<li>Abmessungen mit Deichsel: 130 x 73 x 48,5 cm (L x B x H)<\/li>\n<li>Abmessungen ohne Deichsel: 67 x 73 x 48,5 cm (L x B x H)<\/li>\n<li>Laderaum-Abmessungen: 67 x 44,5 x 28,5 cm (L x B x H)<\/li>\n<li>Maximale Tragf\u00e4higkeit: 50 kg<\/li>\n<li>Klappbare Deichsel<\/li>\n<li>Aufklappbares Vorder- und Hinterteil<\/li>\n<li>39 cm Luftr\u00e4der mit gelben Reflektoren<\/li>\n<li>L\u00e4sst sich zur Aufbewahrung und zum Transport einfach flach zusammenklappen<\/li>\n<li>Bitte beachten: Nicht f\u00fcr den Transport von Kindern geeignet<\/li>\n<\/ul>\n","protected":false},"featured_media":10000055053,"comment_status":"closed","ping_status":"closed","template":"","meta":[],"product_brand":[],"product_cat":[6880,6878,6837,6875,6836],"product_tag":[],"class_list":{"0":"post-55053","1":"product","2":"type-product","3":"status-publish","4":"has-post-thumbnail","6":"product_cat-fahrradanhaenger","7":"product_cat-fahrradzubehoer","8":"product_cat-outdoor-aktivitaeten","9":"product_cat-radsport","10":"product_cat-sportartikel","12":"first","13":"instock","14":"taxable","15":"shipping-taxable","16":"purchasable","17":"product-type-simple","18":"add-to-wishlist-after_add_to_cart"},"jetpack_sharing_enabled":true,"_links":{"self":[{"href":"https:\/\/de-prime.com\/index.php\/wp-json\/wp\/v2\/product\/55053","targetHints":{"allow":["GET"]}}],"collection":[{"href":"https:\/\/de-prime.com\/index.php\/wp-json\/wp\/v2\/product"}],"about":[{"href":"https:\/\/de-prime.com\/index.php\/wp-json\/wp\/v2\/types\/product"}],"replies":[{"embeddable":true,"href":"https:\/\/de-prime.com\/index.php\/wp-json\/wp\/v2\/comments?post=55053"}],"wp:featuredmedia":[{"embeddable":true,"href":"https:\/\/de-prime.com\/index.php\/wp-json\/"}],"wp:attachment":[{"href":"https:\/\/de-prime.com\/index.php\/wp-json\/wp\/v2\/media?parent=55053"}],"wp:term":[{"taxonomy":"product_brand","embeddable":true,"href":"https:\/\/de-prime.com\/index.php\/wp-json\/wp\/v2\/product_brand?post=55053"},{"taxonomy":"product_cat","embeddable":true,"href":"https:\/\/de-prime.com\/index.php\/wp-json\/wp\/v2\/product_cat?post=55053"},{"taxonomy":"product_tag","embeddable":true,"href":"https:\/\/de-prime.com\/index.php\/wp-json\/wp\/v2\/product_tag?post=55053"}],"curies":[{"name":"wp","href":"https:\/\/api.w.org\/{rel}","templated":true}]}}