{"id":55021,"date":"2024-10-01T16:10:59","date_gmt":"2024-10-01T16:10:59","guid":{"rendered":"https:\/\/de-prime.com\/?p=55021"},"modified":"2024-10-01T16:42:08","modified_gmt":"2024-10-01T16:42:08","slug":"fahrradanhaenger-blau-oxford-gewebe-und-eisen-4","status":"publish","type":"product","link":"https:\/\/de-prime.com\/index.php\/product\/fahrradanhaenger-blau-oxford-gewebe-und-eisen-4\/","title":{"rendered":"Fahrradanh\u00e4nger Blau Oxford-Gewebe und Eisen"},"content":{"rendered":"<p>Dieser Fahrradanh\u00e4nger eignet sich perfekt f\u00fcr alle Transportzwecke. Robuste Konstruktion: Dieser Fahrrad-Transportanh\u00e4nger hat eine robuste Konstruktion aus pulverbeschichtetem Eisen. Eisen ist ein starkes und hartes Material, das im Industrie- und M\u00f6belbau zum Einsatz kommt. Die Pulverbeschichtung auf seiner Oberfl\u00e4che bildet eine Schutzschicht gegen Rost, Korrosion und Verschlei\u00df.Langlebiges Material: Dieser Fahrradanh\u00e4nger besteht aus Oxford-Gewebe, das leicht, wasserabweisend und resistent gegen Sch\u00e4den und Schmutz ist. Das verwendete Garn macht das Gewebe haltbar und atmungsaktiv. Au\u00dferdem ist es von Natur aus faltenbest\u00e4ndig.Sicheres Fahren: Der Fahrradanh\u00e4nger verf\u00fcgt \u00fcber zwei gro\u00dfe R\u00e4der, die eine reibungslose und hervorragende Spurf\u00fchrung auf verschiedenen Untergr\u00fcnden erm\u00f6glichen, und die Reflektoren auf der R\u00fcckseite sorgen f\u00fcr Sichtbarkeit bei schlechten Sichtverh\u00e4ltnissen. Au\u00dferdem kann die Flagge die Verkehrssicherheit erh\u00f6hen.Vielf\u00e4ltige Anwendungsm\u00f6glichkeiten: Dieser Fahrrad-Transportanh\u00e4nger l\u00e4sst sich einfach an deinem Fahrrad befestigen und kann alles transportieren, was du mitnehmen m\u00f6chtest, z. B. Gep\u00e4ck, Pflanzen, Werkzeuge oder Lebensmittel.<\/p>\n<ul>\n<li>Farbe: Blau<\/li>\n<li>Material: Oxford-Gewebe, pulverbeschichtetes Eisen<\/li>\n<li>Gesamtabmessungen: 123 x 52,5 x 33 cm (L x B x H)<\/li>\n<li>Abmessungen der Kabine: 62 x 40 x 20 cm (L x B x H)<\/li>\n<li>Gesamtl\u00e4nge: 147 mm<\/li>\n<li>Maximale Belastbarkeit: 30 kg<\/li>\n<li>Deichsel-Last: 3-11 kg<\/li>\n<li>Zusammenbau erforderlich: Ja<\/li>\n<\/ul>\n","protected":false},"excerpt":{"rendered":"<ul>\n<li>Farbe: Blau<\/li>\n<li>Material: Oxford-Gewebe, pulverbeschichtetes Eisen<\/li>\n<li>Gesamtabmessungen: 123 x 52,5 x 33 cm (L x B x H)<\/li>\n<li>Abmessungen der Kabine: 62 x 40 x 20 cm (L x B x H)<\/li>\n<li>Gesamtl\u00e4nge: 147 mm<\/li>\n<li>Maximale Belastbarkeit: 30 kg<\/li>\n<li>Deichsel-Last: 3-11 kg<\/li>\n<li>Zusammenbau erforderlich: Ja<\/li>\n<\/ul>\n","protected":false},"featured_media":10000055021,"comment_status":"closed","ping_status":"closed","template":"","meta":[],"product_brand":[],"product_cat":[6880,6878,6837,6875,6836],"product_tag":[],"class_list":{"0":"post-55021","1":"product","2":"type-product","3":"status-publish","4":"has-post-thumbnail","6":"product_cat-fahrradanhaenger","7":"product_cat-fahrradzubehoer","8":"product_cat-outdoor-aktivitaeten","9":"product_cat-radsport","10":"product_cat-sportartikel","12":"first","13":"instock","14":"taxable","15":"shipping-taxable","16":"purchasable","17":"product-type-simple","18":"add-to-wishlist-after_add_to_cart"},"jetpack_sharing_enabled":true,"_links":{"self":[{"href":"https:\/\/de-prime.com\/index.php\/wp-json\/wp\/v2\/product\/55021","targetHints":{"allow":["GET"]}}],"collection":[{"href":"https:\/\/de-prime.com\/index.php\/wp-json\/wp\/v2\/product"}],"about":[{"href":"https:\/\/de-prime.com\/index.php\/wp-json\/wp\/v2\/types\/product"}],"replies":[{"embeddable":true,"href":"https:\/\/de-prime.com\/index.php\/wp-json\/wp\/v2\/comments?post=55021"}],"wp:featuredmedia":[{"embeddable":true,"href":"https:\/\/de-prime.com\/index.php\/wp-json\/"}],"wp:attachment":[{"href":"https:\/\/de-prime.com\/index.php\/wp-json\/wp\/v2\/media?parent=55021"}],"wp:term":[{"taxonomy":"product_brand","embeddable":true,"href":"https:\/\/de-prime.com\/index.php\/wp-json\/wp\/v2\/product_brand?post=55021"},{"taxonomy":"product_cat","embeddable":true,"href":"https:\/\/de-prime.com\/index.php\/wp-json\/wp\/v2\/product_cat?post=55021"},{"taxonomy":"product_tag","embeddable":true,"href":"https:\/\/de-prime.com\/index.php\/wp-json\/wp\/v2\/product_tag?post=55021"}],"curies":[{"name":"wp","href":"https:\/\/api.w.org\/{rel}","templated":true}]}}