{"id":54989,"date":"2024-10-01T16:10:56","date_gmt":"2024-10-01T16:10:56","guid":{"rendered":"https:\/\/de-prime.com\/?p=54989"},"modified":"2024-10-01T16:40:37","modified_gmt":"2024-10-01T16:40:37","slug":"fahrradanhaenger-schwarz-und-orange-45-kg-eisen-3","status":"publish","type":"product","link":"https:\/\/de-prime.com\/index.php\/product\/fahrradanhaenger-schwarz-und-orange-45-kg-eisen-3\/","title":{"rendered":"Fahrradanh\u00e4nger Schwarz und Orange 45 kg Eisen"},"content":{"rendered":"<p>Dieser vielseitige und robuste Fahrradanh\u00e4nger ist dank seiner maximalen Zuladung von 45 kg ideal f\u00fcr den Transport schwerer G\u00fcter. Robustes Material: Eisen ist ein starkes und hartes Material. Im Industrie- und M\u00f6belbau ist es sehr gesch\u00e4tzt. Dieser Fahrrad-Lastenanh\u00e4nger aus Eisen ist sehr robust und langlebig.Praktisches Design: Dieser Fahrrad-Lastenanh\u00e4nger mit einer maximalen Tragf\u00e4higkeit von 45 kg ist perfekt f\u00fcr den Transport von schweren G\u00fctern wie Gep\u00e4ck, Pflanzen, Werkzeug oder Lebensmitteln.Cleveres Design: Der Fahrradanh\u00e4nger hat eine Deichsel, mit der er leicht an ein Fahrrad angeschlossen werden kann. Gleichzeitig ist eine Sicherheitsflagge f\u00fcr zus\u00e4tzliche Sichtbarkeit angebracht.<\/p>\n<ul>\n<li>Farbe: Schwarz und Orange<\/li>\n<li>Material: Eisen, Oxford-Gewebe<\/li>\n<li>Abmessungen: 133 x 68 x 68 cm (L x B x H)<\/li>\n<li>Abteil-Abmessungen: 80 x 55 x 55 cm (L x B x H)<\/li>\n<li>Fahnen-H\u00f6he: 164 cm<\/li>\n<li>Rad-Durchmesser: 38 cm<\/li>\n<li>Maximale Tragf\u00e4higkeit: 45 kg<\/li>\n<li>Deichsel-Last: 3-11 kg<\/li>\n<li>Zusammenbau erforderlich: Ja<\/li>\n<li><strong>Lieferung umfasst:<\/strong><\/li>\n<li>1 x Fahrradanh\u00e4nger<\/li>\n<li>1 x Sicherheitsflagge<\/li>\n<\/ul>\n","protected":false},"excerpt":{"rendered":"<ul>\n<li>Farbe: Schwarz und Orange<\/li>\n<li>Material: Eisen, Oxford-Gewebe<\/li>\n<li>Abmessungen: 133 x 68 x 68 cm (L x B x H)<\/li>\n<li>Abteil-Abmessungen: 80 x 55 x 55 cm (L x B x H)<\/li>\n<li>Fahnen-H\u00f6he: 164 cm<\/li>\n<li>Rad-Durchmesser: 38 cm<\/li>\n<li>Maximale Tragf\u00e4higkeit: 45 kg<\/li>\n<li>Deichsel-Last: 3-11 kg<\/li>\n<li>Zusammenbau erforderlich: Ja<\/li>\n<li><strong>Lieferung umfasst:<\/strong><\/li>\n<li>1 x Fahrradanh\u00e4nger<\/li>\n<li>1 x Sicherheitsflagge<\/li>\n<\/ul>\n","protected":false},"featured_media":10000054989,"comment_status":"closed","ping_status":"closed","template":"","meta":[],"product_brand":[],"product_cat":[6880,6878,6837,6875,6836],"product_tag":[],"class_list":{"0":"post-54989","1":"product","2":"type-product","3":"status-publish","4":"has-post-thumbnail","6":"product_cat-fahrradanhaenger","7":"product_cat-fahrradzubehoer","8":"product_cat-outdoor-aktivitaeten","9":"product_cat-radsport","10":"product_cat-sportartikel","12":"first","13":"instock","14":"taxable","15":"shipping-taxable","16":"purchasable","17":"product-type-simple","18":"add-to-wishlist-after_add_to_cart"},"jetpack_sharing_enabled":true,"_links":{"self":[{"href":"https:\/\/de-prime.com\/index.php\/wp-json\/wp\/v2\/product\/54989","targetHints":{"allow":["GET"]}}],"collection":[{"href":"https:\/\/de-prime.com\/index.php\/wp-json\/wp\/v2\/product"}],"about":[{"href":"https:\/\/de-prime.com\/index.php\/wp-json\/wp\/v2\/types\/product"}],"replies":[{"embeddable":true,"href":"https:\/\/de-prime.com\/index.php\/wp-json\/wp\/v2\/comments?post=54989"}],"wp:featuredmedia":[{"embeddable":true,"href":"https:\/\/de-prime.com\/index.php\/wp-json\/"}],"wp:attachment":[{"href":"https:\/\/de-prime.com\/index.php\/wp-json\/wp\/v2\/media?parent=54989"}],"wp:term":[{"taxonomy":"product_brand","embeddable":true,"href":"https:\/\/de-prime.com\/index.php\/wp-json\/wp\/v2\/product_brand?post=54989"},{"taxonomy":"product_cat","embeddable":true,"href":"https:\/\/de-prime.com\/index.php\/wp-json\/wp\/v2\/product_cat?post=54989"},{"taxonomy":"product_tag","embeddable":true,"href":"https:\/\/de-prime.com\/index.php\/wp-json\/wp\/v2\/product_tag?post=54989"}],"curies":[{"name":"wp","href":"https:\/\/api.w.org\/{rel}","templated":true}]}}