{"id":54965,"date":"2024-10-01T16:10:54","date_gmt":"2024-10-01T16:10:54","guid":{"rendered":"https:\/\/de-prime.com\/?p=54965"},"modified":"2024-10-01T16:39:53","modified_gmt":"2024-10-01T16:39:53","slug":"proplus-fahrradabdeckung-2-fahrraeder-fuer-deichseltraeger","status":"publish","type":"product","link":"https:\/\/de-prime.com\/index.php\/product\/proplus-fahrradabdeckung-2-fahrraeder-fuer-deichseltraeger\/","title":{"rendered":"ProPlus Fahrradabdeckung 2 Fahrr\u00e4der f\u00fcr Deichseltr\u00e4ger"},"content":{"rendered":"<p>Diese ProPlus Fahrrad-Abdeckplane bietet optimalen Schutz f\u00fcr Fahrr\u00e4der vor Regen, Schnee, Frost, Hagel, Sonne, Staub und anderen Verschmutzungen oder Niederschl\u00e4gen. Die Abdeckhaube ist ideal f\u00fcr den Transport von Fahrr\u00e4dern auf einem Fahrradtr\u00e4ger\/Deichseltr\u00e4ger oder f\u00fcr die Aufbewahrung von Fahrr\u00e4dern. Die Fahrrad-Abdeckplane besteht aus strapazierf\u00e4higem und hochwertigem Nylon und ist mit starkem Gummizug und Haken ausgestattet \u2013 f\u00fcr eine optimale Befestigung und Passform.<\/p>\n<ul>\n<li>Farbe: Schwarz<\/li>\n<li>Material: Nylon<\/li>\n<li>Abmessungen (gefaltet): 7,7 x 21,3 x 30,5 cm (L x B x H)<\/li>\n<li>F\u00fcr den Transport auf einem Fahrradtr\u00e4ger<\/li>\n<li>Mit Gummizug und Haken f\u00fcr optimale Befestigung und Passform<\/li>\n<li>Bietet optimalen Schutz vor Regen, Schnee, Frost, Sonne, Staub und anderem Schmutz<\/li>\n<li>Material: Polyamid: 100%<\/li>\n<\/ul>\n","protected":false},"excerpt":{"rendered":"<ul>\n<li>Farbe: Schwarz<\/li>\n<li>Material: Nylon<\/li>\n<li>Abmessungen (gefaltet): 7,7 x 21,3 x 30,5 cm (L x B x H)<\/li>\n<li>F\u00fcr den Transport auf einem Fahrradtr\u00e4ger<\/li>\n<li>Mit Gummizug und Haken f\u00fcr optimale Befestigung und Passform<\/li>\n<li>Bietet optimalen Schutz vor Regen, Schnee, Frost, Sonne, Staub und anderem Schmutz<\/li>\n<li>Material: Polyamid: 100%<\/li>\n<\/ul>\n","protected":false},"featured_media":10000054965,"comment_status":"closed","ping_status":"closed","template":"","meta":[],"product_brand":[],"product_cat":[6879,6878,6837,6875,6836],"product_tag":[],"class_list":{"0":"post-54965","1":"product","2":"type-product","3":"status-publish","4":"has-post-thumbnail","6":"product_cat-fahrradabdeckungen","7":"product_cat-fahrradzubehoer","8":"product_cat-outdoor-aktivitaeten","9":"product_cat-radsport","10":"product_cat-sportartikel","12":"first","13":"instock","14":"taxable","15":"shipping-taxable","16":"purchasable","17":"product-type-simple","18":"add-to-wishlist-after_add_to_cart"},"jetpack_sharing_enabled":true,"_links":{"self":[{"href":"https:\/\/de-prime.com\/index.php\/wp-json\/wp\/v2\/product\/54965","targetHints":{"allow":["GET"]}}],"collection":[{"href":"https:\/\/de-prime.com\/index.php\/wp-json\/wp\/v2\/product"}],"about":[{"href":"https:\/\/de-prime.com\/index.php\/wp-json\/wp\/v2\/types\/product"}],"replies":[{"embeddable":true,"href":"https:\/\/de-prime.com\/index.php\/wp-json\/wp\/v2\/comments?post=54965"}],"wp:featuredmedia":[{"embeddable":true,"href":"https:\/\/de-prime.com\/index.php\/wp-json\/"}],"wp:attachment":[{"href":"https:\/\/de-prime.com\/index.php\/wp-json\/wp\/v2\/media?parent=54965"}],"wp:term":[{"taxonomy":"product_brand","embeddable":true,"href":"https:\/\/de-prime.com\/index.php\/wp-json\/wp\/v2\/product_brand?post=54965"},{"taxonomy":"product_cat","embeddable":true,"href":"https:\/\/de-prime.com\/index.php\/wp-json\/wp\/v2\/product_cat?post=54965"},{"taxonomy":"product_tag","embeddable":true,"href":"https:\/\/de-prime.com\/index.php\/wp-json\/wp\/v2\/product_tag?post=54965"}],"curies":[{"name":"wp","href":"https:\/\/api.w.org\/{rel}","templated":true}]}}