{"id":54962,"date":"2024-10-01T16:10:54","date_gmt":"2024-10-01T16:10:54","guid":{"rendered":"https:\/\/de-prime.com\/?p=54962"},"modified":"2024-10-01T16:39:51","modified_gmt":"2024-10-01T16:39:51","slug":"fahrrad-abdeckungen-2-stk-200x70x110-cm-190t-oxford-gewebe","status":"publish","type":"product","link":"https:\/\/de-prime.com\/index.php\/product\/fahrrad-abdeckungen-2-stk-200x70x110-cm-190t-oxford-gewebe\/","title":{"rendered":"Fahrrad-Abdeckungen 2 Stk. 200x70x110 cm 190T Oxford-Gewebe"},"content":{"rendered":"<p>Sch\u00fctze dein Fahrrad vor Witterungseinfl\u00fcssen mit diesen wasserabweisenden Schutzh\u00fcllen. Wasserabweisend und UV-best\u00e4ndig: Aus 190T Oxford-Gewebe mit Silberbeschichtung gefertigt, ist diese langlebige Motorrad-Abdeckplane rei\u00dffest, UV-best\u00e4ndig und wasserabweisend.Winddichtes Design: Diese Schutzh\u00fclle f\u00fcr Motorr\u00e4der ist mit einem elastischen Saum an der Unterseite versehen, sodass sie sich fest am Motorrad befestigen l\u00e4sst, um das Wegblasen bei starkem Wind zu verhindern.Diebstahlsichere \u00d6sen: Die Fahrrad-Abdeckung verf\u00fcgt \u00fcber zwei \u00d6sen, die das Anbringen eines Schlosses erm\u00f6glichen, um Diebstahl zu verhindern.Einfache Aufbewahrung: Diese Fahrrad-Schutzh\u00fclle l\u00e4sst sich einfach zusammenfalten und daher bequem verstauen.<\/p>\n<ul>\n<li>Farbe: Schwarz<\/li>\n<li>Material: 190T Oxford-Gewebe mit Silberbeschichtung<\/li>\n<li>Abmessungen: 200 x 70 x 110 cm (L x B x H)<\/li>\n<li>Mit elastischem Saum an der Unterseite<\/li>\n<li>Wasserabweisend<\/li>\n<li>Mit 2 \u00d6sen zum Verschlie\u00dfen<\/li>\n<li>UV-best\u00e4ndig und rei\u00dffest<\/li>\n<li>Geeignet f\u00fcr: Fahrr\u00e4der<\/li>\n<li><strong>Lieferung umfasst:<\/strong><\/li>\n<li>2 x Fahrrad-Abdeckung<\/li>\n<\/ul>\n","protected":false},"excerpt":{"rendered":"<ul>\n<li>Farbe: Schwarz<\/li>\n<li>Material: 190T Oxford-Gewebe mit Silberbeschichtung<\/li>\n<li>Abmessungen: 200 x 70 x 110 cm (L x B x H)<\/li>\n<li>Mit elastischem Saum an der Unterseite<\/li>\n<li>Wasserabweisend<\/li>\n<li>Mit 2 \u00d6sen zum Verschlie\u00dfen<\/li>\n<li>UV-best\u00e4ndig und rei\u00dffest<\/li>\n<li>Geeignet f\u00fcr: Fahrr\u00e4der<\/li>\n<li><strong>Lieferung umfasst:<\/strong><\/li>\n<li>2 x Fahrrad-Abdeckung<\/li>\n<\/ul>\n","protected":false},"featured_media":10000054962,"comment_status":"closed","ping_status":"closed","template":"","meta":[],"product_brand":[],"product_cat":[6879,6878,6837,6875,6836],"product_tag":[],"class_list":{"0":"post-54962","1":"product","2":"type-product","3":"status-publish","4":"has-post-thumbnail","6":"product_cat-fahrradabdeckungen","7":"product_cat-fahrradzubehoer","8":"product_cat-outdoor-aktivitaeten","9":"product_cat-radsport","10":"product_cat-sportartikel","12":"first","13":"instock","14":"taxable","15":"shipping-taxable","16":"purchasable","17":"product-type-simple","18":"add-to-wishlist-after_add_to_cart"},"jetpack_sharing_enabled":true,"_links":{"self":[{"href":"https:\/\/de-prime.com\/index.php\/wp-json\/wp\/v2\/product\/54962","targetHints":{"allow":["GET"]}}],"collection":[{"href":"https:\/\/de-prime.com\/index.php\/wp-json\/wp\/v2\/product"}],"about":[{"href":"https:\/\/de-prime.com\/index.php\/wp-json\/wp\/v2\/types\/product"}],"replies":[{"embeddable":true,"href":"https:\/\/de-prime.com\/index.php\/wp-json\/wp\/v2\/comments?post=54962"}],"wp:featuredmedia":[{"embeddable":true,"href":"https:\/\/de-prime.com\/index.php\/wp-json\/"}],"wp:attachment":[{"href":"https:\/\/de-prime.com\/index.php\/wp-json\/wp\/v2\/media?parent=54962"}],"wp:term":[{"taxonomy":"product_brand","embeddable":true,"href":"https:\/\/de-prime.com\/index.php\/wp-json\/wp\/v2\/product_brand?post=54962"},{"taxonomy":"product_cat","embeddable":true,"href":"https:\/\/de-prime.com\/index.php\/wp-json\/wp\/v2\/product_cat?post=54962"},{"taxonomy":"product_tag","embeddable":true,"href":"https:\/\/de-prime.com\/index.php\/wp-json\/wp\/v2\/product_tag?post=54962"}],"curies":[{"name":"wp","href":"https:\/\/api.w.org\/{rel}","templated":true}]}}