{"id":54955,"date":"2024-10-01T16:10:53","date_gmt":"2024-10-01T16:10:53","guid":{"rendered":"https:\/\/de-prime.com\/?p=54955"},"modified":"2024-10-01T16:44:43","modified_gmt":"2024-10-01T16:44:43","slug":"einrad-verstellbar-gruen-16-zoll","status":"publish","type":"product","link":"https:\/\/de-prime.com\/index.php\/product\/einrad-verstellbar-gruen-16-zoll\/","title":{"rendered":"Einrad Verstellbar Gr\u00fcn 16 Zoll"},"content":{"rendered":"<p>Dieses auff\u00e4llige Einrad sorgt f\u00fcr Spa\u00df und verbessert die F\u00e4higkeiten. Einradfahren ist die ideale Freizeitbesch\u00e4ftigung f\u00fcr Jung und Alt. Es f\u00f6rdert sowohl die k\u00f6rperlichen als auch intellektuellen F\u00e4higkeiten. Das Einrad ist ergonomisch geformt und ist am Sattel mit Sto\u00dfd\u00e4mpfern vorne und hinten ausgestattet, um es vor St\u00f6\u00dfen und Kratzern zu sch\u00fctzen. Mit der praktischen Schnellspanner-Sattelklemme kannst du schnell die gew\u00fcnschte Sitzh\u00f6he ausw\u00e4hlen. Der bequeme Einradsattel ist mit dickem Schaumstoff gepolstert. Der hochwertige Stahlrahmen gew\u00e4hrleistet Stabilit\u00e4t und Langlebigkeit. Die Montage des Einrad-Fahrrads ist wirklich einfach. Hinweis: Bitte drehe bei der Montage das rechte Pedal im Uhrzeigersinn und das linke Pedal gegen den Uhrzeigersinn.<\/p>\n<ul>\n<li>Farbe: Gr\u00fcn und Schwarz<\/li>\n<li>Material: Stahl, Gummi, Kunststoff<\/li>\n<li>Raddurchmesser: 16 &#8220; (40,7 cm)<\/li>\n<li>H\u00f6henverstellbar: 70 &#8211; 84 cm<\/li>\n<li>Praktische Sattelklemme mit Schnellspanner<\/li>\n<li>Kunststoff-Aufprallschutz vorne und hinten<\/li>\n<li>Mit der Markierung L &amp; R auf den Pedalen<\/li>\n<li>Einfache Installation<\/li>\n<li>Achtung: Nicht f\u00fcr Kinder unter 12 Jahren geeignet!<\/li>\n<li>Material: PVC: 100%<\/li>\n<\/ul>\n","protected":false},"excerpt":{"rendered":"<ul>\n<li>Farbe: Gr\u00fcn und Schwarz<\/li>\n<li>Material: Stahl, Gummi, Kunststoff<\/li>\n<li>Raddurchmesser: 16 &#8220; (40,7 cm)<\/li>\n<li>H\u00f6henverstellbar: 70 &#8211; 84 cm<\/li>\n<li>Praktische Sattelklemme mit Schnellspanner<\/li>\n<li>Kunststoff-Aufprallschutz vorne und hinten<\/li>\n<li>Mit der Markierung L &amp; R auf den Pedalen<\/li>\n<li>Einfache Installation<\/li>\n<li>Achtung: Nicht f\u00fcr Kinder unter 12 Jahren geeignet!<\/li>\n<li>Material: PVC: 100%<\/li>\n<\/ul>\n","protected":false},"featured_media":10000054955,"comment_status":"closed","ping_status":"closed","template":"","meta":[],"product_brand":[],"product_cat":[6876,6837,6875,6836],"product_tag":[],"class_list":{"0":"post-54955","1":"product","2":"type-product","3":"status-publish","4":"has-post-thumbnail","6":"product_cat-einraeder","7":"product_cat-outdoor-aktivitaeten","8":"product_cat-radsport","9":"product_cat-sportartikel","11":"first","12":"instock","13":"taxable","14":"shipping-taxable","15":"purchasable","16":"product-type-simple","17":"add-to-wishlist-after_add_to_cart"},"jetpack_sharing_enabled":true,"_links":{"self":[{"href":"https:\/\/de-prime.com\/index.php\/wp-json\/wp\/v2\/product\/54955","targetHints":{"allow":["GET"]}}],"collection":[{"href":"https:\/\/de-prime.com\/index.php\/wp-json\/wp\/v2\/product"}],"about":[{"href":"https:\/\/de-prime.com\/index.php\/wp-json\/wp\/v2\/types\/product"}],"replies":[{"embeddable":true,"href":"https:\/\/de-prime.com\/index.php\/wp-json\/wp\/v2\/comments?post=54955"}],"wp:featuredmedia":[{"embeddable":true,"href":"https:\/\/de-prime.com\/index.php\/wp-json\/"}],"wp:attachment":[{"href":"https:\/\/de-prime.com\/index.php\/wp-json\/wp\/v2\/media?parent=54955"}],"wp:term":[{"taxonomy":"product_brand","embeddable":true,"href":"https:\/\/de-prime.com\/index.php\/wp-json\/wp\/v2\/product_brand?post=54955"},{"taxonomy":"product_cat","embeddable":true,"href":"https:\/\/de-prime.com\/index.php\/wp-json\/wp\/v2\/product_cat?post=54955"},{"taxonomy":"product_tag","embeddable":true,"href":"https:\/\/de-prime.com\/index.php\/wp-json\/wp\/v2\/product_tag?post=54955"}],"curies":[{"name":"wp","href":"https:\/\/api.w.org\/{rel}","templated":true}]}}