{"id":54949,"date":"2024-10-01T16:10:53","date_gmt":"2024-10-01T16:10:53","guid":{"rendered":"https:\/\/de-prime.com\/?p=54949"},"modified":"2024-10-01T16:37:32","modified_gmt":"2024-10-01T16:37:32","slug":"professionelles-dartboard-sisal-mit-6-darts","status":"publish","type":"product","link":"https:\/\/de-prime.com\/index.php\/product\/professionelles-dartboard-sisal-mit-6-darts\/","title":{"rendered":"Professionelles Dartboard Sisal mit 6 Darts"},"content":{"rendered":"<p>Dieses qualitativ hochwertige Darts-Set besteht aus einer Sisal-Dartscheibe und 6 Darts mit Stahlspitze und ist eine hervorragende Wahl sowohl f\u00fcr Profis als auch f\u00fcr Anf\u00e4nger. Das Dartboard ist aus qualitativ hochwertigem Sisal gefertigt und mit Spezialdr\u00e4hten versehen, um Bounce-Outs zu reduzieren und Ihre Trefferquote zu verbessern. Die Dartscheibe aus Sisal passt perfekt zu den mitgelieferten Dartpfeilen mit geh\u00e4rteten Stahlspitzen. Zudem verf\u00fcgen die Pfeile \u00fcber rutschfeste Barrels, die f\u00fcr einen guten Griff sorgen und zu einer gut ausgewogenen Steuerfeder beitragen.<\/p>\n<ul>\n<li>Dartboard-Material: Sisal<\/li>\n<li>Material Dartpfeil: Stahlspitze + PET-Steuerfeder + messingbeschichtetes Barrel<\/li>\n<li>Dartboard-Abmessungen: 45 x 3,8 cm (Durchmesser x D)<\/li>\n<li><strong>Lieferung beinhaltet:<\/strong><\/li>\n<li>1 \u00d7 Dartscheibe<\/li>\n<li>6 \u00d7 Dartpfeil<\/li>\n<li>Montagezubeh\u00f6r<\/li>\n<\/ul>\n","protected":false},"excerpt":{"rendered":"<ul>\n<li>Dartboard-Material: Sisal<\/li>\n<li>Material Dartpfeil: Stahlspitze + PET-Steuerfeder + messingbeschichtetes Barrel<\/li>\n<li>Dartboard-Abmessungen: 45 x 3,8 cm (Durchmesser x D)<\/li>\n<li><strong>Lieferung beinhaltet:<\/strong><\/li>\n<li>1 \u00d7 Dartscheibe<\/li>\n<li>6 \u00d7 Dartpfeil<\/li>\n<li>Montagezubeh\u00f6r<\/li>\n<\/ul>\n","protected":false},"featured_media":10000054949,"comment_status":"closed","ping_status":"closed","template":"","meta":[],"product_brand":[],"product_cat":[6873,6871,6870,6836],"product_tag":[],"class_list":{"0":"post-54949","1":"product","2":"type-product","3":"status-publish","4":"has-post-thumbnail","6":"product_cat-dartpfeile","7":"product_cat-darts","8":"product_cat-indoor-aktivitaeten","9":"product_cat-sportartikel","11":"first","12":"instock","13":"taxable","14":"shipping-taxable","15":"purchasable","16":"product-type-simple","17":"add-to-wishlist-after_add_to_cart"},"jetpack_sharing_enabled":true,"_links":{"self":[{"href":"https:\/\/de-prime.com\/index.php\/wp-json\/wp\/v2\/product\/54949","targetHints":{"allow":["GET"]}}],"collection":[{"href":"https:\/\/de-prime.com\/index.php\/wp-json\/wp\/v2\/product"}],"about":[{"href":"https:\/\/de-prime.com\/index.php\/wp-json\/wp\/v2\/types\/product"}],"replies":[{"embeddable":true,"href":"https:\/\/de-prime.com\/index.php\/wp-json\/wp\/v2\/comments?post=54949"}],"wp:featuredmedia":[{"embeddable":true,"href":"https:\/\/de-prime.com\/index.php\/wp-json\/"}],"wp:attachment":[{"href":"https:\/\/de-prime.com\/index.php\/wp-json\/wp\/v2\/media?parent=54949"}],"wp:term":[{"taxonomy":"product_brand","embeddable":true,"href":"https:\/\/de-prime.com\/index.php\/wp-json\/wp\/v2\/product_brand?post=54949"},{"taxonomy":"product_cat","embeddable":true,"href":"https:\/\/de-prime.com\/index.php\/wp-json\/wp\/v2\/product_cat?post=54949"},{"taxonomy":"product_tag","embeddable":true,"href":"https:\/\/de-prime.com\/index.php\/wp-json\/wp\/v2\/product_tag?post=54949"}],"curies":[{"name":"wp","href":"https:\/\/api.w.org\/{rel}","templated":true}]}}