{"id":54946,"date":"2024-10-01T16:10:52","date_gmt":"2024-10-01T16:10:52","guid":{"rendered":"https:\/\/de-prime.com\/?p=54946"},"modified":"2024-10-01T16:44:46","modified_gmt":"2024-10-01T16:44:46","slug":"compoundbogen-mit-zubehoer-und-fiberglaspfeilen-fuer-erwachsene","status":"publish","type":"product","link":"https:\/\/de-prime.com\/index.php\/product\/compoundbogen-mit-zubehoer-und-fiberglaspfeilen-fuer-erwachsene\/","title":{"rendered":"Compoundbogen mit Zubeh\u00f6r und Fiberglaspfeilen f\u00fcr Erwachsene"},"content":{"rendered":"<p>Mit einer Bogenl\u00e4nge von 35 Zoll und einem Zuggewicht von 40-50 lbs wurde dieser Compoundbogen speziell f\u00fcr Erwachsene entwickelt. Pr\u00e4zises Design: Dieser Bogen wurde pr\u00e4zise entworfen, wobei sich sowohl die Zugl\u00e4nge als auch das Zuggewicht verstellen lassen. Dabei kann das Zuggewicht auf 40 lb oder 50 lb eingestellt werden. Ultraleicht: Mit einem Gewicht von nur 1,6 kg l\u00e4sst er sich den ganzen Tag \u00fcber m\u00fchelos herumtragen.Komplettset: Die Lieferung umfasst einen Compoundbogen, eine Pfeilauflage, einen Stabilisator, ein Visier und 6 x 30&#8243; Pfeile aus Fiberglas.<\/p>\n<ul>\n<li>Material: Bogen aus Metall und Fiberglas + Fiberglaspfeile<\/li>\n<li>Bogenl\u00e4nge: 35&#8243; (ca. 89 cm)<\/li>\n<li>Zuggewicht: 40-50 lb, verstellbar<\/li>\n<li>Zugl\u00e4nge: 23&#8243;-30&#8243; (ca. 58-76 cm), verstellbar<\/li>\n<li>IBO-Bewertung: 270-310 fps<\/li>\n<li>Bogen-Gewicht: 3,6 lb (ca. 1,6 kg)<\/li>\n<li>Let-Off: 75-80 %<\/li>\n<li>Achtung: Dies ist kein Spielzeug!<\/li>\n<li>Warnung: Nur zur Verwendung durch Erwachsene \u00fcber 18 Jahre<\/li>\n<li>Lieferung umfasst einen Compoundbogen, eine Pfeilauflage, einen Stabilisator und ein Visier<\/li>\n<li>Lieferung beinhaltet auch 6 x 30&#8243; Pfeile aus Fiberglas<\/li>\n<\/ul>\n","protected":false},"excerpt":{"rendered":"<ul>\n<li>Material: Bogen aus Metall und Fiberglas + Fiberglaspfeile<\/li>\n<li>Bogenl\u00e4nge: 35&#8243; (ca. 89 cm)<\/li>\n<li>Zuggewicht: 40-50 lb, verstellbar<\/li>\n<li>Zugl\u00e4nge: 23&#8243;-30&#8243; (ca. 58-76 cm), verstellbar<\/li>\n<li>IBO-Bewertung: 270-310 fps<\/li>\n<li>Bogen-Gewicht: 3,6 lb (ca. 1,6 kg)<\/li>\n<li>Let-Off: 75-80 %<\/li>\n<li>Achtung: Dies ist kein Spielzeug!<\/li>\n<li>Warnung: Nur zur Verwendung durch Erwachsene \u00fcber 18 Jahre<\/li>\n<li>Lieferung umfasst einen Compoundbogen, eine Pfeilauflage, einen Stabilisator und ein Visier<\/li>\n<li>Lieferung beinhaltet auch 6 x 30&#8243; Pfeile aus Fiberglas<\/li>\n<\/ul>\n","protected":false},"featured_media":10000054946,"comment_status":"closed","ping_status":"closed","template":"","meta":[],"product_brand":[],"product_cat":[6868,6867,6869,6866,6837,6836],"product_tag":[],"class_list":{"0":"post-54946","1":"product","2":"type-product","3":"status-publish","4":"has-post-thumbnail","6":"product_cat-boegen-armbrueste","7":"product_cat-bogenschiessen","8":"product_cat-compoundboegen","9":"product_cat-jagen-und-schiessen","10":"product_cat-outdoor-aktivitaeten","11":"product_cat-sportartikel","13":"first","14":"instock","15":"taxable","16":"shipping-taxable","17":"purchasable","18":"product-type-simple","19":"add-to-wishlist-after_add_to_cart"},"jetpack_sharing_enabled":true,"_links":{"self":[{"href":"https:\/\/de-prime.com\/index.php\/wp-json\/wp\/v2\/product\/54946","targetHints":{"allow":["GET"]}}],"collection":[{"href":"https:\/\/de-prime.com\/index.php\/wp-json\/wp\/v2\/product"}],"about":[{"href":"https:\/\/de-prime.com\/index.php\/wp-json\/wp\/v2\/types\/product"}],"replies":[{"embeddable":true,"href":"https:\/\/de-prime.com\/index.php\/wp-json\/wp\/v2\/comments?post=54946"}],"wp:featuredmedia":[{"embeddable":true,"href":"https:\/\/de-prime.com\/index.php\/wp-json\/"}],"wp:attachment":[{"href":"https:\/\/de-prime.com\/index.php\/wp-json\/wp\/v2\/media?parent=54946"}],"wp:term":[{"taxonomy":"product_brand","embeddable":true,"href":"https:\/\/de-prime.com\/index.php\/wp-json\/wp\/v2\/product_brand?post=54946"},{"taxonomy":"product_cat","embeddable":true,"href":"https:\/\/de-prime.com\/index.php\/wp-json\/wp\/v2\/product_cat?post=54946"},{"taxonomy":"product_tag","embeddable":true,"href":"https:\/\/de-prime.com\/index.php\/wp-json\/wp\/v2\/product_tag?post=54946"}],"curies":[{"name":"wp","href":"https:\/\/api.w.org\/{rel}","templated":true}]}}