{"id":54942,"date":"2024-10-01T16:10:52","date_gmt":"2024-10-01T16:10:52","guid":{"rendered":"https:\/\/de-prime.com\/?p=54942"},"modified":"2024-10-01T16:39:57","modified_gmt":"2024-10-01T16:39:57","slug":"falteimer-2-stk-schwarz-30-l-pvc","status":"publish","type":"product","link":"https:\/\/de-prime.com\/index.php\/product\/falteimer-2-stk-schwarz-30-l-pvc\/","title":{"rendered":"Falteimer 2 Stk. Schwarz 30 L PVC"},"content":{"rendered":"<p>Diese multifunktionalen, faltbaren Eimer sind super platzsparend und perfekt f\u00fcr den Gebrauch im und um das Haus oder zum Mitnehmen auf einen Camping- oder Angelausflug. Wasserfestes Material: PVC ist eines der am h\u00e4ufigsten verwendeten Kunststoffmaterialien, das leicht, flexibel und feuerfest ist. Dank der wasserdichten Beschichtung h\u00e4lt der Eimer sehr gut Wasser, trocknet schnell und ist leicht zu reinigen.Vielf\u00e4ltige Verwendungsm\u00f6glichkeiten: Dieser zusammenklappbare Eimer eignet sich f\u00fcr verschiedene Outdoor-Aktivit\u00e4ten, wie z.B. Camping, Gartenarbeit, Angeln, Wandern, Picknick, Bootfahren, Autowaschen, usw. Er kann als Wasserbeh\u00e4lter, Obstkorb, Eisk\u00fcbel, Fischeimer, etc. verwendet werden.Gro\u00dfes Fassungsverm\u00f6gen: Der Wassereimer hat ein Fassungsverm\u00f6gen von 30 Litern, gro\u00df genug, um alle deine Bed\u00fcrfnisse zu erf\u00fcllen.Faltbares Design: Der Eimer l\u00e4sst sich leicht zusammenfalten, wenn er nicht gebraucht wird, ist platzsparend und leicht zu transportieren.Praktische Griffe: Der faltbare Eimer ist an beiden Seiten mit einem Griff versehen, der die Benutzung erleichtert.<\/p>\n<ul>\n<li>Farbe: Schwarz<\/li>\n<li>Material: PVC mit wasserdichter Beschichtung<\/li>\n<li>Ma\u00dfe: 34 x 29 cm (Durchmesser x H)<\/li>\n<li>Fassungsverm\u00f6gen (pro St\u00fcck): 30 L<\/li>\n<li><strong>Lieferung umfasst:<\/strong><\/li>\n<li>2 x Eimer<\/li>\n<\/ul>\n","protected":false},"excerpt":{"rendered":"<ul>\n<li>Farbe: Schwarz<\/li>\n<li>Material: PVC mit wasserdichter Beschichtung<\/li>\n<li>Ma\u00dfe: 34 x 29 cm (Durchmesser x H)<\/li>\n<li>Fassungsverm\u00f6gen (pro St\u00fcck): 30 L<\/li>\n<li><strong>Lieferung umfasst:<\/strong><\/li>\n<li>2 x Eimer<\/li>\n<\/ul>\n","protected":false},"featured_media":10000054942,"comment_status":"closed","ping_status":"closed","template":"","meta":[],"product_brand":[],"product_cat":[6859,6865,6837,6836],"product_tag":[],"class_list":{"0":"post-54942","1":"product","2":"type-product","3":"status-publish","4":"has-post-thumbnail","6":"product_cat-camping-wandern","7":"product_cat-campingprodukte","8":"product_cat-outdoor-aktivitaeten","9":"product_cat-sportartikel","11":"first","12":"instock","13":"taxable","14":"shipping-taxable","15":"purchasable","16":"product-type-simple","17":"add-to-wishlist-after_add_to_cart"},"jetpack_sharing_enabled":true,"_links":{"self":[{"href":"https:\/\/de-prime.com\/index.php\/wp-json\/wp\/v2\/product\/54942","targetHints":{"allow":["GET"]}}],"collection":[{"href":"https:\/\/de-prime.com\/index.php\/wp-json\/wp\/v2\/product"}],"about":[{"href":"https:\/\/de-prime.com\/index.php\/wp-json\/wp\/v2\/types\/product"}],"replies":[{"embeddable":true,"href":"https:\/\/de-prime.com\/index.php\/wp-json\/wp\/v2\/comments?post=54942"}],"wp:featuredmedia":[{"embeddable":true,"href":"https:\/\/de-prime.com\/index.php\/wp-json\/"}],"wp:attachment":[{"href":"https:\/\/de-prime.com\/index.php\/wp-json\/wp\/v2\/media?parent=54942"}],"wp:term":[{"taxonomy":"product_brand","embeddable":true,"href":"https:\/\/de-prime.com\/index.php\/wp-json\/wp\/v2\/product_brand?post=54942"},{"taxonomy":"product_cat","embeddable":true,"href":"https:\/\/de-prime.com\/index.php\/wp-json\/wp\/v2\/product_cat?post=54942"},{"taxonomy":"product_tag","embeddable":true,"href":"https:\/\/de-prime.com\/index.php\/wp-json\/wp\/v2\/product_tag?post=54942"}],"curies":[{"name":"wp","href":"https:\/\/api.w.org\/{rel}","templated":true}]}}