{"id":54938,"date":"2024-10-01T16:10:52","date_gmt":"2024-10-01T16:10:52","guid":{"rendered":"https:\/\/de-prime.com\/?p=54938"},"modified":"2024-10-01T16:39:55","modified_gmt":"2024-10-01T16:39:55","slug":"camping-duschtasche-blau-20-l-pvc","status":"publish","type":"product","link":"https:\/\/de-prime.com\/index.php\/product\/camping-duschtasche-blau-20-l-pvc\/","title":{"rendered":"Camping-Duschtasche Blau 20 L PVC"},"content":{"rendered":"<p>Diese Campingdusche ist ein unverzichtbares Campingzubeh\u00f6r f\u00fcr dich und deine Familie. Wasserfestes Material: PVC ist eines der am h\u00e4ufigsten verwendeten Kunststoffmaterialien, das leicht, flexibel und feuerfest ist.Gro\u00dfes Fassungsverm\u00f6gen: Diese tragbare Camping-Duschtasche fasst bis zu 20 Liter Wasser zum Duschen im Freien. So kannst du Schmutz und M\u00fcdigkeit einfach loswerden und eine erfrischende Dusche im Freien genie\u00dfen.W\u00e4rmeabsorption-Design: Diese Campingdusche kann die Sonnenenergie effizient absorbieren und das Wasser bei voller und direkter Sonneneinstrahlung innerhalb von 3-4 Stunden auf ca. 45\u00b0C erhitzen. Au\u00dferdem ist an der Tasche eine Temperaturanzeige angebracht, damit du genau wei\u00dft, wie warn das Duschwasser ist!Breites Einsatzspektrum: Diese Solar-Duschtasche eignet sich f\u00fcr Outdoor-Aktivit\u00e4ten wie Camping, Wanderung, Angeln oder Jagen.Praktischer Griff: Der Griff hilft dir, die Campingdusche an einen Baum oder in ein Duschzelt zu h\u00e4ngen, um deinen K\u00f6rper, dein Gesicht, deine H\u00e4nde zu waschen oder Geschirr, Lebensmittel, Autos usw. abzuwaschen.<\/p>\n<ul>\n<li>Farbe: Blau<\/li>\n<li>Material: PVC (Polyvinylchlorid)<\/li>\n<li>Gr\u00f6\u00dfe: 47 x 50 cm (L x B)<\/li>\n<li>Fassungsverm\u00f6gen: 20 L<\/li>\n<li><strong>Lieferung umfasst:<\/strong><\/li>\n<li>1 x Duschtasche<\/li>\n<li>1 x Schlauch<\/li>\n<li>1 x Duschkopf<\/li>\n<\/ul>\n","protected":false},"excerpt":{"rendered":"<ul>\n<li>Farbe: Blau<\/li>\n<li>Material: PVC (Polyvinylchlorid)<\/li>\n<li>Gr\u00f6\u00dfe: 47 x 50 cm (L x B)<\/li>\n<li>Fassungsverm\u00f6gen: 20 L<\/li>\n<li><strong>Lieferung umfasst:<\/strong><\/li>\n<li>1 x Duschtasche<\/li>\n<li>1 x Schlauch<\/li>\n<li>1 x Duschkopf<\/li>\n<\/ul>\n","protected":false},"featured_media":10000054938,"comment_status":"closed","ping_status":"closed","template":"","meta":[],"product_brand":[],"product_cat":[6859,6865,6837,6836],"product_tag":[],"class_list":{"0":"post-54938","1":"product","2":"type-product","3":"status-publish","4":"has-post-thumbnail","6":"product_cat-camping-wandern","7":"product_cat-campingprodukte","8":"product_cat-outdoor-aktivitaeten","9":"product_cat-sportartikel","11":"first","12":"instock","13":"taxable","14":"shipping-taxable","15":"purchasable","16":"product-type-simple","17":"add-to-wishlist-after_add_to_cart"},"jetpack_sharing_enabled":true,"_links":{"self":[{"href":"https:\/\/de-prime.com\/index.php\/wp-json\/wp\/v2\/product\/54938","targetHints":{"allow":["GET"]}}],"collection":[{"href":"https:\/\/de-prime.com\/index.php\/wp-json\/wp\/v2\/product"}],"about":[{"href":"https:\/\/de-prime.com\/index.php\/wp-json\/wp\/v2\/types\/product"}],"replies":[{"embeddable":true,"href":"https:\/\/de-prime.com\/index.php\/wp-json\/wp\/v2\/comments?post=54938"}],"wp:featuredmedia":[{"embeddable":true,"href":"https:\/\/de-prime.com\/index.php\/wp-json\/"}],"wp:attachment":[{"href":"https:\/\/de-prime.com\/index.php\/wp-json\/wp\/v2\/media?parent=54938"}],"wp:term":[{"taxonomy":"product_brand","embeddable":true,"href":"https:\/\/de-prime.com\/index.php\/wp-json\/wp\/v2\/product_brand?post=54938"},{"taxonomy":"product_cat","embeddable":true,"href":"https:\/\/de-prime.com\/index.php\/wp-json\/wp\/v2\/product_cat?post=54938"},{"taxonomy":"product_tag","embeddable":true,"href":"https:\/\/de-prime.com\/index.php\/wp-json\/wp\/v2\/product_tag?post=54938"}],"curies":[{"name":"wp","href":"https:\/\/api.w.org\/{rel}","templated":true}]}}