{"id":54931,"date":"2024-10-01T16:10:51","date_gmt":"2024-10-01T16:10:51","guid":{"rendered":"https:\/\/de-prime.com\/?p=54931"},"modified":"2024-10-01T16:40:01","modified_gmt":"2024-10-01T16:40:01","slug":"campingstuhl-2-stk-schwarz-58-x-69-x-111-cm-aluminium","status":"publish","type":"product","link":"https:\/\/de-prime.com\/index.php\/product\/campingstuhl-2-stk-schwarz-58-x-69-x-111-cm-aluminium\/","title":{"rendered":"Campingstuhl 2 Stk. Schwarz 58 x 69 x 111 cm Aluminium"},"content":{"rendered":"<p>Dieses Campingstuhl-Set, bestehend aus 2 Aluminiumst\u00fchlen, eignet sich bestens f\u00fcr Jagd, Camping, Angeln, Reisen und andere Outdoor-Aktivit\u00e4ten. Die Strandst\u00fchle sind 5-fach verstellbar und verf\u00fcgen \u00fcber weiche, gepolsterte Kopfst\u00fctzen. Dank ihrer robusten Konstruktion sind diese Gartenst\u00fchle sehr langlebig und stabil. Der Sitz und die R\u00fcckenlehne aus hochwertigem Textilene sind strapazierf\u00e4hig. Der leichte Aluminiumrahmen und das Klappdesign sorgen daf\u00fcr, dass die St\u00fchle einfach mitgenommen und versetzt werden k\u00f6nnen. Zudem lassen sich diese komfortablen Gartenst\u00fchle bei Nichtgebrauch bzw. f\u00fcr Transport oder Lagerung einfach zusammenklappen. Der Lieferumfang beinhaltet 2 Campingst\u00fchle.<\/p>\n<ul>\n<li>Farbe: Schwarz <\/li>\n<li>Material: Aluminium und Textilene<\/li>\n<li>Abmessungen: 58 x 69 x 86-111 cm (B x T x H)<\/li>\n<li>Sitzbreite: 45 cm<\/li>\n<li>Sitztiefe: 40 cm<\/li>\n<li>Sitzh\u00f6he \u00fcber dem Boden: 43 cm<\/li>\n<li>H\u00f6he der Armlehnen (vom Boden): 63 cm<\/li>\n<li>In 5 Positionen verstellbar<\/li>\n<li>Zusammenklappbar<\/li>\n<li>Lieferumfang: 2 Campingst\u00fchle<\/li>\n<li>Material: Polyester: 30%, PVC: 70%<\/li>\n<\/ul>\n","protected":false},"excerpt":{"rendered":"<ul>\n<li>Farbe: Schwarz <\/li>\n<li>Material: Aluminium und Textilene<\/li>\n<li>Abmessungen: 58 x 69 x 86-111 cm (B x T x H)<\/li>\n<li>Sitzbreite: 45 cm<\/li>\n<li>Sitztiefe: 40 cm<\/li>\n<li>Sitzh\u00f6he \u00fcber dem Boden: 43 cm<\/li>\n<li>H\u00f6he der Armlehnen (vom Boden): 63 cm<\/li>\n<li>In 5 Positionen verstellbar<\/li>\n<li>Zusammenklappbar<\/li>\n<li>Lieferumfang: 2 Campingst\u00fchle<\/li>\n<li>Material: Polyester: 30%, PVC: 70%<\/li>\n<\/ul>\n","protected":false},"featured_media":10000054931,"comment_status":"closed","ping_status":"closed","template":"","meta":[],"product_brand":[],"product_cat":[6859,6864,6837,6836],"product_tag":[],"class_list":{"0":"post-54931","1":"product","2":"type-product","3":"status-publish","4":"has-post-thumbnail","6":"product_cat-camping-wandern","7":"product_cat-campingmoebel","8":"product_cat-outdoor-aktivitaeten","9":"product_cat-sportartikel","11":"first","12":"outofstock","13":"taxable","14":"shipping-taxable","15":"purchasable","16":"product-type-simple","17":"add-to-wishlist-after_add_to_cart"},"jetpack_sharing_enabled":true,"_links":{"self":[{"href":"https:\/\/de-prime.com\/index.php\/wp-json\/wp\/v2\/product\/54931","targetHints":{"allow":["GET"]}}],"collection":[{"href":"https:\/\/de-prime.com\/index.php\/wp-json\/wp\/v2\/product"}],"about":[{"href":"https:\/\/de-prime.com\/index.php\/wp-json\/wp\/v2\/types\/product"}],"replies":[{"embeddable":true,"href":"https:\/\/de-prime.com\/index.php\/wp-json\/wp\/v2\/comments?post=54931"}],"wp:featuredmedia":[{"embeddable":true,"href":"https:\/\/de-prime.com\/index.php\/wp-json\/"}],"wp:attachment":[{"href":"https:\/\/de-prime.com\/index.php\/wp-json\/wp\/v2\/media?parent=54931"}],"wp:term":[{"taxonomy":"product_brand","embeddable":true,"href":"https:\/\/de-prime.com\/index.php\/wp-json\/wp\/v2\/product_brand?post=54931"},{"taxonomy":"product_cat","embeddable":true,"href":"https:\/\/de-prime.com\/index.php\/wp-json\/wp\/v2\/product_cat?post=54931"},{"taxonomy":"product_tag","embeddable":true,"href":"https:\/\/de-prime.com\/index.php\/wp-json\/wp\/v2\/product_tag?post=54931"}],"curies":[{"name":"wp","href":"https:\/\/api.w.org\/{rel}","templated":true}]}}