{"id":54917,"date":"2024-10-01T16:10:50","date_gmt":"2024-10-01T16:10:50","guid":{"rendered":"https:\/\/de-prime.com\/?p=54917"},"modified":"2024-10-01T16:40:36","modified_gmt":"2024-10-01T16:40:36","slug":"eurotrail-2-tlg-kochgeschirr-set-melrose-edelstahl","status":"publish","type":"product","link":"https:\/\/de-prime.com\/index.php\/product\/eurotrail-2-tlg-kochgeschirr-set-melrose-edelstahl\/","title":{"rendered":"Eurotrail 2-tlg. Kochgeschirr-Set Melrose Edelstahl"},"content":{"rendered":"<p>Mit diesem 2-teiligen Melrose Kochgeschirr-Set aus Edelstahl von Eurotrail kannst du deine Mahlzeiten mit Spa\u00df und Begeisterung zubereiten. Robustes Material: Das trendige Kochgeschirr-Set ist aus Edelstahl gefertigt und daher auf eine lange Lebensdauer ausgelegt.Praktisches Design: Das Kochgeschirr-Set verf\u00fcgt \u00fcber Deckel aus Hartglas mit Silikonrand, der f\u00fcr eine bessere Verbindung zwischen Deckel und Kochtopf sorgt.F\u00fcr alle W\u00e4rmequellen geeignet: Die Suppent\u00f6pfe verf\u00fcgen \u00fcber Kapselb\u00f6den und sind daher f\u00fcr alle W\u00e4rmequellen wie Gas, Elektro, Keramik oder Induktion geeignet.<\/p>\n<ul>\n<li>Farbe: Silbern<\/li>\n<li>Material: Glas, Edelstahl<\/li>\n<li>Abmessungen: 18 x 17 cm \/ 20 x 18 cm (Durchmesser x H)<\/li>\n<li>Fassungsverm\u00f6gen: 3,9 L \/ 4,7 L<\/li>\n<li>Deckel aus Hartglas mit Silikonrand<\/li>\n<li>Geeignet f\u00fcr Induktion, Gas, Elektro, Keramik<\/li>\n<li><strong>Lieferung umfasst:<\/strong><\/li>\n<li>2 x Kochtopf<\/li>\n<\/ul>\n","protected":false},"excerpt":{"rendered":"<ul>\n<li>Farbe: Silbern<\/li>\n<li>Material: Glas, Edelstahl<\/li>\n<li>Abmessungen: 18 x 17 cm \/ 20 x 18 cm (Durchmesser x H)<\/li>\n<li>Fassungsverm\u00f6gen: 3,9 L \/ 4,7 L<\/li>\n<li>Deckel aus Hartglas mit Silikonrand<\/li>\n<li>Geeignet f\u00fcr Induktion, Gas, Elektro, Keramik<\/li>\n<li><strong>Lieferung umfasst:<\/strong><\/li>\n<li>2 x Kochtopf<\/li>\n<\/ul>\n","protected":false},"featured_media":10000054917,"comment_status":"closed","ping_status":"closed","template":"","meta":[],"product_brand":[],"product_cat":[6859,6863,6837,6836],"product_tag":[],"class_list":{"0":"post-54917","1":"product","2":"type-product","3":"status-publish","4":"has-post-thumbnail","6":"product_cat-camping-wandern","7":"product_cat-camping-toepfe-geschirr","8":"product_cat-outdoor-aktivitaeten","9":"product_cat-sportartikel","11":"first","12":"outofstock","13":"taxable","14":"shipping-taxable","15":"purchasable","16":"product-type-simple","17":"add-to-wishlist-after_add_to_cart"},"jetpack_sharing_enabled":true,"_links":{"self":[{"href":"https:\/\/de-prime.com\/index.php\/wp-json\/wp\/v2\/product\/54917","targetHints":{"allow":["GET"]}}],"collection":[{"href":"https:\/\/de-prime.com\/index.php\/wp-json\/wp\/v2\/product"}],"about":[{"href":"https:\/\/de-prime.com\/index.php\/wp-json\/wp\/v2\/types\/product"}],"replies":[{"embeddable":true,"href":"https:\/\/de-prime.com\/index.php\/wp-json\/wp\/v2\/comments?post=54917"}],"wp:featuredmedia":[{"embeddable":true,"href":"https:\/\/de-prime.com\/index.php\/wp-json\/"}],"wp:attachment":[{"href":"https:\/\/de-prime.com\/index.php\/wp-json\/wp\/v2\/media?parent=54917"}],"wp:term":[{"taxonomy":"product_brand","embeddable":true,"href":"https:\/\/de-prime.com\/index.php\/wp-json\/wp\/v2\/product_brand?post=54917"},{"taxonomy":"product_cat","embeddable":true,"href":"https:\/\/de-prime.com\/index.php\/wp-json\/wp\/v2\/product_cat?post=54917"},{"taxonomy":"product_tag","embeddable":true,"href":"https:\/\/de-prime.com\/index.php\/wp-json\/wp\/v2\/product_tag?post=54917"}],"curies":[{"name":"wp","href":"https:\/\/api.w.org\/{rel}","templated":true}]}}