{"id":54912,"date":"2024-10-01T16:10:49","date_gmt":"2024-10-01T16:10:49","guid":{"rendered":"https:\/\/de-prime.com\/?p=54912"},"modified":"2024-10-01T16:37:38","modified_gmt":"2024-10-01T16:37:38","slug":"klappbarer-campingtisch-mit-2-sitzbaenken-aluminium-grau","status":"publish","type":"product","link":"https:\/\/de-prime.com\/index.php\/product\/klappbarer-campingtisch-mit-2-sitzbaenken-aluminium-grau\/","title":{"rendered":"Klappbarer Campingtisch mit 2 Sitzb\u00e4nken Aluminium Grau"},"content":{"rendered":"<p>Dieser kompakte Campingtisch-Set in Kofferdesign eignet sich bestens f\u00fcr Picknicks oder andere Aktivit\u00e4ten im Freien wie Parkplatz-Partys, Grillpartys im Garten, Wandern, Sportveranstaltungen usw. Dieser Tisch besteht aus leichtem Aluminium und einer MDF-Tischplatte und ist daher leicht zu transportieren, einfach aufzustellen und schnell zu reinigen. Gestell und Tischplatte machen ihn stabil und langlebig. Der Campingtisch und die Sitzb\u00e4nke sind zusammenklappbar, was den Transport und die Lagerung erheblich erleichtern. Dar\u00fcber hinaus lassen sich die B\u00e4nke im Tisch verstauen, um Platz zu sparen. Die Lieferung umfasst 1 Campingtisch und 2 B\u00e4nke.<\/p>\n<ul>\n<li>Farbe: Grau und Silber<\/li>\n<li>Material: Aluminium, MDF<\/li>\n<li>Tisch-Ma\u00dfe: 90 x 60 x 70 cm (L x B x H)<\/li>\n<li>Bank-Ma\u00dfe: 87 x 24,5 x 40 cm (L x B x H)<\/li>\n<li>Zusammenklappbar f\u00fcr einfachen Transport und problemlose Verstauung<\/li>\n<li>B\u00e4nke k\u00f6nnen platzsparend in den Tisch integriert werden<\/li>\n<li>Verf\u00fcgt \u00fcber einen Tragegriff<\/li>\n<li><strong>Lieferung enth\u00e4lt:<\/strong><\/li>\n<li>1 x Campingtisch<\/li>\n<li>2 x Bank<\/li>\n<\/ul>\n","protected":false},"excerpt":{"rendered":"<ul>\n<li>Farbe: Grau und Silber<\/li>\n<li>Material: Aluminium, MDF<\/li>\n<li>Tisch-Ma\u00dfe: 90 x 60 x 70 cm (L x B x H)<\/li>\n<li>Bank-Ma\u00dfe: 87 x 24,5 x 40 cm (L x B x H)<\/li>\n<li>Zusammenklappbar f\u00fcr einfachen Transport und problemlose Verstauung<\/li>\n<li>B\u00e4nke k\u00f6nnen platzsparend in den Tisch integriert werden<\/li>\n<li>Verf\u00fcgt \u00fcber einen Tragegriff<\/li>\n<li><strong>Lieferung enth\u00e4lt:<\/strong><\/li>\n<li>1 x Campingtisch<\/li>\n<li>2 x Bank<\/li>\n<\/ul>\n","protected":false},"featured_media":10000054912,"comment_status":"closed","ping_status":"closed","template":"","meta":[],"product_brand":[],"product_cat":[6859,6862,6837,6836],"product_tag":[],"class_list":{"0":"post-54912","1":"product","2":"type-product","3":"status-publish","4":"has-post-thumbnail","6":"product_cat-camping-wandern","7":"product_cat-camping-moebel","8":"product_cat-outdoor-aktivitaeten","9":"product_cat-sportartikel","11":"first","12":"instock","13":"taxable","14":"shipping-taxable","15":"purchasable","16":"product-type-simple","17":"add-to-wishlist-after_add_to_cart"},"jetpack_sharing_enabled":true,"_links":{"self":[{"href":"https:\/\/de-prime.com\/index.php\/wp-json\/wp\/v2\/product\/54912","targetHints":{"allow":["GET"]}}],"collection":[{"href":"https:\/\/de-prime.com\/index.php\/wp-json\/wp\/v2\/product"}],"about":[{"href":"https:\/\/de-prime.com\/index.php\/wp-json\/wp\/v2\/types\/product"}],"replies":[{"embeddable":true,"href":"https:\/\/de-prime.com\/index.php\/wp-json\/wp\/v2\/comments?post=54912"}],"wp:featuredmedia":[{"embeddable":true,"href":"https:\/\/de-prime.com\/index.php\/wp-json\/"}],"wp:attachment":[{"href":"https:\/\/de-prime.com\/index.php\/wp-json\/wp\/v2\/media?parent=54912"}],"wp:term":[{"taxonomy":"product_brand","embeddable":true,"href":"https:\/\/de-prime.com\/index.php\/wp-json\/wp\/v2\/product_brand?post=54912"},{"taxonomy":"product_cat","embeddable":true,"href":"https:\/\/de-prime.com\/index.php\/wp-json\/wp\/v2\/product_cat?post=54912"},{"taxonomy":"product_tag","embeddable":true,"href":"https:\/\/de-prime.com\/index.php\/wp-json\/wp\/v2\/product_tag?post=54912"}],"curies":[{"name":"wp","href":"https:\/\/api.w.org\/{rel}","templated":true}]}}