{"id":54909,"date":"2024-10-01T16:10:49","date_gmt":"2024-10-01T16:10:49","guid":{"rendered":"https:\/\/de-prime.com\/?p=54909"},"modified":"2024-10-01T16:37:37","modified_gmt":"2024-10-01T16:37:37","slug":"klappbarer-campingtisch-grau-aluminium-60x45-cm","status":"publish","type":"product","link":"https:\/\/de-prime.com\/index.php\/product\/klappbarer-campingtisch-grau-aluminium-60x45-cm\/","title":{"rendered":"Klappbarer Campingtisch Grau Aluminium 60&#215;45 cm"},"content":{"rendered":"<p>Egal wo Sie sind oder wohin Sie gehen m\u00f6chten, unser zusammenklappbarer Campingtisch ist hervorragend f\u00fcr alle Outdoor-Aktivit\u00e4ten geeignet, sei es ein Grillfest, eine Sportveranstaltung, Wanderungen, eine Gartenparty oder ein Picknick. Dieser Tisch aus leichtem Aluminium und MDF ist leicht zu transportieren, einfach aufzustellen und schnell zu reinigen. Rahmen und Tischplatte machen ihn stabil und langlebig. Dank des zusammenklappbaren Designs l\u00e4sst sich dieser Campingtisch leicht transportieren und bei Nichtgebrauch schnell verstauen. Der Tragegriff macht es sehr einfach, den Tisch mitzunehmen.<\/p>\n<ul>\n<li>Farbe: Grau<\/li>\n<li>Material: Aluminium, MDF<\/li>\n<li>Ungefaltete Ma\u00dfe: 60 x 45 x 56 cm (L x B x H)<\/li>\n<li>Abmessungen (zusammengeklappt): 60 x 45 x 3,2 cm (L x B x H)<\/li>\n<li>Zusammenklappbar f\u00fcr einfachen Transport und problemlose Verstauung<\/li>\n<li>Mit Tragegriff<\/li>\n<li>Keine Montage n\u00f6tig<\/li>\n<\/ul>\n","protected":false},"excerpt":{"rendered":"<ul>\n<li>Farbe: Grau<\/li>\n<li>Material: Aluminium, MDF<\/li>\n<li>Ungefaltete Ma\u00dfe: 60 x 45 x 56 cm (L x B x H)<\/li>\n<li>Abmessungen (zusammengeklappt): 60 x 45 x 3,2 cm (L x B x H)<\/li>\n<li>Zusammenklappbar f\u00fcr einfachen Transport und problemlose Verstauung<\/li>\n<li>Mit Tragegriff<\/li>\n<li>Keine Montage n\u00f6tig<\/li>\n<\/ul>\n","protected":false},"featured_media":10000054909,"comment_status":"closed","ping_status":"closed","template":"","meta":[],"product_brand":[],"product_cat":[6859,6862,6837,6836],"product_tag":[],"class_list":{"0":"post-54909","1":"product","2":"type-product","3":"status-publish","4":"has-post-thumbnail","6":"product_cat-camping-wandern","7":"product_cat-camping-moebel","8":"product_cat-outdoor-aktivitaeten","9":"product_cat-sportartikel","11":"first","12":"outofstock","13":"taxable","14":"shipping-taxable","15":"purchasable","16":"product-type-simple","17":"add-to-wishlist-after_add_to_cart"},"jetpack_sharing_enabled":true,"_links":{"self":[{"href":"https:\/\/de-prime.com\/index.php\/wp-json\/wp\/v2\/product\/54909","targetHints":{"allow":["GET"]}}],"collection":[{"href":"https:\/\/de-prime.com\/index.php\/wp-json\/wp\/v2\/product"}],"about":[{"href":"https:\/\/de-prime.com\/index.php\/wp-json\/wp\/v2\/types\/product"}],"replies":[{"embeddable":true,"href":"https:\/\/de-prime.com\/index.php\/wp-json\/wp\/v2\/comments?post=54909"}],"wp:featuredmedia":[{"embeddable":true,"href":"https:\/\/de-prime.com\/index.php\/wp-json\/"}],"wp:attachment":[{"href":"https:\/\/de-prime.com\/index.php\/wp-json\/wp\/v2\/media?parent=54909"}],"wp:term":[{"taxonomy":"product_brand","embeddable":true,"href":"https:\/\/de-prime.com\/index.php\/wp-json\/wp\/v2\/product_brand?post=54909"},{"taxonomy":"product_cat","embeddable":true,"href":"https:\/\/de-prime.com\/index.php\/wp-json\/wp\/v2\/product_cat?post=54909"},{"taxonomy":"product_tag","embeddable":true,"href":"https:\/\/de-prime.com\/index.php\/wp-json\/wp\/v2\/product_tag?post=54909"}],"curies":[{"name":"wp","href":"https:\/\/api.w.org\/{rel}","templated":true}]}}