{"id":54897,"date":"2024-10-01T16:10:48","date_gmt":"2024-10-01T16:10:48","guid":{"rendered":"https:\/\/de-prime.com\/?p=54897"},"modified":"2024-10-01T16:37:31","modified_gmt":"2024-10-01T16:37:31","slug":"eurotrail-campingtisch-crouzet-150x80-cm","status":"publish","type":"product","link":"https:\/\/de-prime.com\/index.php\/product\/eurotrail-campingtisch-crouzet-150x80-cm\/","title":{"rendered":"Eurotrail Campingtisch Crouzet 150&#215;80 cm"},"content":{"rendered":"<p>Dieser Crouzet Campingtisch von Eurotrail eignet sich hervorragend f\u00fcr Outdoor-Aktivit\u00e4ten, wie z.B. Camping, BBQ im Garten, Sportveranstaltungen, Picknick usw. Der Outdoor-Tisch ist mit verstellbaren F\u00fc\u00dfen (3 Positionen) ausgestattet, um verschiedenen Anforderungen gerecht zu werden. Es hat auch ein Zeitungsnetz unter der Oberseite zum Ablegen von Zeitungen, Zeitschriften usw. Die Tischplatte ist 100% wasserdicht und hitzebest\u00e4ndig und somit ideal f\u00fcr den Au\u00dfenbereich geeignet. Dank des klappbaren Designs k\u00f6nnen Sie den Tisch zum Transport und zur Aufbewahrung einfach zusammenklappen.<\/p>\n<ul>\n<li>Farbe: Silber<\/li>\n<li>Material: Aluminium<\/li>\n<li>Gesamtma\u00dfe: 150 x 80 x 70\/65\/58 cm (L x B x H)<\/li>\n<li>Ma\u00dfe zusammengeklappt: 82 x 77 x 8 cm (L x B x H)<\/li>\n<li>Gewicht: 8,95 kg<\/li>\n<li>Maximale Tragf\u00e4higkeit: 50 kg<\/li>\n<li>Mit verstellbaren Beinen (3 Positionen)<\/li>\n<li>Wasserdicht und hitzebest\u00e4ndig<\/li>\n<\/ul>\n","protected":false},"excerpt":{"rendered":"<ul>\n<li>Farbe: Silber<\/li>\n<li>Material: Aluminium<\/li>\n<li>Gesamtma\u00dfe: 150 x 80 x 70\/65\/58 cm (L x B x H)<\/li>\n<li>Ma\u00dfe zusammengeklappt: 82 x 77 x 8 cm (L x B x H)<\/li>\n<li>Gewicht: 8,95 kg<\/li>\n<li>Maximale Tragf\u00e4higkeit: 50 kg<\/li>\n<li>Mit verstellbaren Beinen (3 Positionen)<\/li>\n<li>Wasserdicht und hitzebest\u00e4ndig<\/li>\n<\/ul>\n","protected":false},"featured_media":10000054897,"comment_status":"closed","ping_status":"closed","template":"","meta":[],"product_brand":[],"product_cat":[6859,6862,6837,6836],"product_tag":[],"class_list":{"0":"post-54897","1":"product","2":"type-product","3":"status-publish","4":"has-post-thumbnail","6":"product_cat-camping-wandern","7":"product_cat-camping-moebel","8":"product_cat-outdoor-aktivitaeten","9":"product_cat-sportartikel","11":"first","12":"outofstock","13":"taxable","14":"shipping-taxable","15":"purchasable","16":"product-type-simple","17":"add-to-wishlist-after_add_to_cart"},"jetpack_sharing_enabled":true,"_links":{"self":[{"href":"https:\/\/de-prime.com\/index.php\/wp-json\/wp\/v2\/product\/54897","targetHints":{"allow":["GET"]}}],"collection":[{"href":"https:\/\/de-prime.com\/index.php\/wp-json\/wp\/v2\/product"}],"about":[{"href":"https:\/\/de-prime.com\/index.php\/wp-json\/wp\/v2\/types\/product"}],"replies":[{"embeddable":true,"href":"https:\/\/de-prime.com\/index.php\/wp-json\/wp\/v2\/comments?post=54897"}],"wp:featuredmedia":[{"embeddable":true,"href":"https:\/\/de-prime.com\/index.php\/wp-json\/"}],"wp:attachment":[{"href":"https:\/\/de-prime.com\/index.php\/wp-json\/wp\/v2\/media?parent=54897"}],"wp:term":[{"taxonomy":"product_brand","embeddable":true,"href":"https:\/\/de-prime.com\/index.php\/wp-json\/wp\/v2\/product_brand?post=54897"},{"taxonomy":"product_cat","embeddable":true,"href":"https:\/\/de-prime.com\/index.php\/wp-json\/wp\/v2\/product_cat?post=54897"},{"taxonomy":"product_tag","embeddable":true,"href":"https:\/\/de-prime.com\/index.php\/wp-json\/wp\/v2\/product_tag?post=54897"}],"curies":[{"name":"wp","href":"https:\/\/api.w.org\/{rel}","templated":true}]}}