{"id":54894,"date":"2024-10-01T16:10:48","date_gmt":"2024-10-01T16:10:48","guid":{"rendered":"https:\/\/de-prime.com\/?p=54894"},"modified":"2024-10-01T16:37:30","modified_gmt":"2024-10-01T16:37:30","slug":"klappbarer-campingtisch-dunkelgruen","status":"publish","type":"product","link":"https:\/\/de-prime.com\/index.php\/product\/klappbarer-campingtisch-dunkelgruen\/","title":{"rendered":"Klappbarer Campingtisch dunkelgr\u00fcn"},"content":{"rendered":"<p>Dieser klappbare Campingtisch mit einer praktischen Tragetasche ist sowohl f\u00fcr den Au\u00dfen- als auch f\u00fcr den Innenbereich geeignet. Dank seiner hochwertigen Materialien und der robusten Bauweise ist dieser Campingtisch sehr langlebig. Das wetterfeste und wasserdichte Polyester macht es leicht zu reinigen. Da er nach dem Gebrauch leicht zusammengeklappt werden kann, ist dieser Campingtisch leicht zu transportieren und zu verstauen, wenn er nicht in Gebrauch ist. Die mitgelieferte Tragetasche macht es sehr einfach, den Tisch mitzubringen, wenn Sie einen Picknick oder einen Campingausflug machen.<\/p>\n<ul>\n<li>Farbe: dunkelgr\u00fcn<\/li>\n<li>Ma\u00dfe: 48 x 48 x 45 cm (L x W x H)<\/li>\n<li>Tischf\u00fc\u00dfe: Stahl<\/li>\n<li>Zusammenklappbar f\u00fcr leichten Transport und einfache Lagerung<\/li>\n<li>Mit Tragetasche<\/li>\n<li>Material: Polyester: 100%<\/li>\n<\/ul>\n","protected":false},"excerpt":{"rendered":"<ul>\n<li>Farbe: dunkelgr\u00fcn<\/li>\n<li>Ma\u00dfe: 48 x 48 x 45 cm (L x W x H)<\/li>\n<li>Tischf\u00fc\u00dfe: Stahl<\/li>\n<li>Zusammenklappbar f\u00fcr leichten Transport und einfache Lagerung<\/li>\n<li>Mit Tragetasche<\/li>\n<li>Material: Polyester: 100%<\/li>\n<\/ul>\n","protected":false},"featured_media":10000054894,"comment_status":"closed","ping_status":"closed","template":"","meta":[],"product_brand":[],"product_cat":[6859,6862,6837,6836],"product_tag":[],"class_list":{"0":"post-54894","1":"product","2":"type-product","3":"status-publish","4":"has-post-thumbnail","6":"product_cat-camping-wandern","7":"product_cat-camping-moebel","8":"product_cat-outdoor-aktivitaeten","9":"product_cat-sportartikel","11":"first","12":"instock","13":"taxable","14":"shipping-taxable","15":"purchasable","16":"product-type-simple","17":"add-to-wishlist-after_add_to_cart"},"jetpack_sharing_enabled":true,"_links":{"self":[{"href":"https:\/\/de-prime.com\/index.php\/wp-json\/wp\/v2\/product\/54894","targetHints":{"allow":["GET"]}}],"collection":[{"href":"https:\/\/de-prime.com\/index.php\/wp-json\/wp\/v2\/product"}],"about":[{"href":"https:\/\/de-prime.com\/index.php\/wp-json\/wp\/v2\/types\/product"}],"replies":[{"embeddable":true,"href":"https:\/\/de-prime.com\/index.php\/wp-json\/wp\/v2\/comments?post=54894"}],"wp:featuredmedia":[{"embeddable":true,"href":"https:\/\/de-prime.com\/index.php\/wp-json\/"}],"wp:attachment":[{"href":"https:\/\/de-prime.com\/index.php\/wp-json\/wp\/v2\/media?parent=54894"}],"wp:term":[{"taxonomy":"product_brand","embeddable":true,"href":"https:\/\/de-prime.com\/index.php\/wp-json\/wp\/v2\/product_brand?post=54894"},{"taxonomy":"product_cat","embeddable":true,"href":"https:\/\/de-prime.com\/index.php\/wp-json\/wp\/v2\/product_cat?post=54894"},{"taxonomy":"product_tag","embeddable":true,"href":"https:\/\/de-prime.com\/index.php\/wp-json\/wp\/v2\/product_tag?post=54894"}],"curies":[{"name":"wp","href":"https:\/\/api.w.org\/{rel}","templated":true}]}}