{"id":54892,"date":"2024-10-01T16:10:48","date_gmt":"2024-10-01T16:10:48","guid":{"rendered":"https:\/\/de-prime.com\/?p=54892"},"modified":"2024-10-01T16:37:29","modified_gmt":"2024-10-01T16:37:29","slug":"campingtisch-mit-4-hockern-klappbar-aluminium-extra-leicht-grau","status":"publish","type":"product","link":"https:\/\/de-prime.com\/index.php\/product\/campingtisch-mit-4-hockern-klappbar-aluminium-extra-leicht-grau\/","title":{"rendered":"Campingtisch mit 4 Hockern Klappbar Aluminium Extra Leicht Grau"},"content":{"rendered":"<p>Dieses Camping-Set besteht aus 1 Tisch und 4 Hockern. Durch den praktischen Tragegriff und das Klappdesign eignet es sich perfekt f\u00fcr den Einsatz in der K\u00fcche, auf der Terrasse, im Garten, auf Picknicks sowie Campingausfl\u00fcgen. Das Camping-Set \u00fcberzeugt durch ein geringes Eigengewicht. Dank des praktischen Tragegriffes l\u00e4sst sich der Tisch m\u00fchelos auf Picknicks oder Campingausfl\u00fcgen mitnehmen. Dank der robusten Struktur betr\u00e4gt die maximale Belastbarkeit des Campingtisches 30 kg. Das Gestell besteht aus PP, w\u00e4hrend die Tischplatte und die Sitzfl\u00e4chen aus PP gefertigt sind. Daher ist das Set sehr stabil und haltbar. Der Tisch ist mit einem Sonnenschirmloch versehen, um das Anbringen eines Sonnenschirms zu erm\u00f6glichen und angenehmen Schatten zu genie\u00dfen. Der Tisch und die Hocker lassen sich einfach zusammenklappen, um den Transport und die Lagerung zu erleichtern.<\/p>\n<ul>\n<li>Farbe: Grau<\/li>\n<li>Material: Stahlgestell + Tischplatte und Sitzfl\u00e4chen aus PP + Aluminiumbeine<\/li>\n<li>Tischgr\u00f6\u00dfe: 85,5 x 65 x 67 cm (L x W x H)<\/li>\n<li>Gr\u00f6\u00dfe der Hocker: 30 x 27 x 40 cm (L x W x H)<\/li>\n<li>Belastbarkeit des Tisches: 30 kg<\/li>\n<li>Belastbarkeit der Hocker: 100 kg<\/li>\n<li>Faltbares Design f\u00fcr einfachen Transport<\/li>\n<li>Mit einem Tragegriff<\/li>\n<\/ul>\n","protected":false},"excerpt":{"rendered":"<ul>\n<li>Farbe: Grau<\/li>\n<li>Material: Stahlgestell + Tischplatte und Sitzfl\u00e4chen aus PP + Aluminiumbeine<\/li>\n<li>Tischgr\u00f6\u00dfe: 85,5 x 65 x 67 cm (L x W x H)<\/li>\n<li>Gr\u00f6\u00dfe der Hocker: 30 x 27 x 40 cm (L x W x H)<\/li>\n<li>Belastbarkeit des Tisches: 30 kg<\/li>\n<li>Belastbarkeit der Hocker: 100 kg<\/li>\n<li>Faltbares Design f\u00fcr einfachen Transport<\/li>\n<li>Mit einem Tragegriff<\/li>\n<\/ul>\n","protected":false},"featured_media":10000054892,"comment_status":"closed","ping_status":"closed","template":"","meta":[],"product_brand":[],"product_cat":[6859,6862,6837,6836],"product_tag":[],"class_list":{"0":"post-54892","1":"product","2":"type-product","3":"status-publish","4":"has-post-thumbnail","6":"product_cat-camping-wandern","7":"product_cat-camping-moebel","8":"product_cat-outdoor-aktivitaeten","9":"product_cat-sportartikel","11":"first","12":"instock","13":"taxable","14":"shipping-taxable","15":"purchasable","16":"product-type-simple","17":"add-to-wishlist-after_add_to_cart"},"jetpack_sharing_enabled":true,"_links":{"self":[{"href":"https:\/\/de-prime.com\/index.php\/wp-json\/wp\/v2\/product\/54892","targetHints":{"allow":["GET"]}}],"collection":[{"href":"https:\/\/de-prime.com\/index.php\/wp-json\/wp\/v2\/product"}],"about":[{"href":"https:\/\/de-prime.com\/index.php\/wp-json\/wp\/v2\/types\/product"}],"replies":[{"embeddable":true,"href":"https:\/\/de-prime.com\/index.php\/wp-json\/wp\/v2\/comments?post=54892"}],"wp:featuredmedia":[{"embeddable":true,"href":"https:\/\/de-prime.com\/index.php\/wp-json\/"}],"wp:attachment":[{"href":"https:\/\/de-prime.com\/index.php\/wp-json\/wp\/v2\/media?parent=54892"}],"wp:term":[{"taxonomy":"product_brand","embeddable":true,"href":"https:\/\/de-prime.com\/index.php\/wp-json\/wp\/v2\/product_brand?post=54892"},{"taxonomy":"product_cat","embeddable":true,"href":"https:\/\/de-prime.com\/index.php\/wp-json\/wp\/v2\/product_cat?post=54892"},{"taxonomy":"product_tag","embeddable":true,"href":"https:\/\/de-prime.com\/index.php\/wp-json\/wp\/v2\/product_tag?post=54892"}],"curies":[{"name":"wp","href":"https:\/\/api.w.org\/{rel}","templated":true}]}}