{"id":54890,"date":"2024-10-01T16:10:48","date_gmt":"2024-10-01T16:10:48","guid":{"rendered":"https:\/\/de-prime.com\/?p=54890"},"modified":"2024-10-01T16:37:28","modified_gmt":"2024-10-01T16:37:28","slug":"campingmoebel-stauraum-aus-aluminium-zusammenklappbar","status":"publish","type":"product","link":"https:\/\/de-prime.com\/index.php\/product\/campingmoebel-stauraum-aus-aluminium-zusammenklappbar\/","title":{"rendered":"Campingm\u00f6bel Stauraum aus Aluminium zusammenklappbar"},"content":{"rendered":"<p>Dieser mobile Camping-Stauraum hat eine gro\u00dfe Arbeitsplatte und 2 gro\u00dfe Aufbewahrungsf\u00e4cher. Es ist ideal f\u00fcr den Au\u00dfenbereich. In den gro\u00dfen F\u00e4chern k\u00f6nnen Sie alle Utensiliten in Ihrer Reichweite aufbewaren. Die F\u00e4cher sind mit einer Stofft\u00fcr verschlossen werden. Die Stofft\u00fcr kann auch aufgerollt werden, sodass der Zugang zu den F\u00e4chern offengelegt wird. Dieses M\u00f6belst\u00fcck wiegt nicht viel und ist zusammenklappbar, was den Transport erleichtert. Durch die mitgelieferte Tragetasche gestalltet sich der Transport- und Lagerprozess als einfach und unkompliziert. Durch die robuste Struktur hat dieser Arbeitstisch eine hohe Belastbarkeit von bis zu 30 &#8211; 50 kg. Dank der Metallrahmen, der robusten MDF Tischplatte und dem hochwertigen 600D Oxford-Gewebe, ist die M\u00f6beleinheit sehr stabil und langlebig. Die PVC-Beschichtung sorgt f\u00fcr eine lange Lebensdauer.<\/p>\n<ul>\n<li>Gr\u00f6\u00dfe wenn aufgebaut: 120 x 47 x 68 cm (L x B x H)<\/li>\n<li>Gefaltete wenn zusammengefaltet: 60 x 47 x 10,5 cm (L x B x T)<\/li>\n<li>Material: Aluminium-Rahmen + MDF Tischplatte<\/li>\n<li>Belastbarkeit: 30 &#8211; 50 kg<\/li>\n<li>Gro\u00dfe Arbeitsfl\u00e4che<\/li>\n<li>2 gro\u00dfe F\u00e4cher ausPVC-beschichtetem Gewebe<\/li>\n<li>Hitzebest\u00e4ndig, kratzfest und wasserdicht<\/li>\n<li>Zusammenklappbar f\u00fcr Transport und Lagerung<\/li>\n<li>Material: Polyester: 100%<\/li>\n<\/ul>\n","protected":false},"excerpt":{"rendered":"<ul>\n<li>Gr\u00f6\u00dfe wenn aufgebaut: 120 x 47 x 68 cm (L x B x H)<\/li>\n<li>Gefaltete wenn zusammengefaltet: 60 x 47 x 10,5 cm (L x B x T)<\/li>\n<li>Material: Aluminium-Rahmen + MDF Tischplatte<\/li>\n<li>Belastbarkeit: 30 &#8211; 50 kg<\/li>\n<li>Gro\u00dfe Arbeitsfl\u00e4che<\/li>\n<li>2 gro\u00dfe F\u00e4cher ausPVC-beschichtetem Gewebe<\/li>\n<li>Hitzebest\u00e4ndig, kratzfest und wasserdicht<\/li>\n<li>Zusammenklappbar f\u00fcr Transport und Lagerung<\/li>\n<li>Material: Polyester: 100%<\/li>\n<\/ul>\n","protected":false},"featured_media":10000054890,"comment_status":"closed","ping_status":"closed","template":"","meta":[],"product_brand":[],"product_cat":[6859,6862,6837,6836],"product_tag":[],"class_list":{"0":"post-54890","1":"product","2":"type-product","3":"status-publish","4":"has-post-thumbnail","6":"product_cat-camping-wandern","7":"product_cat-camping-moebel","8":"product_cat-outdoor-aktivitaeten","9":"product_cat-sportartikel","11":"first","12":"instock","13":"taxable","14":"shipping-taxable","15":"purchasable","16":"product-type-simple","17":"add-to-wishlist-after_add_to_cart"},"jetpack_sharing_enabled":true,"_links":{"self":[{"href":"https:\/\/de-prime.com\/index.php\/wp-json\/wp\/v2\/product\/54890","targetHints":{"allow":["GET"]}}],"collection":[{"href":"https:\/\/de-prime.com\/index.php\/wp-json\/wp\/v2\/product"}],"about":[{"href":"https:\/\/de-prime.com\/index.php\/wp-json\/wp\/v2\/types\/product"}],"replies":[{"embeddable":true,"href":"https:\/\/de-prime.com\/index.php\/wp-json\/wp\/v2\/comments?post=54890"}],"wp:featuredmedia":[{"embeddable":true,"href":"https:\/\/de-prime.com\/index.php\/wp-json\/"}],"wp:attachment":[{"href":"https:\/\/de-prime.com\/index.php\/wp-json\/wp\/v2\/media?parent=54890"}],"wp:term":[{"taxonomy":"product_brand","embeddable":true,"href":"https:\/\/de-prime.com\/index.php\/wp-json\/wp\/v2\/product_brand?post=54890"},{"taxonomy":"product_cat","embeddable":true,"href":"https:\/\/de-prime.com\/index.php\/wp-json\/wp\/v2\/product_cat?post=54890"},{"taxonomy":"product_tag","embeddable":true,"href":"https:\/\/de-prime.com\/index.php\/wp-json\/wp\/v2\/product_tag?post=54890"}],"curies":[{"name":"wp","href":"https:\/\/api.w.org\/{rel}","templated":true}]}}