{"id":54889,"date":"2024-10-01T16:10:48","date_gmt":"2024-10-01T16:10:48","guid":{"rendered":"https:\/\/de-prime.com\/?p=54889"},"modified":"2024-10-01T16:37:28","modified_gmt":"2024-10-01T16:37:28","slug":"campingkueche-klappbar-mit-aluminium-windschutz","status":"publish","type":"product","link":"https:\/\/de-prime.com\/index.php\/product\/campingkueche-klappbar-mit-aluminium-windschutz\/","title":{"rendered":"Campingk\u00fcche Klappbar mit Aluminium-Windschutz"},"content":{"rendered":"<p>Diese klappbare Campingk\u00fcche verf\u00fcgt \u00fcber einen Herdbereich mit Windschutz, eine gro\u00dfe Arbeitsfl\u00e4che und einen Schrank mit 2 Einlegeb\u00f6den. Es ist perfekt f\u00fcr den Outdoor-Einsatz. Es hat eine gro\u00dfe Arbeitsplatte und einen gro\u00dfen Schrank, damit Sie alles, was Sie brauchen, in Reichweite haben k\u00f6nnen. Sie k\u00f6nnen Ihre Zutaten oder K\u00fcchenutensilien auch auf dem Regal unter dem Herdbereich abstellen. Au\u00dferdem verf\u00fcgt die Campingk\u00fcche \u00fcber eine Windschutzscheibe um den Herdbereich herum, der zur Reinigung abgenommen werden kann. Die Netzt\u00fcr mit Rei\u00dfverschluss des Schranks l\u00e4sst sich leicht auf- und abrollen. Die Campingk\u00fcche ist leicht. Dank des zusammenklappbaren Designs ist sie leicht zu transportieren und kann bei Nichtgebrauch schnell verstaut werden. Mit der im Lieferumfang enthalten Tragetasche ist es sehr einfach, die Outdoor-K\u00fcche zu einem Picknick oder Campingausflug mitzunehmen. Durch die stabile Konstruktion hat diese Campingk\u00fcche eine hohe Belastbarkeit von bis zu 30 bis 50 kg. Dank des Metallrahmens, der robusten MDF-Tischplatte und des qualitativ hochwertigen 600D Oxford-Gewebes, ist diese Campingausr\u00fcstung sehr stabil und langlebig. Die PVC-Beschichtung sorgt f\u00fcr eine lange Lebensdauer.<\/p>\n<ul>\n<li>Gr\u00f6\u00dfe (aufgeklappt): 146 x 46 x 70 cm (L x B x H)<\/li>\n<li>Gr\u00f6\u00dfe (zusammengeklappt): 79 x 49 x 13 cm (L x B x T)<\/li>\n<li>Material: Alu-Rahmen + MDF-Tischplatte<\/li>\n<li>Belastbarkeit: 30 &#8211; 50 kg<\/li>\n<li>Gro\u00dfe Arbeitsplatte<\/li>\n<li>Hitzebest\u00e4ndig, kratzfest und wasserdicht<\/li>\n<li>Schrank mit 2 Einlegeb\u00f6den (PVC-beschichtet)<\/li>\n<li>Abnehmbarer Windschutz<\/li>\n<li>Zusammenklappbar f\u00fcr einfachen Transport und problemlose Verstauung<\/li>\n<li>Mit Transporttasche<\/li>\n<li>Material: Polyester: 100%<\/li>\n<\/ul>\n","protected":false},"excerpt":{"rendered":"<ul>\n<li>Gr\u00f6\u00dfe (aufgeklappt): 146 x 46 x 70 cm (L x B x H)<\/li>\n<li>Gr\u00f6\u00dfe (zusammengeklappt): 79 x 49 x 13 cm (L x B x T)<\/li>\n<li>Material: Alu-Rahmen + MDF-Tischplatte<\/li>\n<li>Belastbarkeit: 30 &#8211; 50 kg<\/li>\n<li>Gro\u00dfe Arbeitsplatte<\/li>\n<li>Hitzebest\u00e4ndig, kratzfest und wasserdicht<\/li>\n<li>Schrank mit 2 Einlegeb\u00f6den (PVC-beschichtet)<\/li>\n<li>Abnehmbarer Windschutz<\/li>\n<li>Zusammenklappbar f\u00fcr einfachen Transport und problemlose Verstauung<\/li>\n<li>Mit Transporttasche<\/li>\n<li>Material: Polyester: 100%<\/li>\n<\/ul>\n","protected":false},"featured_media":10000054889,"comment_status":"closed","ping_status":"closed","template":"","meta":[],"product_brand":[],"product_cat":[6859,6862,6837,6836],"product_tag":[],"class_list":{"0":"post-54889","1":"product","2":"type-product","3":"status-publish","4":"has-post-thumbnail","6":"product_cat-camping-wandern","7":"product_cat-camping-moebel","8":"product_cat-outdoor-aktivitaeten","9":"product_cat-sportartikel","11":"first","12":"instock","13":"taxable","14":"shipping-taxable","15":"purchasable","16":"product-type-simple","17":"add-to-wishlist-after_add_to_cart"},"jetpack_sharing_enabled":true,"_links":{"self":[{"href":"https:\/\/de-prime.com\/index.php\/wp-json\/wp\/v2\/product\/54889","targetHints":{"allow":["GET"]}}],"collection":[{"href":"https:\/\/de-prime.com\/index.php\/wp-json\/wp\/v2\/product"}],"about":[{"href":"https:\/\/de-prime.com\/index.php\/wp-json\/wp\/v2\/types\/product"}],"replies":[{"embeddable":true,"href":"https:\/\/de-prime.com\/index.php\/wp-json\/wp\/v2\/comments?post=54889"}],"wp:featuredmedia":[{"embeddable":true,"href":"https:\/\/de-prime.com\/index.php\/wp-json\/"}],"wp:attachment":[{"href":"https:\/\/de-prime.com\/index.php\/wp-json\/wp\/v2\/media?parent=54889"}],"wp:term":[{"taxonomy":"product_brand","embeddable":true,"href":"https:\/\/de-prime.com\/index.php\/wp-json\/wp\/v2\/product_brand?post=54889"},{"taxonomy":"product_cat","embeddable":true,"href":"https:\/\/de-prime.com\/index.php\/wp-json\/wp\/v2\/product_cat?post=54889"},{"taxonomy":"product_tag","embeddable":true,"href":"https:\/\/de-prime.com\/index.php\/wp-json\/wp\/v2\/product_tag?post=54889"}],"curies":[{"name":"wp","href":"https:\/\/api.w.org\/{rel}","templated":true}]}}