{"id":54883,"date":"2024-10-01T16:10:47","date_gmt":"2024-10-01T16:10:47","guid":{"rendered":"https:\/\/de-prime.com\/?p=54883"},"modified":"2024-10-01T16:37:24","modified_gmt":"2024-10-01T16:37:24","slug":"campingstuehle-2-stk-klappbar-schwarz-oxford-gewebe-aluminium-2","status":"publish","type":"product","link":"https:\/\/de-prime.com\/index.php\/product\/campingstuehle-2-stk-klappbar-schwarz-oxford-gewebe-aluminium-2\/","title":{"rendered":"Campingst\u00fchle 2 Stk. Klappbar Schwarz Oxford-Gewebe Aluminium"},"content":{"rendered":"<p>Entspanne dich und genie\u00dfe die Sonnen im Freien auf diesem leichten Campingstuhl! Strapazierf\u00e4hig und langlebig: Oxford-Gewebe wird f\u00fcr seine au\u00dfergew\u00f6hnliche Strapazierf\u00e4higkeit, Wasserfestigkeit, Atmungsaktivit\u00e4t, Pflegeleichtigkeit und Knitterfestigkeit gesch\u00e4tzt, weshalb es das bevorzugte Material f\u00fcr die Herstellung von M\u00f6beln, Rucks\u00e4cken, Zelten, Outdoor-Ausr\u00fcstung und Bekleidung ist.Robustes Gestell: Das Gestell aus Aluminium verleiht dem Gartenstuhl Robustheit, Stabilit\u00e4t und Langlebigkeit.Klappdesign: Der Stuhl l\u00e4sst sich einfach und platzsparend auf eine superkleine Gr\u00f6\u00dfe zusammenklappen. Die mitgelieferte Tasche und das geringe Eigengewicht erleichtern die Lagerung und den Transport.Breite Anwendungen: Dieser kompakte Klappstuhl eignet sich perfekt zum Entspannen und Ausruhen auf Campingpl\u00e4tzen, am Strand oder im Garten.<\/p>\n<ul>\n<li>Farbe: Schwarz und Rot<\/li>\n<li>Material: Oxford-Gewebe, Aluminium<\/li>\n<li>Abmessungen: 57,5 x 76 x 99,5 cm (L x B x H)<\/li>\n<li>Maximale Tragf\u00e4higkeit: 150 kg<\/li>\n<li>Zusammenbau erforderlich: Ja<\/li>\n<\/ul>\n","protected":false},"excerpt":{"rendered":"<ul>\n<li>Farbe: Schwarz und Rot<\/li>\n<li>Material: Oxford-Gewebe, Aluminium<\/li>\n<li>Abmessungen: 57,5 x 76 x 99,5 cm (L x B x H)<\/li>\n<li>Maximale Tragf\u00e4higkeit: 150 kg<\/li>\n<li>Zusammenbau erforderlich: Ja<\/li>\n<\/ul>\n","protected":false},"featured_media":10000054883,"comment_status":"closed","ping_status":"closed","template":"","meta":[],"product_brand":[],"product_cat":[6859,6862,6837,6836],"product_tag":[],"class_list":{"0":"post-54883","1":"product","2":"type-product","3":"status-publish","4":"has-post-thumbnail","6":"product_cat-camping-wandern","7":"product_cat-camping-moebel","8":"product_cat-outdoor-aktivitaeten","9":"product_cat-sportartikel","11":"first","12":"instock","13":"taxable","14":"shipping-taxable","15":"purchasable","16":"product-type-simple","17":"add-to-wishlist-after_add_to_cart"},"jetpack_sharing_enabled":true,"_links":{"self":[{"href":"https:\/\/de-prime.com\/index.php\/wp-json\/wp\/v2\/product\/54883","targetHints":{"allow":["GET"]}}],"collection":[{"href":"https:\/\/de-prime.com\/index.php\/wp-json\/wp\/v2\/product"}],"about":[{"href":"https:\/\/de-prime.com\/index.php\/wp-json\/wp\/v2\/types\/product"}],"replies":[{"embeddable":true,"href":"https:\/\/de-prime.com\/index.php\/wp-json\/wp\/v2\/comments?post=54883"}],"wp:featuredmedia":[{"embeddable":true,"href":"https:\/\/de-prime.com\/index.php\/wp-json\/"}],"wp:attachment":[{"href":"https:\/\/de-prime.com\/index.php\/wp-json\/wp\/v2\/media?parent=54883"}],"wp:term":[{"taxonomy":"product_brand","embeddable":true,"href":"https:\/\/de-prime.com\/index.php\/wp-json\/wp\/v2\/product_brand?post=54883"},{"taxonomy":"product_cat","embeddable":true,"href":"https:\/\/de-prime.com\/index.php\/wp-json\/wp\/v2\/product_cat?post=54883"},{"taxonomy":"product_tag","embeddable":true,"href":"https:\/\/de-prime.com\/index.php\/wp-json\/wp\/v2\/product_tag?post=54883"}],"curies":[{"name":"wp","href":"https:\/\/api.w.org\/{rel}","templated":true}]}}