{"id":54880,"date":"2024-10-01T16:10:47","date_gmt":"2024-10-01T16:10:47","guid":{"rendered":"https:\/\/de-prime.com\/?p=54880"},"modified":"2024-10-01T16:37:13","modified_gmt":"2024-10-01T16:37:13","slug":"hs-collection-led-tischlampe-wiederaufladbar-weiss-13x30-cm","status":"publish","type":"product","link":"https:\/\/de-prime.com\/index.php\/product\/hs-collection-led-tischlampe-wiederaufladbar-weiss-13x30-cm\/","title":{"rendered":"H&#038;S Collection LED-Tischlampe Wiederaufladbar Wei\u00df 13&#215;30 cm"},"content":{"rendered":"<p>Mit 20 1 W LEDs vereint diese wiederaufladbare LED-Tischlampe von H&amp;S Collection effiziente Beleuchtung mit Tragbarkeit und ist so der perfekte Begleiter auf Camping-Abenteuer. Beleuchtung \u00fcber die ganze Nacht: Genie\u00dfe bis zu 8 Stunden Dauerbetrieb bei voller Aufladung, damit dein Campingplatz die ganze Nacht \u00fcber gut beleuchtet bleibt.Praktische Camping-Laterne: Diese Camping-Tischlampe wird \u00fcber USB aufgeladen und ist daher nicht nur umweltfreundlich, sondern l\u00e4sst sich auch \u00fcberall aufladen und einsetzen. Sie strahlt ein warmwei\u00dfes Licht mit einem Lichtstrom von 100 lm aus und schafft so das perfekte Ambiente auf dem Campingplatz.IP44-Schutzart: Die tragbare Lampe wurde mit Blick auf Langlebigkeit entwickelt und ist dank der IP44-Schutzart spritzwassergesch\u00fctzt und f\u00fcr den Einsatz im Au\u00dfenbereich geeignet. 2000 mAh Li-Ionen-Akku: Mit einem eingebauten 2000 mAh Li-Ionen 18650 Akku (nicht austauschbar) versehen, ist diese Outdoor-Leuchte auf eine lange Lebensdauer ausgelegt.<\/p>\n<ul>\n<li>Farbe: Wei\u00df<\/li>\n<li>Material: ABS und Kunststoff<\/li>\n<li>Gesamtabmessungen: 13 x 30 cm (Durchmesser x H)<\/li>\n<li>Abmessungen des Lampenschirms: 12,5 x 15 cm (Durchmesser x H)<\/li>\n<li>Gewicht: 362 g<\/li>\n<li>Tragbare LED-Touch-Tischlampe<\/li>\n<li>Mit 20 x 1 W LEDs<\/li>\n<li>\u00dcber USB wiederaufladbar<\/li>\n<li>Lichtstrom: 100 lm<\/li>\n<li>Lichtfarbe: Warmwei\u00df<\/li>\n<li>Helligkeitsstufen: 3<\/li>\n<li>Schutzart: IP44<\/li>\n<li>Betriebsdauer: ca. 8 h (bei voller Aufladung)<\/li>\n<li>Erforderliche Batterie: 1 x 2000 mAh 18650 Li-Ionen-Akku (im Lieferumfang enthalten, nicht austauschbar)<\/li>\n<li><strong>Lieferung umfasst<\/strong>:<\/li>\n<li>1 x Micro-USB-Ladekabel<\/li>\n<li>1 x Lampe<\/li>\n<\/ul>\n","protected":false},"excerpt":{"rendered":"<ul>\n<li>Farbe: Wei\u00df<\/li>\n<li>Material: ABS und Kunststoff<\/li>\n<li>Gesamtabmessungen: 13 x 30 cm (Durchmesser x H)<\/li>\n<li>Abmessungen des Lampenschirms: 12,5 x 15 cm (Durchmesser x H)<\/li>\n<li>Gewicht: 362 g<\/li>\n<li>Tragbare LED-Touch-Tischlampe<\/li>\n<li>Mit 20 x 1 W LEDs<\/li>\n<li>\u00dcber USB wiederaufladbar<\/li>\n<li>Lichtstrom: 100 lm<\/li>\n<li>Lichtfarbe: Warmwei\u00df<\/li>\n<li>Helligkeitsstufen: 3<\/li>\n<li>Schutzart: IP44<\/li>\n<li>Betriebsdauer: ca. 8 h (bei voller Aufladung)<\/li>\n<li>Erforderliche Batterie: 1 x 2000 mAh 18650 Li-Ionen-Akku (im Lieferumfang enthalten, nicht austauschbar)<\/li>\n<li><strong>Lieferung umfasst<\/strong>:<\/li>\n<li>1 x Micro-USB-Ladekabel<\/li>\n<li>1 x Lampe<\/li>\n<\/ul>\n","protected":false},"featured_media":10000054880,"comment_status":"closed","ping_status":"closed","template":"","meta":[],"product_brand":[],"product_cat":[6859,6861,6837,6836],"product_tag":[],"class_list":{"0":"post-54880","1":"product","2":"type-product","3":"status-publish","4":"has-post-thumbnail","6":"product_cat-camping-wandern","7":"product_cat-camping-lichter-laternen","8":"product_cat-outdoor-aktivitaeten","9":"product_cat-sportartikel","11":"first","12":"instock","13":"taxable","14":"shipping-taxable","15":"purchasable","16":"product-type-simple","17":"add-to-wishlist-after_add_to_cart"},"jetpack_sharing_enabled":true,"_links":{"self":[{"href":"https:\/\/de-prime.com\/index.php\/wp-json\/wp\/v2\/product\/54880","targetHints":{"allow":["GET"]}}],"collection":[{"href":"https:\/\/de-prime.com\/index.php\/wp-json\/wp\/v2\/product"}],"about":[{"href":"https:\/\/de-prime.com\/index.php\/wp-json\/wp\/v2\/types\/product"}],"replies":[{"embeddable":true,"href":"https:\/\/de-prime.com\/index.php\/wp-json\/wp\/v2\/comments?post=54880"}],"wp:featuredmedia":[{"embeddable":true,"href":"https:\/\/de-prime.com\/index.php\/wp-json\/"}],"wp:attachment":[{"href":"https:\/\/de-prime.com\/index.php\/wp-json\/wp\/v2\/media?parent=54880"}],"wp:term":[{"taxonomy":"product_brand","embeddable":true,"href":"https:\/\/de-prime.com\/index.php\/wp-json\/wp\/v2\/product_brand?post=54880"},{"taxonomy":"product_cat","embeddable":true,"href":"https:\/\/de-prime.com\/index.php\/wp-json\/wp\/v2\/product_cat?post=54880"},{"taxonomy":"product_tag","embeddable":true,"href":"https:\/\/de-prime.com\/index.php\/wp-json\/wp\/v2\/product_tag?post=54880"}],"curies":[{"name":"wp","href":"https:\/\/api.w.org\/{rel}","templated":true}]}}