{"id":54876,"date":"2024-10-01T16:10:46","date_gmt":"2024-10-01T16:10:46","guid":{"rendered":"https:\/\/de-prime.com\/?p=54876"},"modified":"2024-10-01T16:44:43","modified_gmt":"2024-10-01T16:44:43","slug":"esschert-design-schmortopf-65-l-schwarz-ff235","status":"publish","type":"product","link":"https:\/\/de-prime.com\/index.php\/product\/esschert-design-schmortopf-65-l-schwarz-ff235\/","title":{"rendered":"Esschert Design Schmortopf 6,5 L Schwarz FF235"},"content":{"rendered":"<p>Dieser aus Gusseisen, Metall und Eschenholz gefertigte Schmortopf von Esschert Design ist sehr robust und deshalb der perfekte Kessel f\u00fcr einen k\u00f6stlichen Eintopf am Lagerfeuer. H\u00e4ngen Sie den Topf \u00fcber einem Lagerfeuer und genie\u00dfen Sie eine schmackhafte Mahlzeit mit der Familie und Freunden im Freien! Dieser gro\u00dfe Schmortopf hat eine Kapazit\u00e4t von 6,5 L, genug f\u00fcr ein Treffen mit der Familie und Freunden.<\/p>\n<ul>\n<li>Farbe: schwarz<\/li>\n<li>Material: Gusseisen, Metall, Eschenholz<\/li>\n<li>Abmessungen: 36,8 x 33,9 x 21,6 cm (L x B x H)<\/li>\n<li>Volumen: 6,5 L<\/li>\n<li>Mit 3 F\u00fc\u00dfen<\/li>\n<\/ul>\n","protected":false},"excerpt":{"rendered":"<ul>\n<li>Farbe: schwarz<\/li>\n<li>Material: Gusseisen, Metall, Eschenholz<\/li>\n<li>Abmessungen: 36,8 x 33,9 x 21,6 cm (L x B x H)<\/li>\n<li>Volumen: 6,5 L<\/li>\n<li>Mit 3 F\u00fc\u00dfen<\/li>\n<\/ul>\n","protected":false},"featured_media":10000054876,"comment_status":"closed","ping_status":"closed","template":"","meta":[],"product_brand":[],"product_cat":[6859,6860,6837,6836],"product_tag":[],"class_list":{"0":"post-54876","1":"product","2":"type-product","3":"status-publish","4":"has-post-thumbnail","6":"product_cat-camping-wandern","7":"product_cat-camping-kochgeschirr-essgeschirr","8":"product_cat-outdoor-aktivitaeten","9":"product_cat-sportartikel","11":"first","12":"instock","13":"taxable","14":"shipping-taxable","15":"purchasable","16":"product-type-simple","17":"add-to-wishlist-after_add_to_cart"},"jetpack_sharing_enabled":true,"_links":{"self":[{"href":"https:\/\/de-prime.com\/index.php\/wp-json\/wp\/v2\/product\/54876","targetHints":{"allow":["GET"]}}],"collection":[{"href":"https:\/\/de-prime.com\/index.php\/wp-json\/wp\/v2\/product"}],"about":[{"href":"https:\/\/de-prime.com\/index.php\/wp-json\/wp\/v2\/types\/product"}],"replies":[{"embeddable":true,"href":"https:\/\/de-prime.com\/index.php\/wp-json\/wp\/v2\/comments?post=54876"}],"wp:featuredmedia":[{"embeddable":true,"href":"https:\/\/de-prime.com\/index.php\/wp-json\/"}],"wp:attachment":[{"href":"https:\/\/de-prime.com\/index.php\/wp-json\/wp\/v2\/media?parent=54876"}],"wp:term":[{"taxonomy":"product_brand","embeddable":true,"href":"https:\/\/de-prime.com\/index.php\/wp-json\/wp\/v2\/product_brand?post=54876"},{"taxonomy":"product_cat","embeddable":true,"href":"https:\/\/de-prime.com\/index.php\/wp-json\/wp\/v2\/product_cat?post=54876"},{"taxonomy":"product_tag","embeddable":true,"href":"https:\/\/de-prime.com\/index.php\/wp-json\/wp\/v2\/product_tag?post=54876"}],"curies":[{"name":"wp","href":"https:\/\/api.w.org\/{rel}","templated":true}]}}