{"id":54871,"date":"2024-10-01T16:10:46","date_gmt":"2024-10-01T16:10:46","guid":{"rendered":"https:\/\/de-prime.com\/?p=54871"},"modified":"2024-10-01T16:37:33","modified_gmt":"2024-10-01T16:37:33","slug":"tragbarer-camping-handwaschbecken-mit-zelt-20-l-2","status":"publish","type":"product","link":"https:\/\/de-prime.com\/index.php\/product\/tragbarer-camping-handwaschbecken-mit-zelt-20-l-2\/","title":{"rendered":"Tragbarer Camping-Handwaschbecken mit Zelt 20 L"},"content":{"rendered":"<p>Mit seinem leichten und kompakten Design ist dieses mobile Handwaschbecken mit Zelt perfekt f\u00fcr Camping, Wohnmobilausfl\u00fcge, Baustellen, Food-Event, etc. Das mobile Waschbecken f\u00fcr Camping wird mit einem Umkleidezelt geliefert, das dir einen gesch\u00fctzten Unterstand im Freien bietet. Die Glasfaserstangen sorgen f\u00fcr Stabilit\u00e4t und das Dach bietet zus\u00e4tzliche Privatsph\u00e4re beim Waschen oder Anziehen in der Natur. Das tragbare Waschbecken ist mit einem 3-Liter-Seifenspender, einem Handtuchhalter und einem 17-Liter-Frischwassertank ausgestattet. Au\u00dferdem l\u00e4sst er sich freih\u00e4ndig bedienen, indem man auf die Fu\u00dfpumpe tritt. Das Camping-Waschbecken verf\u00fcgt \u00fcber zwei eingebaute R\u00e4der f\u00fcr eine einfache Mobilit\u00e4t. Mache dein Camping noch bequemer und angenehmer mit diesem tragbaren Handwaschbecken mit Zelt! Hinweis:Das Zelt ist f\u00fcr den seltenen und kurzfristigen Gebrauch bestimmt (Leistungsstufe 1). Obwohl regenfest, sollten diese Zelte haupts\u00e4chlich bei sch\u00f6nem Wetter verwendet werden.<\/p>\n<ul>\n<li><strong>Handwaschst\u00e4nder:<\/strong><\/li>\n<li>Farbe: Grau<\/li>\n<li>Material: HDPE (Polyethylen-Polypropylen hoher Dichte)<\/li>\n<li>Gesamtma\u00dfe: 50,5 x 33 x 103 cm (L x B x H)<\/li>\n<li>Fassungsverm\u00f6gen des Frischwassertanks: 17 L<\/li>\n<li>Fassungsverm\u00f6gen des Seifenspenders: 3 L<\/li>\n<li>Mit einem Handtuchhalter<\/li>\n<li>Mit einem Seifenhalter<\/li>\n<li>Mit Fu\u00dfpumpe<\/li>\n<li>Mit einem Frischwassertank<\/li>\n<li>Eingebaute Rollen<\/li>\n<li><strong>Zelt:<\/strong><\/li>\n<li>Farbe: Gr\u00fcn<\/li>\n<li>Material: PA, Fiberglas<\/li>\n<li>Abmessungen: 130 x 130 x 210 cm (B x T x H)<\/li>\n<li>\u00dcberdacht f\u00fcr zus\u00e4tzliche Privatsph\u00e4re<\/li>\n<li>Mit 2 Taschen<\/li>\n<li>Gro\u00dfe T\u00fcr mit Rei\u00dfverschluss f\u00fcr leichten Zugang<\/li>\n<li>Bodenloses Design f\u00fcr Sauberkeit<\/li>\n<li>Inklusive Tragetasche f\u00fcr einfache Lagerung und Transport<\/li>\n<li><strong>Lieferung enth\u00e4lt:<\/strong><\/li>\n<li>1 x Handwaschst\u00e4nder<\/li>\n<li>1 x Zelt<\/li>\n<\/ul>\n","protected":false},"excerpt":{"rendered":"<ul>\n<li><strong>Handwaschst\u00e4nder:<\/strong><\/li>\n<li>Farbe: Grau<\/li>\n<li>Material: HDPE (Polyethylen-Polypropylen hoher Dichte)<\/li>\n<li>Gesamtma\u00dfe: 50,5 x 33 x 103 cm (L x B x H)<\/li>\n<li>Fassungsverm\u00f6gen des Frischwassertanks: 17 L<\/li>\n<li>Fassungsverm\u00f6gen des Seifenspenders: 3 L<\/li>\n<li>Mit einem Handtuchhalter<\/li>\n<li>Mit einem Seifenhalter<\/li>\n<li>Mit Fu\u00dfpumpe<\/li>\n<li>Mit einem Frischwassertank<\/li>\n<li>Eingebaute Rollen<\/li>\n<li><strong>Zelt:<\/strong><\/li>\n<li>Farbe: Gr\u00fcn<\/li>\n<li>Material: PA, Fiberglas<\/li>\n<li>Abmessungen: 130 x 130 x 210 cm (B x T x H)<\/li>\n<li>\u00dcberdacht f\u00fcr zus\u00e4tzliche Privatsph\u00e4re<\/li>\n<li>Mit 2 Taschen<\/li>\n<li>Gro\u00dfe T\u00fcr mit Rei\u00dfverschluss f\u00fcr leichten Zugang<\/li>\n<li>Bodenloses Design f\u00fcr Sauberkeit<\/li>\n<li>Inklusive Tragetasche f\u00fcr einfache Lagerung und Transport<\/li>\n<li><strong>Lieferung enth\u00e4lt:<\/strong><\/li>\n<li>1 x Handwaschst\u00e4nder<\/li>\n<li>1 x Zelt<\/li>\n<\/ul>\n","protected":false},"featured_media":10000054871,"comment_status":"closed","ping_status":"closed","template":"","meta":[],"product_brand":[],"product_cat":[6859,6837,6836],"product_tag":[],"class_list":{"0":"post-54871","1":"product","2":"type-product","3":"status-publish","4":"has-post-thumbnail","6":"product_cat-camping-wandern","7":"product_cat-outdoor-aktivitaeten","8":"product_cat-sportartikel","10":"first","11":"instock","12":"taxable","13":"shipping-taxable","14":"purchasable","15":"product-type-simple","16":"add-to-wishlist-after_add_to_cart"},"jetpack_sharing_enabled":true,"_links":{"self":[{"href":"https:\/\/de-prime.com\/index.php\/wp-json\/wp\/v2\/product\/54871","targetHints":{"allow":["GET"]}}],"collection":[{"href":"https:\/\/de-prime.com\/index.php\/wp-json\/wp\/v2\/product"}],"about":[{"href":"https:\/\/de-prime.com\/index.php\/wp-json\/wp\/v2\/types\/product"}],"replies":[{"embeddable":true,"href":"https:\/\/de-prime.com\/index.php\/wp-json\/wp\/v2\/comments?post=54871"}],"wp:featuredmedia":[{"embeddable":true,"href":"https:\/\/de-prime.com\/index.php\/wp-json\/"}],"wp:attachment":[{"href":"https:\/\/de-prime.com\/index.php\/wp-json\/wp\/v2\/media?parent=54871"}],"wp:term":[{"taxonomy":"product_brand","embeddable":true,"href":"https:\/\/de-prime.com\/index.php\/wp-json\/wp\/v2\/product_brand?post=54871"},{"taxonomy":"product_cat","embeddable":true,"href":"https:\/\/de-prime.com\/index.php\/wp-json\/wp\/v2\/product_cat?post=54871"},{"taxonomy":"product_tag","embeddable":true,"href":"https:\/\/de-prime.com\/index.php\/wp-json\/wp\/v2\/product_tag?post=54871"}],"curies":[{"name":"wp","href":"https:\/\/api.w.org\/{rel}","templated":true}]}}