{"id":54867,"date":"2024-10-01T16:10:46","date_gmt":"2024-10-01T16:10:46","guid":{"rendered":"https:\/\/de-prime.com\/?p=54867"},"modified":"2024-10-01T16:37:31","modified_gmt":"2024-10-01T16:37:31","slug":"camping-wassertank-mit-rollen-40-l-grau","status":"publish","type":"product","link":"https:\/\/de-prime.com\/index.php\/product\/camping-wassertank-mit-rollen-40-l-grau\/","title":{"rendered":"Camping-Wassertank mit Rollen 40 L Grau"},"content":{"rendered":"<p>Bef\u00fcrchten Sie immer noch, dass Ihr Wasserbeh\u00e4lter nicht gro\u00df genug f\u00fcr die Reise ist? Unser tragbarer 40-Liter-Wassertank mit Rollen ist hier, um Ihr Problem zu l\u00f6sen! Der Wassertank kann im Notfall an Toiletten, Waschbecken bzw. Wohnwagen oder Wohnmobile angeschlossen werden. Er ist mit einem oberen Griff und Rollen ausgestattet, die den Transport erheblich erleichtern. Der Tank verf\u00fcgt \u00fcber spezielle L\u00f6cher an der Oberseite, die das Anbringen eines verl\u00e4ngerten Griffes erm\u00f6glichen (nicht im Lieferumfang enthalten), um Personen unterschiedlicher K\u00f6rpergr\u00f6\u00dfe gelegen zu kommen. Mit mehreren Wasserausl\u00e4ssen ausgestattet, l\u00e4sst sich dieser tragbare Wassertank schnell f\u00fcllen und entleeren, damit Sie keine Zeit mit dem Warten verschwenden. Die breite rote Kappe dient der einfachen Reinigung. Dar\u00fcber hinaus befinden sich auf der R\u00fcckseite des Tanks F\u00e4cher, in denen das gegebene Rohr und der Wasserhahn aufbewahrt werden k\u00f6nnen. Der Wassertank besteht aus hochfestem HDPE-PP-Material und ist somit sto\u00dffest und langlebig.<\/p>\n<ul>\n<li>Farbe: Grau<\/li>\n<li>Material: HDPE PP (hochdichtes Polyethylenpolypropylen)<\/li>\n<li>Gesamtma\u00dfe: 37,5 x 23 x 80 cm (L x B x H)<\/li>\n<li>Fassungsverm\u00f6gen: 40 L<\/li>\n<li>Rollendurchmesser: 17 cm<\/li>\n<li>L\u00e4nge des Verl\u00e4ngerungsrohrs: 31 &#8211; 80 cm<\/li>\n<li>Lebensmittelqualit\u00e4t<\/li>\n<li>Mit einem oberen Griff<\/li>\n<li>Mit eingebauten F\u00e4chern auf der R\u00fcckseite<\/li>\n<li>Mit speziellen L\u00f6chern f\u00fcr verl\u00e4ngerten Griff<\/li>\n<li>Ausgestattet mit Rollen<\/li>\n<li>Ein Verl\u00e4ngerungsrohr und ein Wasserhahn sind im Lieferumfang enthalten<\/li>\n<\/ul>\n","protected":false},"excerpt":{"rendered":"<ul>\n<li>Farbe: Grau<\/li>\n<li>Material: HDPE PP (hochdichtes Polyethylenpolypropylen)<\/li>\n<li>Gesamtma\u00dfe: 37,5 x 23 x 80 cm (L x B x H)<\/li>\n<li>Fassungsverm\u00f6gen: 40 L<\/li>\n<li>Rollendurchmesser: 17 cm<\/li>\n<li>L\u00e4nge des Verl\u00e4ngerungsrohrs: 31 &#8211; 80 cm<\/li>\n<li>Lebensmittelqualit\u00e4t<\/li>\n<li>Mit einem oberen Griff<\/li>\n<li>Mit eingebauten F\u00e4chern auf der R\u00fcckseite<\/li>\n<li>Mit speziellen L\u00f6chern f\u00fcr verl\u00e4ngerten Griff<\/li>\n<li>Ausgestattet mit Rollen<\/li>\n<li>Ein Verl\u00e4ngerungsrohr und ein Wasserhahn sind im Lieferumfang enthalten<\/li>\n<\/ul>\n","protected":false},"featured_media":10000054867,"comment_status":"closed","ping_status":"closed","template":"","meta":[],"product_brand":[],"product_cat":[6859,6837,6836],"product_tag":[],"class_list":{"0":"post-54867","1":"product","2":"type-product","3":"status-publish","4":"has-post-thumbnail","6":"product_cat-camping-wandern","7":"product_cat-outdoor-aktivitaeten","8":"product_cat-sportartikel","10":"first","11":"instock","12":"taxable","13":"shipping-taxable","14":"purchasable","15":"product-type-simple","16":"add-to-wishlist-after_add_to_cart"},"jetpack_sharing_enabled":true,"_links":{"self":[{"href":"https:\/\/de-prime.com\/index.php\/wp-json\/wp\/v2\/product\/54867","targetHints":{"allow":["GET"]}}],"collection":[{"href":"https:\/\/de-prime.com\/index.php\/wp-json\/wp\/v2\/product"}],"about":[{"href":"https:\/\/de-prime.com\/index.php\/wp-json\/wp\/v2\/types\/product"}],"replies":[{"embeddable":true,"href":"https:\/\/de-prime.com\/index.php\/wp-json\/wp\/v2\/comments?post=54867"}],"wp:featuredmedia":[{"embeddable":true,"href":"https:\/\/de-prime.com\/index.php\/wp-json\/"}],"wp:attachment":[{"href":"https:\/\/de-prime.com\/index.php\/wp-json\/wp\/v2\/media?parent=54867"}],"wp:term":[{"taxonomy":"product_brand","embeddable":true,"href":"https:\/\/de-prime.com\/index.php\/wp-json\/wp\/v2\/product_brand?post=54867"},{"taxonomy":"product_cat","embeddable":true,"href":"https:\/\/de-prime.com\/index.php\/wp-json\/wp\/v2\/product_cat?post=54867"},{"taxonomy":"product_tag","embeddable":true,"href":"https:\/\/de-prime.com\/index.php\/wp-json\/wp\/v2\/product_tag?post=54867"}],"curies":[{"name":"wp","href":"https:\/\/api.w.org\/{rel}","templated":true}]}}